{"id":11233,"date":"2025-07-31T14:52:21","date_gmt":"2025-07-31T12:52:21","guid":{"rendered":"https:\/\/damicoline.com\/product\/dado-flangiato-perno-giunto-semiasse-piaggio-quargo\/"},"modified":"2025-07-31T15:10:01","modified_gmt":"2025-07-31T13:10:01","slug":"ecrou-a-bride-pour-axe-de-joint-de-demi-arbre-piaggio-quargo","status":"publish","type":"product","link":"https:\/\/damicoline.com\/fr\/produit\/ecrou-a-bride-pour-axe-de-joint-de-demi-arbre-piaggio-quargo\/","title":{"rendered":"\u00c9crou \u00e0 bride pour axe de joint de demi-arbre Piaggio Quargo"},"content":{"rendered":"<p><strong>\u00c9crou \u00e0 bride pour axe de joint de demi-arbre pour Piaggio Quargo<\/strong><\/p>\n<p>\u00c9crou \u00e0 bride sp\u00e9cifique pour l&#8217;<strong>axe de joint de demi-arbre<\/strong> sur <strong>Piaggio Quargo<\/strong>. Pi\u00e8ce de rechange technique essentielle pour un serrage s\u00e9curis\u00e9 du joint de demi-arbre \u00e0 la bride, garantissant stabilit\u00e9, s\u00e9curit\u00e9 et longue dur\u00e9e de vie. R\u00e9alis\u00e9 avec des mat\u00e9riaux \u00e0 haute r\u00e9sistance.<\/p>\n<div class=\"text-sm text-gray-800 font-medium mb-2\"><div class=\"text-sm text-gray-800 font-medium mb-2\"><strong>Codes de r\u00e9f\u00e9rence:<\/strong> 261319<\/div><\/div>\n<div class=\"oem-box mb-4\">\t\t\t\t<div class=\"oem-box mb-4\">\n\t\t\t\t\t<p class=\"text-sm text-gray-800 font-medium mb-2\">Type: <strong>Aftermarket<\/strong><\/p>\n\t\t\t\t\t<p class=\"text-sm text-gray-700 mb-1\">Composant adaptable de qualit\u00e9 professionnelle, compatible avec les v\u00e9hicules indiqu\u00e9s sur cette page.<\/p>\n\t\t\t\t\t<p class=\"text-xs text-gray-500 mt-2\">*Non fabriqu\u00e9 ni marqu\u00e9 par Piaggio. Marques d\u00e9tenues par leurs propri\u00e9taires.<\/p>\n\t\t\t\t<\/div>\n\t\t\t<\/div>\n<section class=\"compatibility-block mb-4\"><section class=\"compatibility-block mb-4\"><div class=\"product-extra-details hide-below-992\"><table class=\"woocommerce-product-attributes\"><tbody><tr><th colspan=\"2\"><span class=\"text-sm font-medium mb-2\">Compatible avec :<\/span><\/th><\/tr><tr><th>Mod\u00e8le du v\u00e9hicule \u2013 Pr\u00e9fixe du ch\u00e2ssis:<\/th><td><a href=\"https:\/\/damicoline.com\/fr\/boutique\/?vx_brand=PIAGGIO&#038;vx_model=QUARGO%20702%20Diesel%20(2004-2006)&#038;vx_engine=LDW702\/P&#038;vx_years=2004-2006\">\ud83d\ude9a PIAGGIO QUARGO 702 Diesel (2004-2006) LDW702\/P (2004-2006) - ZAPP10000<\/a><\/td><\/tr><tr><th>Mod\u00e8le du v\u00e9hicule \u2013 Pr\u00e9fixe du ch\u00e2ssis:<\/th><td><a href=\"https:\/\/damicoline.com\/fr\/boutique\/?vx_brand=PIAGGIO&#038;vx_model=QUARGO%20702%20Diesel%20(2007-2017)&#038;vx_engine=LDW702\/P&#038;vx_years=2007-2017\">\ud83d\ude9a PIAGGIO QUARGO 702 Diesel (2007-2017) LDW702\/P (2007-2017) - ZAP4P10000<\/a><\/td><\/tr><\/tbody><\/table><\/div><\/section><\/section>\n","protected":false},"excerpt":{"rendered":"<p>\u00c9crou \u00e0 bride pour axe de joint de demi-arbre pour Piaggio Quargo \u00c9crou \u00e0 bride sp\u00e9cifique pour l&#8217;axe de joint de demi-arbre sur Piaggio Quargo. Pi\u00e8ce de rechange technique essentielle pour un serrage s\u00e9curis\u00e9 du joint de demi-arbre \u00e0 la bride, garantissant stabilit\u00e9, s\u00e9curit\u00e9 et longue dur\u00e9e de vie. R\u00e9alis\u00e9 avec des mat\u00e9riaux \u00e0 haute<\/p>\n<div class=\"klb-readmore button\"><a class=\"btn link\" href=\"https:\/\/damicoline.com\/fr\/produit\/ecrou-a-bride-pour-axe-de-joint-de-demi-arbre-piaggio-quargo\/\">Read More <i class=\"klbth-icon-right-arrow\"><\/i><\/a><\/div>\n","protected":false},"featured_media":11210,"template":"","meta":{"_sitemap_exclude":false,"_sitemap_priority":"","_sitemap_frequency":""},"product_brand":[2670],"product_cat":[1429,1424],"product_tag":[2161],"class_list":{"0":"post-11233","1":"product","2":"type-product","3":"status-publish","4":"has-post-thumbnail","6":"product_brand-aftermarket","7":"product_cat-arbre-de-transmission","8":"product_cat-transmission-arriere","9":"product_tag-2161","11":"first","12":"instock","13":"sale","14":"taxable","15":"shipping-taxable","16":"purchasable","17":"product-type-simple"},"_links":{"self":[{"href":"https:\/\/damicoline.com\/fr\/wp-json\/wp\/v2\/product\/11233","targetHints":{"allow":["GET"]}}],"collection":[{"href":"https:\/\/damicoline.com\/fr\/wp-json\/wp\/v2\/product"}],"about":[{"href":"https:\/\/damicoline.com\/fr\/wp-json\/wp\/v2\/types\/product"}],"wp:featuredmedia":[{"embeddable":true,"href":"https:\/\/damicoline.com\/fr\/wp-json\/wp\/v2\/media\/11210"}],"wp:attachment":[{"href":"https:\/\/damicoline.com\/fr\/wp-json\/wp\/v2\/media?parent=11233"}],"wp:term":[{"taxonomy":"product_brand","embeddable":true,"href":"https:\/\/damicoline.com\/fr\/wp-json\/wp\/v2\/product_brand?post=11233"},{"taxonomy":"product_cat","embeddable":true,"href":"https:\/\/damicoline.com\/fr\/wp-json\/wp\/v2\/product_cat?post=11233"},{"taxonomy":"product_tag","embeddable":true,"href":"https:\/\/damicoline.com\/fr\/wp-json\/wp\/v2\/product_tag?post=11233"}],"curies":[{"name":"wp","href":"https:\/\/api.w.org\/{rel}","templated":true}]}}