{"id":11650,"date":"2025-08-27T09:56:26","date_gmt":"2025-08-27T07:56:26","guid":{"rendered":"https:\/\/damicoline.com\/product\/cavo-freno-piaggio-ape-calessino-2007-2012\/"},"modified":"2025-08-27T10:19:04","modified_gmt":"2025-08-27T08:19:04","slug":"cable-de-frein-pour-piaggio-ape-calessino-2007-2012-renforce","status":"publish","type":"product","link":"https:\/\/damicoline.com\/fr\/produit\/cable-de-frein-pour-piaggio-ape-calessino-2007-2012-renforce\/","title":{"rendered":"C\u00e2ble de frein pour Piaggio Ape Calessino 2007\u20132012 renforc\u00e9"},"content":{"rendered":"<p><strong>C\u00e2ble de frein pour Piaggio Ape Calessino 2007\u20132012<\/strong><\/p>\n<p>C\u00e2ble de frein compatible avec <strong>Piaggio Ape Calessino (2007\u20132012)<\/strong>.<br \/>\nAssure une action de commande pr\u00e9cise et r\u00e9guli\u00e8re, am\u00e9liore la r\u00e9ponse au levier et maintient des freinages constants dans le temps.<br \/>\nPi\u00e8ce de rechange de qualit\u00e9, r\u00e9sistante \u00e0 l&#8217;usure et fiable.<\/p>\n<div class=\"text-sm text-gray-800 font-medium mb-2\"><div class=\"text-sm text-gray-800 font-medium mb-2\"><strong>Codes de r\u00e9f\u00e9rence:<\/strong> 567719<\/div><\/div>\n<div class=\"oem-box mb-4\">\t\t\t\t<div class=\"oem-box mb-4\">\n\t\t\t\t\t<p class=\"text-sm text-gray-800 font-medium mb-2\">Type: <strong>Aftermarket<\/strong><\/p>\n\t\t\t\t\t<p class=\"text-sm text-gray-700 mb-1\">Composant adaptable de qualit\u00e9 professionnelle, compatible avec les v\u00e9hicules indiqu\u00e9s sur cette page.<\/p>\n\t\t\t\t\t<p class=\"text-xs text-gray-500 mt-2\">*Non fabriqu\u00e9 ni marqu\u00e9 par Piaggio. Marques d\u00e9tenues par leurs propri\u00e9taires.<\/p>\n\t\t\t\t<\/div>\n\t\t\t<\/div>\n<section class=\"compatibility-block mb-4\"><section class=\"compatibility-block mb-4\"><div class=\"product-extra-details hide-below-992\"><table class=\"woocommerce-product-attributes\"><tbody><tr><th colspan=\"2\"><span class=\"text-sm font-medium mb-2\">Compatible avec :<\/span><\/th><\/tr><tr><th>Mod\u00e8le du v\u00e9hicule \u2013 Pr\u00e9fixe du ch\u00e2ssis:<\/th><td><a href=\"https:\/\/damicoline.com\/fr\/boutique\/?vx_brand=PIAGGIO&#038;vx_model=APE%20CALESSINO%20422%20E2%20(2007-2012)&#038;vx_engine=LDW422&#038;vx_years=2007-2012\">\ud83d\ude9a PIAGGIO APE CALESSINO 422 E2 (2007-2012) LDW422 (2007-2012) - ZAPT2D4MC, ZAPT3E9AC<\/a><\/td><\/tr><\/tbody><\/table><\/div><\/section><\/section>\n","protected":false},"excerpt":{"rendered":"<p>C\u00e2ble de frein pour Piaggio Ape Calessino 2007\u20132012 C\u00e2ble de frein compatible avec Piaggio Ape Calessino (2007\u20132012). Assure une action de commande pr\u00e9cise et r\u00e9guli\u00e8re, am\u00e9liore la r\u00e9ponse au levier et maintient des freinages constants dans le temps. Pi\u00e8ce de rechange de qualit\u00e9, r\u00e9sistante \u00e0 l&#8217;usure et fiable.<\/p>\n","protected":false},"featured_media":11639,"template":"","meta":{"_sitemap_exclude":false,"_sitemap_priority":"","_sitemap_frequency":""},"product_brand":[2670],"product_cat":[537,407],"product_tag":[2285],"class_list":{"0":"post-11650","1":"product","2":"type-product","3":"status-publish","4":"has-post-thumbnail","6":"product_brand-aftermarket","7":"product_cat-cables-de-frein","8":"product_cat-systeme-de-freinage","9":"product_tag-2285","11":"first","12":"instock","13":"sale","14":"taxable","15":"shipping-taxable","16":"purchasable","17":"product-type-simple"},"_links":{"self":[{"href":"https:\/\/damicoline.com\/fr\/wp-json\/wp\/v2\/product\/11650","targetHints":{"allow":["GET"]}}],"collection":[{"href":"https:\/\/damicoline.com\/fr\/wp-json\/wp\/v2\/product"}],"about":[{"href":"https:\/\/damicoline.com\/fr\/wp-json\/wp\/v2\/types\/product"}],"wp:featuredmedia":[{"embeddable":true,"href":"https:\/\/damicoline.com\/fr\/wp-json\/wp\/v2\/media\/11639"}],"wp:attachment":[{"href":"https:\/\/damicoline.com\/fr\/wp-json\/wp\/v2\/media?parent=11650"}],"wp:term":[{"taxonomy":"product_brand","embeddable":true,"href":"https:\/\/damicoline.com\/fr\/wp-json\/wp\/v2\/product_brand?post=11650"},{"taxonomy":"product_cat","embeddable":true,"href":"https:\/\/damicoline.com\/fr\/wp-json\/wp\/v2\/product_cat?post=11650"},{"taxonomy":"product_tag","embeddable":true,"href":"https:\/\/damicoline.com\/fr\/wp-json\/wp\/v2\/product_tag?post=11650"}],"curies":[{"name":"wp","href":"https:\/\/api.w.org\/{rel}","templated":true}]}}