{"id":11895,"date":"2025-08-28T11:51:40","date_gmt":"2025-08-28T09:51:40","guid":{"rendered":"https:\/\/damicoline.com\/product\/cinghia-alternatore-piaggio-porter-1300-16v-48kw\/"},"modified":"2025-08-28T17:11:39","modified_gmt":"2025-08-28T15:11:39","slug":"courroie-dalternateur-pour-piaggio-porter-1-3-16v-48-kw-robuste","status":"publish","type":"product","link":"https:\/\/damicoline.com\/fr\/produit\/courroie-dalternateur-pour-piaggio-porter-1-3-16v-48-kw-robuste\/","title":{"rendered":"Courroie d&#8217;alternateur pour Piaggio Porter 1.3 16V 48 kW robuste"},"content":{"rendered":"<p><strong>Courroie d&#8217;alternateur pour Piaggio Porter 1.3 16V 48 kW<\/strong><\/p>\n<p>Courroie pour <strong>alternateur<\/strong> compatible avec <strong>Piaggio Porter 1.3 16V 48 kW<\/strong>. Assure une transmission du mouvement r\u00e9guli\u00e8re et une recharge constante du syst\u00e8me \u00e9lectrique, r\u00e9duisant le bruit et les glissements. Pi\u00e8ce de rechange de qualit\u00e9, r\u00e9sistante et fiable dans le temps.<\/p>\n<div class=\"text-sm text-gray-800 font-medium mb-2\"><div class=\"text-sm text-gray-800 font-medium mb-2\"><strong>Codes de r\u00e9f\u00e9rence:<\/strong>&#32;&#57;&#48;&#48;&#52;&#56;&#51;&#50;&#48;&#56;&#57;&#48;&#48;0<\/div><\/div>\n<div class=\"oem-box mb-4\">\t\t\t\t<div class=\"oem-box mb-4\">\n\t\t\t\t\t<p class=\"text-sm text-gray-800 font-medium mb-2\">Type: <strong>Aftermarket<\/strong><\/p>\n\t\t\t\t\t<p class=\"text-sm text-gray-700 mb-1\">Composant adaptable de qualit\u00e9 professionnelle, compatible avec les v\u00e9hicules indiqu\u00e9s sur cette page.<\/p>\n\t\t\t\t\t<p class=\"text-xs text-gray-500 mt-2\">*Non fabriqu\u00e9 ni marqu\u00e9 par Piaggio. Marques d\u00e9tenues par leurs propri\u00e9taires.<\/p>\n\t\t\t\t<\/div>\n\t\t\t<\/div>\n<section class=\"compatibility-block mb-4\"><section class=\"compatibility-block mb-4\"><div class=\"product-extra-details hide-below-992\"><table class=\"woocommerce-product-attributes\"><tbody><tr><th colspan=\"2\"><span class=\"text-sm font-medium mb-2\">Compatible avec :<\/span><\/th><\/tr><tr><th>Mod\u00e8le du v\u00e9hicule \u2013 Pr\u00e9fixe du ch\u00e2ssis:<\/th><td><a href=\"https:\/\/damicoline.com\/fr\/boutique\/?vx_brand=PIAGGIO&#038;vx_model=PORTER%20Pianale%20piatto\/Telaio%201.3%2016V%20Up-Date%20E3%20(2009-2010)&#038;vx_engine=HC-EL&#038;vx_years=2009-2010\">\ud83d\ude9a PIAGGIO PORTER Pianale piatto\/Telaio 1.3 16V Up-Date E3 (2009-2010) HC-EL (2009-2010) - ZAPS90CH, ZAPS90PH, ZAPS90TH, ZAPS90VH<\/a><\/td><\/tr><\/tbody><\/table><\/div><\/section><\/section>\n","protected":false},"excerpt":{"rendered":"<p>Courroie d&#8217;alternateur pour Piaggio Porter 1.3 16V 48 kW Courroie pour alternateur compatible avec Piaggio Porter 1.3 16V 48 kW. Assure une transmission du mouvement r\u00e9guli\u00e8re et une recharge constante du syst\u00e8me \u00e9lectrique, r\u00e9duisant le bruit et les glissements. Pi\u00e8ce de rechange de qualit\u00e9, r\u00e9sistante et fiable dans le temps.<\/p>\n","protected":false},"featured_media":11839,"template":"","meta":{"_sitemap_exclude":false,"_sitemap_priority":"","_sitemap_frequency":""},"product_brand":[2670],"product_cat":[2114,417],"product_tag":[2345],"class_list":{"0":"post-11895","1":"product","2":"type-product","3":"status-publish","4":"has-post-thumbnail","6":"product_brand-aftermarket","7":"product_cat-alternateur","8":"product_cat-pieces-du-moteur","9":"product_tag-2345","11":"first","12":"instock","13":"sale","14":"taxable","15":"shipping-taxable","16":"purchasable","17":"product-type-simple"},"_links":{"self":[{"href":"https:\/\/damicoline.com\/fr\/wp-json\/wp\/v2\/product\/11895","targetHints":{"allow":["GET"]}}],"collection":[{"href":"https:\/\/damicoline.com\/fr\/wp-json\/wp\/v2\/product"}],"about":[{"href":"https:\/\/damicoline.com\/fr\/wp-json\/wp\/v2\/types\/product"}],"wp:featuredmedia":[{"embeddable":true,"href":"https:\/\/damicoline.com\/fr\/wp-json\/wp\/v2\/media\/11839"}],"wp:attachment":[{"href":"https:\/\/damicoline.com\/fr\/wp-json\/wp\/v2\/media?parent=11895"}],"wp:term":[{"taxonomy":"product_brand","embeddable":true,"href":"https:\/\/damicoline.com\/fr\/wp-json\/wp\/v2\/product_brand?post=11895"},{"taxonomy":"product_cat","embeddable":true,"href":"https:\/\/damicoline.com\/fr\/wp-json\/wp\/v2\/product_cat?post=11895"},{"taxonomy":"product_tag","embeddable":true,"href":"https:\/\/damicoline.com\/fr\/wp-json\/wp\/v2\/product_tag?post=11895"}],"curies":[{"name":"wp","href":"https:\/\/api.w.org\/{rel}","templated":true}]}}