{"id":11976,"date":"2025-09-01T12:25:49","date_gmt":"2025-09-01T10:25:49","guid":{"rendered":"https:\/\/damicoline.com\/product\/cuscinetto-sfere-mozzo-anteriore-piaggio-quargo-6304\/"},"modified":"2025-09-01T18:57:02","modified_gmt":"2025-09-01T16:57:02","slug":"roulement-a-billes-moyeu-avant-piaggio-quargo-6304-1-pc","status":"publish","type":"product","link":"https:\/\/damicoline.com\/fr\/produit\/roulement-a-billes-moyeu-avant-piaggio-quargo-6304-1-pc\/","title":{"rendered":"Roulement \u00e0 billes moyeu avant Piaggio Quargo 6304 1 pc."},"content":{"rendered":"<p><strong>Roulement \u00e0 billes moyeu avant Piaggio Quargo.<\/strong><\/p>\n<p>Roulement \u00e0 billes <strong>6304<\/strong> pour <strong>moyeu avant<\/strong> compatible avec <strong>Piaggio Quargo<\/strong>. R\u00e9duit les jeux et les bruits, assure un roulement fluide de la roue et une pr\u00e9cision d&#8217;alignement. Pi\u00e8ce de rechange de qualit\u00e9 pour durabilit\u00e9 et fiabilit\u00e9 dans le temps.<\/p>\n<div class=\"text-sm text-gray-800 font-medium mb-2\"><div class=\"text-sm text-gray-800 font-medium mb-2\"><strong>Codes de r\u00e9f\u00e9rence:<\/strong> 614429<\/div><\/div>\n<div class=\"oem-box mb-4\">\t\t\t\t<div class=\"oem-box mb-4\">\n\t\t\t\t\t<p class=\"text-sm text-gray-800 font-medium mb-2\">Type: <strong>Aftermarket<\/strong><\/p>\n\t\t\t\t\t<p class=\"text-sm text-gray-700 mb-1\">Composant adaptable de qualit\u00e9 professionnelle, compatible avec les v\u00e9hicules indiqu\u00e9s sur cette page.<\/p>\n\t\t\t\t\t<p class=\"text-xs text-gray-500 mt-2\">*Non fabriqu\u00e9 ni marqu\u00e9 par Piaggio. Marques d\u00e9tenues par leurs propri\u00e9taires.<\/p>\n\t\t\t\t<\/div>\n\t\t\t<\/div>\n<section class=\"compatibility-block mb-4\"><section class=\"compatibility-block mb-4\"><div class=\"product-extra-details hide-below-992\"><table class=\"woocommerce-product-attributes\"><tbody><tr><th colspan=\"2\"><span class=\"text-sm font-medium mb-2\">Compatible avec :<\/span><\/th><\/tr><tr><th>Mod\u00e8le du v\u00e9hicule \u2013 Pr\u00e9fixe du ch\u00e2ssis:<\/th><td><a href=\"https:\/\/damicoline.com\/fr\/boutique\/?vx_brand=PIAGGIO&#038;vx_model=QUARGO%20702%20Diesel%20(2004-2006)&#038;vx_engine=LDW702\/P&#038;vx_years=2004-2006\">\ud83d\ude9a PIAGGIO QUARGO 702 Diesel (2004-2006) LDW702\/P (2004-2006) - ZAPP10000<\/a><\/td><\/tr><\/tbody><\/table><\/div><\/section><\/section>\n","protected":false},"excerpt":{"rendered":"<p>Roulement \u00e0 billes moyeu avant Piaggio Quargo. Roulement \u00e0 billes 6304 pour moyeu avant compatible avec Piaggio Quargo. R\u00e9duit les jeux et les bruits, assure un roulement fluide de la roue et une pr\u00e9cision d&#8217;alignement. Pi\u00e8ce de rechange de qualit\u00e9 pour durabilit\u00e9 et fiabilit\u00e9 dans le temps.<\/p>\n","protected":false},"featured_media":11935,"template":"","meta":{"_sitemap_exclude":false,"_sitemap_priority":"","_sitemap_frequency":""},"product_brand":[2670],"product_cat":[437,432],"product_tag":[2374],"class_list":{"0":"post-11976","1":"product","2":"type-product","3":"status-publish","4":"has-post-thumbnail","6":"product_brand-aftermarket","7":"product_cat-essieu-avant","8":"product_cat-pieces-de-direction","9":"product_tag-2374","11":"first","12":"instock","13":"sale","14":"taxable","15":"shipping-taxable","16":"purchasable","17":"product-type-simple"},"_links":{"self":[{"href":"https:\/\/damicoline.com\/fr\/wp-json\/wp\/v2\/product\/11976","targetHints":{"allow":["GET"]}}],"collection":[{"href":"https:\/\/damicoline.com\/fr\/wp-json\/wp\/v2\/product"}],"about":[{"href":"https:\/\/damicoline.com\/fr\/wp-json\/wp\/v2\/types\/product"}],"wp:featuredmedia":[{"embeddable":true,"href":"https:\/\/damicoline.com\/fr\/wp-json\/wp\/v2\/media\/11935"}],"wp:attachment":[{"href":"https:\/\/damicoline.com\/fr\/wp-json\/wp\/v2\/media?parent=11976"}],"wp:term":[{"taxonomy":"product_brand","embeddable":true,"href":"https:\/\/damicoline.com\/fr\/wp-json\/wp\/v2\/product_brand?post=11976"},{"taxonomy":"product_cat","embeddable":true,"href":"https:\/\/damicoline.com\/fr\/wp-json\/wp\/v2\/product_cat?post=11976"},{"taxonomy":"product_tag","embeddable":true,"href":"https:\/\/damicoline.com\/fr\/wp-json\/wp\/v2\/product_tag?post=11976"}],"curies":[{"name":"wp","href":"https:\/\/api.w.org\/{rel}","templated":true}]}}