{"id":11991,"date":"2025-09-01T15:29:38","date_gmt":"2025-09-01T13:29:38","guid":{"rendered":"https:\/\/damicoline.com\/product\/kit-revisione-coppia-conica-porter-standard-no-maxxi\/"},"modified":"2025-09-01T19:02:50","modified_gmt":"2025-09-01T17:02:50","slug":"kit-de-revision-couple-conique-pour-piaggio-porter-kit-standard","status":"publish","type":"product","link":"https:\/\/damicoline.com\/fr\/produit\/kit-de-revision-couple-conique-pour-piaggio-porter-kit-standard\/","title":{"rendered":"Kit de r\u00e9vision couple conique pour Piaggio Porter kit standard."},"content":{"rendered":"<p><strong>Kit de r\u00e9vision couple conique pour Piaggio Porter kit standard.<\/strong><\/p>\n<p>Kit de r\u00e9vision couple conique compatible avec <strong>Piaggio Porter<\/strong> mod\u00e8le standard (pas Maxxi). Inclut les composants principaux pour restaurer le jeu, le glissement et l&#8217;\u00e9tanch\u00e9it\u00e9 du diff\u00e9rentiel avec un montage fiable.<\/p>\n<ul>\n<li><strong>Grand roulement couple conique<\/strong> \u2013 <code>&#57;&#48;&#48;&#52;&#51;&#54;&#54;&#48;&#54;&#55;&#48;&#48;&#48;<\/code><\/li>\n<li><strong>Petit roulement couple conique<\/strong> \u2013 <code>&#57;&#48;&#48;&#52;&#51;&#54;&#54;&#48;&#54;&#53;&#48;&#48;&#48;<\/code><\/li>\n<li><strong>Joint spi pignon diff\u00e9rentiel<\/strong> \u2013 <code>&#57;&#48;&#48;&#52;&#51;&#49;&#49;&#51;&#51;&#48;&#48;&#48;&#48;<\/code><\/li>\n<li><strong>Anneau O-ring flasque pignon<\/strong> \u2013 <code>&#57;&#48;&#48;&#52;&#51;&#48;&#49;&#50;&#53;&#50;&#48;&#48;&#48;<\/code><\/li>\n<\/ul>\n<p class=\"mt-2\"><em>Recommand\u00e9 lors de la r\u00e9vision :<\/em> remplacer \u00e9galement les <strong>roulements bo\u00eete de diff\u00e9rentiel<\/strong> \u2013 <code>&#57;&#48;&#48;&#52;&#51;&#54;&#54;&#48;&#54;&#54;&#48;&#48;&#48;<\/code> pour un r\u00e9sultat durable et silencieux.<\/p>\n<div class=\"text-sm text-gray-800 font-medium mb-2\"><div class=\"text-sm text-gray-800 font-medium mb-2\"><strong>Codes de r\u00e9f\u00e9rence:<\/strong>&#32;&#57;&#48;&#48;&#52;&#51;&#49;&#49;&#51;&#51;&#48;&#48;&#48;0 \u2013&#32;&#57;&#48;&#48;&#52;&#51;&#54;&#54;&#48;&#54;&#53;&#48;&#48;0 \u2013&#32;&#57;&#48;&#48;&#52;&#51;&#54;&#54;&#48;&#54;&#55;&#48;&#48;0<\/div><\/div>\n<div class=\"oem-box mb-4\">\t\t\t\t<div class=\"oem-box mb-4\">\n\t\t\t\t\t<p class=\"text-sm text-gray-800 font-medium mb-2\">Type: <strong>Aftermarket<\/strong><\/p>\n\t\t\t\t\t<p class=\"text-sm text-gray-700 mb-1\">Composant adaptable de qualit\u00e9 professionnelle, compatible avec les v\u00e9hicules indiqu\u00e9s sur cette page.<\/p>\n\t\t\t\t\t<p class=\"text-xs text-gray-500 mt-2\">*Non fabriqu\u00e9 ni marqu\u00e9 par Piaggio. Marques d\u00e9tenues par leurs propri\u00e9taires.<\/p>\n\t\t\t\t<\/div>\n\t\t\t<\/div>\n<section class=\"compatibility-block mb-4\"><section class=\"compatibility-block mb-4\"><div class=\"product-extra-details hide-below-992\"><table class=\"woocommerce-product-attributes\"><tbody><tr><th colspan=\"2\"><span class=\"text-sm font-medium mb-2\">Compatible avec :<\/span><\/th><\/tr><tr><th>Mod\u00e8le du v\u00e9hicule \u2013 Pr\u00e9fixe du ch\u00e2ssis:<\/th><td><a href=\"https:\/\/damicoline.com\/fr\/boutique\/?vx_brand=PIAGGIO&#038;vx_model=PORTER%20Pianale%20piatto\/Telaio%201.2%20D%20(2010-2015)&#038;vx_engine=P120&#038;vx_years=2010-2015\">\ud83d\ude9a PIAGGIO PORTER Pianale piatto\/Telaio 1.2 D (2010-2015) P120 (2010-2015) - ZAPS90CKW, ZAPS90PKW, ZAPS90TKW, ZAPS90VKW<\/a><\/td><\/tr><tr><th>Mod\u00e8le du v\u00e9hicule \u2013 Pr\u00e9fixe du ch\u00e2ssis:<\/th><td><a href=\"https:\/\/damicoline.com\/fr\/boutique\/?vx_brand=PIAGGIO&#038;vx_model=PORTER%20Pianale%20piatto\/Telaio%201.3%20(2010-2015)&#038;vx_engine=DA471QLR&#038;vx_years=2010-2015\">\ud83d\ude9a PIAGGIO PORTER Pianale piatto\/Telaio 1.3 (2010-2015) DA471QLR (2010-2015) - ZAPS90CJ, ZAPS90PJ, ZAPS90TJ, ZAPS90VJ<\/a><\/td><\/tr><tr><th>Mod\u00e8le du v\u00e9hicule \u2013 Pr\u00e9fixe du ch\u00e2ssis:<\/th><td><a href=\"https:\/\/damicoline.com\/fr\/boutique\/?vx_brand=PIAGGIO&#038;vx_model=PORTER%20Pianale%20piatto\/Telaio%201.3%2016V%20Up-Date%20E3%20(2009-2010)&#038;vx_engine=HC-EL&#038;vx_years=2009-2010\">\ud83d\ude9a PIAGGIO PORTER Pianale piatto\/Telaio 1.3 16V Up-Date E3 (2009-2010) HC-EL (2009-2010) - ZAPS90CH, ZAPS90PH, ZAPS90TH, ZAPS90VH<\/a><\/td><\/tr><tr><th>Mod\u00e8le du v\u00e9hicule \u2013 Pr\u00e9fixe du ch\u00e2ssis:<\/th><td><a href=\"https:\/\/damicoline.com\/fr\/boutique\/?vx_brand=PIAGGIO&#038;vx_model=PORTER%20Pianale%20piatto\/Telaio%201.3%20LPG%20(2015-2020)&#038;vx_engine=DAM13R&#038;vx_years=2015-2020\">\ud83d\ude9a PIAGGIO PORTER Pianale piatto\/Telaio 1.3 LPG (2015-2020) DAM13R (2015-2020) - ZAPS89CGW, ZAPS89PGW, ZAPS90VGW, ZAPS90TGW, ZAPS90PGW, ZAPS90CGW<\/a><\/td><\/tr><\/tbody><\/table><\/div><\/section><\/section>\n","protected":false},"excerpt":{"rendered":"<p>Kit de r\u00e9vision couple conique pour Piaggio Porter kit standard. Kit de r\u00e9vision couple conique compatible avec Piaggio Porter mod\u00e8le standard (pas Maxxi). Inclut les composants principaux pour restaurer le jeu, le glissement et l&#8217;\u00e9tanch\u00e9it\u00e9 du diff\u00e9rentiel avec un montage fiable. Grand roulement couple conique \u2013 &#57;&#48;&#48;&#52;&#51;&#54;&#54;&#48;&#54;&#55;&#48;&#48;&#48; Petit roulement couple conique \u2013 &#57;&#48;&#48;&#52;&#51;&#54;&#54;&#48;&#54;&#53;&#48;&#48;&#48; Joint spi<\/p>\n<div class=\"klb-readmore button\"><a class=\"btn link\" href=\"https:\/\/damicoline.com\/fr\/produit\/kit-de-revision-couple-conique-pour-piaggio-porter-kit-standard\/\">Read More <i class=\"klbth-icon-right-arrow\"><\/i><\/a><\/div>\n","protected":false},"featured_media":11963,"template":"","meta":{"_sitemap_exclude":false,"_sitemap_priority":"","_sitemap_frequency":""},"product_brand":[2670],"product_cat":[2393,1424],"product_tag":[2394,2395,2396],"class_list":{"0":"post-11991","1":"product","2":"type-product","3":"status-publish","4":"has-post-thumbnail","6":"product_brand-aftermarket","7":"product_cat-differentiel","8":"product_cat-transmission-arriere","9":"product_tag-2394","10":"product_tag-2395","11":"product_tag-2396","13":"first","14":"instock","15":"sale","16":"taxable","17":"shipping-taxable","18":"purchasable","19":"product-type-simple"},"_links":{"self":[{"href":"https:\/\/damicoline.com\/fr\/wp-json\/wp\/v2\/product\/11991","targetHints":{"allow":["GET"]}}],"collection":[{"href":"https:\/\/damicoline.com\/fr\/wp-json\/wp\/v2\/product"}],"about":[{"href":"https:\/\/damicoline.com\/fr\/wp-json\/wp\/v2\/types\/product"}],"wp:featuredmedia":[{"embeddable":true,"href":"https:\/\/damicoline.com\/fr\/wp-json\/wp\/v2\/media\/11963"}],"wp:attachment":[{"href":"https:\/\/damicoline.com\/fr\/wp-json\/wp\/v2\/media?parent=11991"}],"wp:term":[{"taxonomy":"product_brand","embeddable":true,"href":"https:\/\/damicoline.com\/fr\/wp-json\/wp\/v2\/product_brand?post=11991"},{"taxonomy":"product_cat","embeddable":true,"href":"https:\/\/damicoline.com\/fr\/wp-json\/wp\/v2\/product_cat?post=11991"},{"taxonomy":"product_tag","embeddable":true,"href":"https:\/\/damicoline.com\/fr\/wp-json\/wp\/v2\/product_tag?post=11991"}],"curies":[{"name":"wp","href":"https:\/\/api.w.org\/{rel}","templated":true}]}}