{"id":12122,"date":"2025-09-18T17:15:14","date_gmt":"2025-09-18T15:15:14","guid":{"rendered":"https:\/\/damicoline.com\/product\/semiasse-per-piaggio-ape-calessino-e-ape-lcs-diesel-da-415mm\/"},"modified":"2026-04-22T14:46:36","modified_gmt":"2026-04-22T12:46:36","slug":"arbre-de-transmission-nu-415-mm-ape-calessino-ldw-422-et-lcs-422","status":"publish","type":"product","link":"https:\/\/damicoline.com\/fr\/produit\/arbre-de-transmission-nu-415-mm-ape-calessino-ldw-422-et-lcs-422\/","title":{"rendered":"Arbre de transmission nu 415 mm Ape Calessino LDW-422 et LCS 422"},"content":{"rendered":"<p><strong>Arbre de transmission nu 415 mm pour Piaggio Ape Calessino LDW-422 et Ape Diesel LCS 422<\/strong><\/p>\n<p>Arbre de transmission nu compatible avec <strong>Piaggio Ape Calessino LDW-422 Diesel<\/strong> et <strong>Piaggio Ape Diesel LCS 422<\/strong>, longueur totale <strong>415 mm<\/strong>. Composant de la transmission utilis\u00e9 pour la connexion entre le diff\u00e9rentiel et le groupe roue, indiqu\u00e9 pour les interventions de r\u00e9paration, r\u00e9vision ou reconstruction de la transmission.<\/p>\n<p><em>Note :<\/em> l&#8217;arbre de transmission est fourni <strong>nu<\/strong> (sans soufflets, joints, moyeu et accessoires). Pour compl\u00e9ter correctement le montage, il est possible d&#8217;acheter s\u00e9par\u00e9ment :<\/p>\n<ul>\n<li><strong>Kit soufflets arbre de transmission<\/strong> (soufflet interne, soufflet externe et colliers de serrage) \u2013 <a href=\"\/?s=L2920196&amp;post_type=product\"><strong>Code : L2920196<\/strong><\/a><\/li>\n<li><strong>Roulement et joint arbre de transmission<\/strong> \u2013 <a href=\"\/?s=L3010260&amp;post_type=product\"><strong>Code : L3010260<\/strong><\/a><\/li>\n<li><strong>Moyeu arbre de transmission attache joint<\/strong> \u2013 <a href=\"\/?s=111498&amp;post_type=product\"><strong>Code : 111498<\/strong><\/a><\/li>\n<\/ul>\n<p><a href=\"https:\/\/damicoline.com\/wp-content\/uploads\/2025\/09\/Semiasse-415mm.jpg\" target=\"_blank\" rel=\"noopener\"><br \/>\n<img decoding=\"async\" style=\"max-width: 100%; height: auto;\" src=\"https:\/\/damicoline.com\/wp-content\/uploads\/2025\/09\/Semiasse-415mm.jpg\" alt=\"Arbre de transmission nu 415 mm pour Piaggio Ape Calessino LDW-422 et Ape Diesel LCS 422\" width=\"300\" \/><br \/>\n<\/a><\/p>\n<div class=\"text-sm text-gray-800 font-medium mb-2\"><div class=\"text-sm text-gray-800 font-medium mb-2\"><strong>Codes de r\u00e9f\u00e9rence:<\/strong> 850235 \u2013 L8050028<\/div><\/div>\n<div class=\"oem-box mb-4\"><div class=\"oem-box mb-4\"><p class=\"text-sm text-gray-800 font-medium mb-2\">Type: <strong>Aftermarket<\/strong><\/p><p class=\"text-sm text-gray-700 mb-1\">Composant adaptable de qualit\u00e9 professionnelle, compatible avec les v\u00e9hicules indiqu\u00e9s sur cette page.<\/p><p class=\"text-xs text-gray-500 mt-2\">Non fabriqu\u00e9 ni marqu\u00e9 par Piaggio. Marques d\u00e9tenues par leurs propri\u00e9taires.<\/p><\/div><\/div>\n<section class=\"compatibility-block mb-4\"><section class=\"compatibility-block mb-4\"><div class=\"product-extra-details hide-below-992\"><table class=\"woocommerce-product-attributes\"><tbody><tr><th colspan=\"2\"><span class=\"text-sm font-medium mb-2\">Compatible avec :<\/span><\/th><\/tr><tr><th>Mod\u00e8le du v\u00e9hicule \u2013 Pr\u00e9fixe du ch\u00e2ssis:<\/th><td><a href=\"https:\/\/damicoline.com\/fr\/boutique\/?vx_brand=PIAGGIO&#038;vx_model=APE%20CALESSINO%20422%20E2%20(2007-2012)&#038;vx_engine=LDW422&#038;vx_years=2007-2012\">\ud83d\ude9a PIAGGIO APE CALESSINO 422 E2 (2007-2012) LDW422 (2007-2012) - ZAPT2D4MC, ZAPT3E9AC<\/a><\/td><\/tr><tr><th>Mod\u00e8le du v\u00e9hicule \u2013 Pr\u00e9fixe du ch\u00e2ssis:<\/th><td><a href=\"https:\/\/damicoline.com\/fr\/boutique\/?vx_brand=PIAGGIO&#038;vx_model=APE%20TM703%20DIESEL%20LCS%20422%20E1%20(2005-2012)&#038;vx_engine=ATD2M&#038;vx_years=2005-2012\">\ud83d\ude9a PIAGGIO APE TM703 DIESEL LCS 422 E1 (2005-2012) ATD2M (2005-2012) - ZAPT10000<\/a><\/td><\/tr><\/tbody><\/table><\/div><\/section><\/section>\n","protected":false},"excerpt":{"rendered":"<p>Arbre de transmission nu 415 mm pour Piaggio Ape Calessino LDW-422 et Ape Diesel LCS 422 Arbre de transmission nu compatible avec Piaggio Ape Calessino LDW-422 Diesel et Piaggio Ape Diesel LCS 422, longueur totale 415 mm. Composant de la transmission utilis\u00e9 pour la connexion entre le diff\u00e9rentiel et le groupe roue, indiqu\u00e9 pour les<\/p>\n<div class=\"klb-readmore button\"><a class=\"btn link\" href=\"https:\/\/damicoline.com\/fr\/produit\/arbre-de-transmission-nu-415-mm-ape-calessino-ldw-422-et-lcs-422\/\">Read More <i class=\"klbth-icon-right-arrow\"><\/i><\/a><\/div>\n","protected":false},"featured_media":12087,"template":"","meta":{"_sitemap_exclude":false,"_sitemap_priority":"","_sitemap_frequency":""},"product_brand":[],"product_cat":[1429,1424],"product_tag":[3862,2425],"class_list":{"0":"post-12122","1":"product","2":"type-product","3":"status-publish","4":"has-post-thumbnail","6":"product_cat-arbre-de-transmission","7":"product_cat-transmission-arriere","8":"product_tag-3862","9":"product_tag-l8050028","11":"first","12":"instock","13":"sale","14":"taxable","15":"shipping-taxable","16":"purchasable","17":"product-type-simple"},"_links":{"self":[{"href":"https:\/\/damicoline.com\/fr\/wp-json\/wp\/v2\/product\/12122","targetHints":{"allow":["GET"]}}],"collection":[{"href":"https:\/\/damicoline.com\/fr\/wp-json\/wp\/v2\/product"}],"about":[{"href":"https:\/\/damicoline.com\/fr\/wp-json\/wp\/v2\/types\/product"}],"wp:featuredmedia":[{"embeddable":true,"href":"https:\/\/damicoline.com\/fr\/wp-json\/wp\/v2\/media\/12087"}],"wp:attachment":[{"href":"https:\/\/damicoline.com\/fr\/wp-json\/wp\/v2\/media?parent=12122"}],"wp:term":[{"taxonomy":"product_brand","embeddable":true,"href":"https:\/\/damicoline.com\/fr\/wp-json\/wp\/v2\/product_brand?post=12122"},{"taxonomy":"product_cat","embeddable":true,"href":"https:\/\/damicoline.com\/fr\/wp-json\/wp\/v2\/product_cat?post=12122"},{"taxonomy":"product_tag","embeddable":true,"href":"https:\/\/damicoline.com\/fr\/wp-json\/wp\/v2\/product_tag?post=12122"}],"curies":[{"name":"wp","href":"https:\/\/api.w.org\/{rel}","templated":true}]}}