{"id":12307,"date":"2025-09-29T17:03:10","date_gmt":"2025-09-29T15:03:10","guid":{"rendered":"https:\/\/damicoline.com\/product\/asse-ruota-posteriore-completo-piaggio-ape-calessino-200\/"},"modified":"2025-09-29T17:40:50","modified_gmt":"2025-09-29T15:40:50","slug":"essieu-de-roue-arriere-complet-pour-piaggio-ape-calessino-200","status":"publish","type":"product","link":"https:\/\/damicoline.com\/fr\/produit\/essieu-de-roue-arriere-complet-pour-piaggio-ape-calessino-200\/","title":{"rendered":"Essieu de roue arri\u00e8re complet pour Piaggio Ape Calessino 200"},"content":{"rendered":"<p><strong>Essieu de roue arri\u00e8re complet pour Piaggio Ape Calessino 200<\/strong><\/p>\n<p>Essieu de roue arri\u00e8re complet compatible avec <strong>Piaggio Ape Calessino 200<\/strong>. Livr\u00e9 pr\u00eat \u00e0 \u00eatre mont\u00e9, il garantit un glissement fluide, une stabilit\u00e9 et une durabilit\u00e9 du groupe de roues. Pi\u00e8ce de rechange robuste et fiable, id\u00e9ale pour restaurer l&#8217;efficacit\u00e9 de la transmission.<\/p>\n<div class=\"text-sm text-gray-800 font-medium mb-2\"><div class=\"text-sm text-gray-800 font-medium mb-2\"><strong>Codes de r\u00e9f\u00e9rence:<\/strong> B024374<\/div><\/div>\n<div class=\"oem-box mb-4\">\t\t\t\t<div class=\"oem-box mb-4\">\n\t\t\t\t\t<p class=\"text-sm text-gray-800 font-medium mb-2\">Type: <strong>Aftermarket<\/strong><\/p>\n\t\t\t\t\t<p class=\"text-sm text-gray-700 mb-1\">Composant adaptable de qualit\u00e9 professionnelle, compatible avec les v\u00e9hicules indiqu\u00e9s sur cette page.<\/p>\n\t\t\t\t\t<p class=\"text-xs text-gray-500 mt-2\">*Non fabriqu\u00e9 ni marqu\u00e9 par Piaggio. Marques d\u00e9tenues par leurs propri\u00e9taires.<\/p>\n\t\t\t\t<\/div>\n\t\t\t<\/div>\n<section class=\"compatibility-block mb-4\"><section class=\"compatibility-block mb-4\"><div class=\"product-extra-details hide-below-992\"><table class=\"woocommerce-product-attributes\"><tbody><tr><th colspan=\"2\"><span class=\"text-sm font-medium mb-2\">Compatible avec :<\/span><\/th><\/tr><tr><th>Mod\u00e8le du v\u00e9hicule \u2013 Pr\u00e9fixe du ch\u00e2ssis:<\/th><td><a href=\"https:\/\/damicoline.com\/fr\/boutique\/?vx_brand=PIAGGIO&#038;vx_model=APE%20CALESSINO%20200%20E2%20(2013-2017)&#038;vx_engine=TBP4M&#038;vx_years=2013-2017\">\ud83d\ude9a PIAGGIO APE CALESSINO 200 E2 (2013-2017) TBP4M (2013-2017) - ZAPT42PMC, ZAPT42P00<\/a><\/td><\/tr><\/tbody><\/table><\/div><\/section><\/section>\n","protected":false},"excerpt":{"rendered":"<p>Essieu de roue arri\u00e8re complet pour Piaggio Ape Calessino 200 Essieu de roue arri\u00e8re complet compatible avec Piaggio Ape Calessino 200. Livr\u00e9 pr\u00eat \u00e0 \u00eatre mont\u00e9, il garantit un glissement fluide, une stabilit\u00e9 et une durabilit\u00e9 du groupe de roues. Pi\u00e8ce de rechange robuste et fiable, id\u00e9ale pour restaurer l&#8217;efficacit\u00e9 de la transmission.<\/p>\n","protected":false},"featured_media":12278,"template":"","meta":{"_sitemap_exclude":false,"_sitemap_priority":"","_sitemap_frequency":""},"product_brand":[2670],"product_cat":[2911,1424],"product_tag":[2478],"class_list":{"0":"post-12307","1":"product","2":"type-product","3":"status-publish","4":"has-post-thumbnail","6":"product_brand-aftermarket","7":"product_cat-essieu-de-roue","8":"product_cat-transmission-arriere","9":"product_tag-b024374","11":"first","12":"instock","13":"sale","14":"taxable","15":"shipping-taxable","16":"purchasable","17":"product-type-simple"},"_links":{"self":[{"href":"https:\/\/damicoline.com\/fr\/wp-json\/wp\/v2\/product\/12307","targetHints":{"allow":["GET"]}}],"collection":[{"href":"https:\/\/damicoline.com\/fr\/wp-json\/wp\/v2\/product"}],"about":[{"href":"https:\/\/damicoline.com\/fr\/wp-json\/wp\/v2\/types\/product"}],"wp:featuredmedia":[{"embeddable":true,"href":"https:\/\/damicoline.com\/fr\/wp-json\/wp\/v2\/media\/12278"}],"wp:attachment":[{"href":"https:\/\/damicoline.com\/fr\/wp-json\/wp\/v2\/media?parent=12307"}],"wp:term":[{"taxonomy":"product_brand","embeddable":true,"href":"https:\/\/damicoline.com\/fr\/wp-json\/wp\/v2\/product_brand?post=12307"},{"taxonomy":"product_cat","embeddable":true,"href":"https:\/\/damicoline.com\/fr\/wp-json\/wp\/v2\/product_cat?post=12307"},{"taxonomy":"product_tag","embeddable":true,"href":"https:\/\/damicoline.com\/fr\/wp-json\/wp\/v2\/product_tag?post=12307"}],"curies":[{"name":"wp","href":"https:\/\/api.w.org\/{rel}","templated":true}]}}