{"id":12317,"date":"2025-09-29T17:17:43","date_gmt":"2025-09-29T15:17:43","guid":{"rendered":"https:\/\/damicoline.com\/product\/molla-tampone-ammortizzatore-posteriore-ape-calessino-200\/"},"modified":"2025-09-29T17:44:45","modified_gmt":"2025-09-29T15:44:45","slug":"butee-de-ressort-damortisseur-arriere-piaggio-ape-calessino-200","status":"publish","type":"product","link":"https:\/\/damicoline.com\/fr\/produit\/butee-de-ressort-damortisseur-arriere-piaggio-ape-calessino-200\/","title":{"rendered":"But\u00e9e de ressort d&#8217;amortisseur arri\u00e8re Piaggio Ape Calessino 200"},"content":{"rendered":"<p><strong>But\u00e9e de ressort d&#8217;amortisseur arri\u00e8re pour Piaggio Ape Calessino 200<\/strong><\/p>\n<p>But\u00e9e de ressort en caoutchouc pour <strong>amortisseur arri\u00e8re<\/strong> compatible avec <strong>Piaggio Ape Calessino 200<\/strong>. Att\u00e9nue les chocs et les vibrations, prot\u00e8ge l\u2019amortisseur et am\u00e9liore le confort et la stabilit\u00e9 de conduite. Pi\u00e8ce de rechange r\u00e9sistante et fiable pour une longue dur\u00e9e de vie.<\/p>\n<div class=\"text-sm text-gray-800 font-medium mb-2\"><div class=\"text-sm text-gray-800 font-medium mb-2\"><strong>Codes de r\u00e9f\u00e9rence:<\/strong> B002470<\/div><\/div>\n<div class=\"oem-box mb-4\">\t\t\t\t<div class=\"oem-box mb-4\">\n\t\t\t\t\t<p class=\"text-sm text-gray-800 font-medium mb-2\">Type: <strong>Aftermarket<\/strong><\/p>\n\t\t\t\t\t<p class=\"text-sm text-gray-700 mb-1\">Composant adaptable de qualit\u00e9 professionnelle, compatible avec les v\u00e9hicules indiqu\u00e9s sur cette page.<\/p>\n\t\t\t\t\t<p class=\"text-xs text-gray-500 mt-2\">*Non fabriqu\u00e9 ni marqu\u00e9 par Piaggio. Marques d\u00e9tenues par leurs propri\u00e9taires.<\/p>\n\t\t\t\t<\/div>\n\t\t\t<\/div>\n<section class=\"compatibility-block mb-4\"><section class=\"compatibility-block mb-4\"><div class=\"product-extra-details hide-below-992\"><table class=\"woocommerce-product-attributes\"><tbody><tr><th colspan=\"2\"><span class=\"text-sm font-medium mb-2\">Compatible avec :<\/span><\/th><\/tr><tr><th>Mod\u00e8le du v\u00e9hicule \u2013 Pr\u00e9fixe du ch\u00e2ssis:<\/th><td><a href=\"https:\/\/damicoline.com\/fr\/boutique\/?vx_brand=PIAGGIO&#038;vx_model=APE%20CALESSINO%20200%20E2%20(2013-2017)&#038;vx_engine=TBP4M&#038;vx_years=2013-2017\">\ud83d\ude9a PIAGGIO APE CALESSINO 200 E2 (2013-2017) TBP4M (2013-2017) - ZAPT42PMC, ZAPT42P00<\/a><\/td><\/tr><tr><th>Mod\u00e8le du v\u00e9hicule \u2013 Pr\u00e9fixe du ch\u00e2ssis:<\/th><td><a href=\"https:\/\/damicoline.com\/fr\/boutique\/?vx_brand=PIAGGIO&#038;vx_model=APE%20CALESSINO%20200%20HPE%20E4%20(2017-2023)&#038;vx_engine=TBPDF&#038;vx_years=2017-2023\">\ud83d\ude9a PIAGGIO APE CALESSINO 200 HPE E4 (2017-2023) TBPDF (2017-2023) - ZAPT64P00<\/a><\/td><\/tr><\/tbody><\/table><\/div><\/section><\/section>\n","protected":false},"excerpt":{"rendered":"<p>But\u00e9e de ressort d&#8217;amortisseur arri\u00e8re pour Piaggio Ape Calessino 200 But\u00e9e de ressort en caoutchouc pour amortisseur arri\u00e8re compatible avec Piaggio Ape Calessino 200. Att\u00e9nue les chocs et les vibrations, prot\u00e8ge l\u2019amortisseur et am\u00e9liore le confort et la stabilit\u00e9 de conduite. Pi\u00e8ce de rechange r\u00e9sistante et fiable pour une longue dur\u00e9e de vie.<\/p>\n","protected":false},"featured_media":12294,"template":"","meta":{"_sitemap_exclude":false,"_sitemap_priority":"","_sitemap_frequency":""},"product_brand":[2670],"product_cat":[1952,1953],"product_tag":[2488],"class_list":{"0":"post-12317","1":"product","2":"type-product","3":"status-publish","4":"has-post-thumbnail","6":"product_brand-aftermarket","7":"product_cat-amortisseurs-arriere","8":"product_cat-essieu-arriere","9":"product_tag-b002470","11":"first","12":"instock","13":"sale","14":"taxable","15":"shipping-taxable","16":"purchasable","17":"product-type-simple"},"_links":{"self":[{"href":"https:\/\/damicoline.com\/fr\/wp-json\/wp\/v2\/product\/12317","targetHints":{"allow":["GET"]}}],"collection":[{"href":"https:\/\/damicoline.com\/fr\/wp-json\/wp\/v2\/product"}],"about":[{"href":"https:\/\/damicoline.com\/fr\/wp-json\/wp\/v2\/types\/product"}],"wp:featuredmedia":[{"embeddable":true,"href":"https:\/\/damicoline.com\/fr\/wp-json\/wp\/v2\/media\/12294"}],"wp:attachment":[{"href":"https:\/\/damicoline.com\/fr\/wp-json\/wp\/v2\/media?parent=12317"}],"wp:term":[{"taxonomy":"product_brand","embeddable":true,"href":"https:\/\/damicoline.com\/fr\/wp-json\/wp\/v2\/product_brand?post=12317"},{"taxonomy":"product_cat","embeddable":true,"href":"https:\/\/damicoline.com\/fr\/wp-json\/wp\/v2\/product_cat?post=12317"},{"taxonomy":"product_tag","embeddable":true,"href":"https:\/\/damicoline.com\/fr\/wp-json\/wp\/v2\/product_tag?post=12317"}],"curies":[{"name":"wp","href":"https:\/\/api.w.org\/{rel}","templated":true}]}}