{"id":12348,"date":"2025-09-29T17:57:28","date_gmt":"2025-09-29T15:57:28","guid":{"rendered":"https:\/\/damicoline.com\/product\/kit-minuteria-freno-posteriore-sinistro-piaggio-porter-np6\/"},"modified":"2025-09-29T18:07:27","modified_gmt":"2025-09-29T16:07:27","slug":"kit-de-quincaillerie-de-frein-arriere-gauche-pour-piaggio-porter-np6","status":"publish","type":"product","link":"https:\/\/damicoline.com\/fr\/produit\/kit-de-quincaillerie-de-frein-arriere-gauche-pour-piaggio-porter-np6\/","title":{"rendered":"Kit de quincaillerie de frein arri\u00e8re gauche pour Piaggio Porter NP6"},"content":{"rendered":"<p><strong>Kit de quincaillerie de frein arri\u00e8re gauche pour Piaggio Porter NP6<\/strong><\/p>\n<p>Kit de remplacement de quincaillerie pour <strong>frein arri\u00e8re c\u00f4t\u00e9 gauche<\/strong> compatible avec <strong>Piaggio Porter NP6<\/strong>. Inclut un ensemble de r\u00e9glage et des ressorts pour <strong>m\u00e2choires de frein<\/strong>, indispensables pour l&#8217;efficacit\u00e9 et la s\u00e9curit\u00e9 du syst\u00e8me de freinage. Pi\u00e8ce de rechange de qualit\u00e9, r\u00e9sistante et durable.<\/p>\n<div class=\"text-sm text-gray-800 font-medium mb-2\"><div class=\"text-sm text-gray-800 font-medium mb-2\"><strong>Codes de r\u00e9f\u00e9rence:<\/strong> WET&#50;&#52;&#48;&#51;&#51;&#48;&#49;&#48;&#48;A0<\/div><\/div>\n<div class=\"oem-box mb-4\">\t\t\t\t<div class=\"oem-box mb-4\">\n\t\t\t\t\t<p class=\"text-sm text-gray-800 font-medium mb-2\">Type: <strong>OEM (Foton)<\/strong><\/p>\n\t\t\t\t\t<p class=\"text-sm text-gray-700 mb-1\">Composant de niveau OEM fabriqu\u00e9 par <strong>Foton<\/strong>, conforme aux sp\u00e9cifications d\u2019origine pour un montage correct.<\/p>\n\t\t\t\t\t<p class=\"text-xs text-gray-500 mt-2\">*Non marqu\u00e9 Piaggio. Les marques appartiennent \u00e0 leurs propri\u00e9taires.<\/p>\n\t\t\t\t<\/div>\n\t\t\t<\/div>\n<section class=\"compatibility-block mb-4\"><section class=\"compatibility-block mb-4\"><div class=\"product-extra-details hide-below-992\"><table class=\"woocommerce-product-attributes\"><tbody><tr><th colspan=\"2\"><span class=\"text-sm font-medium mb-2\">Compatible avec :<\/span><\/th><\/tr><tr><th>Mod\u00e8le du v\u00e9hicule \u2013 Pr\u00e9fixe du ch\u00e2ssis:<\/th><td><a href=\"https:\/\/damicoline.com\/fr\/boutique\/?vx_brand=PIAGGIO&#038;vx_model=PORTER%20NP6%20MAXXI%20TW3000%201.5%20CNG%20(2021-)&#038;vx_engine=M15KRP&#038;vx_years=2021-\">\ud83d\ude9a PIAGGIO PORTER NP6 MAXXI TW3000 1.5 CNG (2021-) M15KRP (2021-) - ZAPNP6C1C0P, ZAPNP6B1C0P<\/a><\/td><\/tr><tr><th>Mod\u00e8le du v\u00e9hicule \u2013 Pr\u00e9fixe du ch\u00e2ssis:<\/th><td><a href=\"https:\/\/damicoline.com\/fr\/boutique\/?vx_brand=PIAGGIO&#038;vx_model=PORTER%20NP6%20MAXXI%20TW3250%201.5%20CNG%20(2021-)&#038;vx_engine=M15KRP&#038;vx_years=2021-\">\ud83d\ude9a PIAGGIO PORTER NP6 MAXXI TW3250 1.5 CNG (2021-) M15KRP (2021-) - ZAPNP6C1D0P, ZAPNP6B1D0P<\/a><\/td><\/tr><tr><th>Mod\u00e8le du v\u00e9hicule \u2013 Pr\u00e9fixe du ch\u00e2ssis:<\/th><td><a href=\"https:\/\/damicoline.com\/fr\/boutique\/?vx_brand=PIAGGIO&#038;vx_model=PORTER%20NP6%20STANDARD%20SW2650%201.5%20CNG%20(2021-)&#038;vx_engine=M15KRP&#038;vx_years=2021-\">\ud83d\ude9a PIAGGIO PORTER NP6 STANDARD SW2650 1.5 CNG (2021-) M15KRP (2021-) - ZAPNP6C1A0P, ZAPNP6B1A0P<\/a><\/td><\/tr><tr><th>Mod\u00e8le du v\u00e9hicule \u2013 Pr\u00e9fixe du ch\u00e2ssis:<\/th><td><a href=\"https:\/\/damicoline.com\/fr\/boutique\/?vx_brand=PIAGGIO&#038;vx_model=PORTER%20NP6%20STANDARD%20SW3070%201.5%20CNG%20(2021-)&#038;vx_engine=M15KRP&#038;vx_years=2021-\">\ud83d\ude9a PIAGGIO PORTER NP6 STANDARD SW3070 1.5 CNG (2021-) M15KRP (2021-) - ZAPNP6C1B0P, ZAPNP6B1B0P<\/a><\/td><\/tr><\/tbody><\/table><\/div><\/section><\/section>\n","protected":false},"excerpt":{"rendered":"<p>Kit de quincaillerie de frein arri\u00e8re gauche pour Piaggio Porter NP6 Kit de remplacement de quincaillerie pour frein arri\u00e8re c\u00f4t\u00e9 gauche compatible avec Piaggio Porter NP6. Inclut un ensemble de r\u00e9glage et des ressorts pour m\u00e2choires de frein, indispensables pour l&#8217;efficacit\u00e9 et la s\u00e9curit\u00e9 du syst\u00e8me de freinage. Pi\u00e8ce de rechange de qualit\u00e9, r\u00e9sistante et<\/p>\n<div class=\"klb-readmore button\"><a class=\"btn link\" href=\"https:\/\/damicoline.com\/fr\/produit\/kit-de-quincaillerie-de-frein-arriere-gauche-pour-piaggio-porter-np6\/\">Read More <i class=\"klbth-icon-right-arrow\"><\/i><\/a><\/div>\n","protected":false},"featured_media":12338,"template":"","meta":{"_sitemap_exclude":false,"_sitemap_priority":"","_sitemap_frequency":""},"product_brand":[2671],"product_cat":[412,407],"product_tag":[2505],"class_list":{"0":"post-12348","1":"product","2":"type-product","3":"status-publish","4":"has-post-thumbnail","6":"product_brand-foton","7":"product_cat-frein-a-tambour","8":"product_cat-systeme-de-freinage","9":"product_tag-wet240330100a0","11":"first","12":"instock","13":"sale","14":"taxable","15":"shipping-taxable","16":"purchasable","17":"product-type-simple"},"_links":{"self":[{"href":"https:\/\/damicoline.com\/fr\/wp-json\/wp\/v2\/product\/12348","targetHints":{"allow":["GET"]}}],"collection":[{"href":"https:\/\/damicoline.com\/fr\/wp-json\/wp\/v2\/product"}],"about":[{"href":"https:\/\/damicoline.com\/fr\/wp-json\/wp\/v2\/types\/product"}],"wp:featuredmedia":[{"embeddable":true,"href":"https:\/\/damicoline.com\/fr\/wp-json\/wp\/v2\/media\/12338"}],"wp:attachment":[{"href":"https:\/\/damicoline.com\/fr\/wp-json\/wp\/v2\/media?parent=12348"}],"wp:term":[{"taxonomy":"product_brand","embeddable":true,"href":"https:\/\/damicoline.com\/fr\/wp-json\/wp\/v2\/product_brand?post=12348"},{"taxonomy":"product_cat","embeddable":true,"href":"https:\/\/damicoline.com\/fr\/wp-json\/wp\/v2\/product_cat?post=12348"},{"taxonomy":"product_tag","embeddable":true,"href":"https:\/\/damicoline.com\/fr\/wp-json\/wp\/v2\/product_tag?post=12348"}],"curies":[{"name":"wp","href":"https:\/\/api.w.org\/{rel}","templated":true}]}}