{"id":12395,"date":"2025-09-29T18:35:32","date_gmt":"2025-09-29T16:35:32","guid":{"rendered":"https:\/\/damicoline.com\/product\/crociera-cambio-marce-ape-calessino-200-euro2-classic-400\/"},"modified":"2026-04-22T14:48:08","modified_gmt":"2026-04-22T12:48:08","slug":"croisiere-de-changement-de-vitesses-piaggio-ape-calessino-200-euro-2-classic-400","status":"publish","type":"product","link":"https:\/\/damicoline.com\/fr\/produit\/croisiere-de-changement-de-vitesses-piaggio-ape-calessino-200-euro-2-classic-400\/","title":{"rendered":"Croisi\u00e8re de changement de vitesses Piaggio Ape Calessino 200 Euro 2 Classic 400"},"content":{"rendered":"<p><strong>Croisi\u00e8re de changement de vitesses pour Piaggio Ape Calessino 200 Euro 2 et Classic 400<\/strong><\/p>\n<p>Croisi\u00e8re de changement de vitesses compatible avec <strong>Piaggio Ape Calessino 200 Euro 2<\/strong> et <strong>Piaggio Ape Classic 400<\/strong>. Con\u00e7ue pour garantir des engagements fluides et pr\u00e9cis, elle r\u00e9duit l&#8217;usure et le jeu de la bo\u00eete de vitesses et am\u00e9liore la fiabilit\u00e9 de la transmission. Pi\u00e8ce de rechange robuste et durable.<\/p>\n<div class=\"text-sm text-gray-800 font-medium mb-2\"><div class=\"text-sm text-gray-800 font-medium mb-2\"><strong>Codes de r\u00e9f\u00e9rence:<\/strong> B003924<\/div><\/div>\n<div class=\"oem-box mb-4\"><div class=\"oem-box mb-4\"><p class=\"text-sm text-gray-800 font-medium mb-2\">Type: <strong>Aftermarket<\/strong><\/p><p class=\"text-sm text-gray-700 mb-1\">Composant adaptable de qualit\u00e9 professionnelle, compatible avec les v\u00e9hicules indiqu\u00e9s sur cette page.<\/p><p class=\"text-xs text-gray-500 mt-2\">Non fabriqu\u00e9 ni marqu\u00e9 par Piaggio. Marques d\u00e9tenues par leurs propri\u00e9taires.<\/p><\/div><\/div>\n<section class=\"compatibility-block mb-4\"><section class=\"compatibility-block mb-4\"><div class=\"product-extra-details\"><table class=\"woocommerce-product-attributes\"><tbody><tr><th colspan=\"2\"><span class=\"text-sm font-medium mb-2\">Compatible avec :<\/span><\/th><\/tr><tr><th>Mod\u00e8le du v\u00e9hicule \u2013 Pr\u00e9fixe du ch\u00e2ssis:<\/th><td>\ud83d\ude9a PIAGGIO APE CALESSINO 200 E2 (2013-2017) TBP4M (2013-2017) - ZAPT42PMC, ZAPT42P00<\/td><\/tr><tr><th>Mod\u00e8le du v\u00e9hicule \u2013 Pr\u00e9fixe du ch\u00e2ssis:<\/th><td>\ud83d\ude9a PIAGGIO APE CALESSINO 200 HPE E4 (2017-2023) TBPDF (2017-2023) - ZAPT64P00<\/td><\/tr><tr><th>Mod\u00e8le du v\u00e9hicule \u2013 Pr\u00e9fixe du ch\u00e2ssis:<\/th><td>\ud83d\ude9a PIAGGIO APE CLASSIC 400 IE E2 (2014-2017) S4C8 (2014-2017) - MBX000T58RC<\/td><\/tr><\/tbody><\/table><\/div><\/section><\/section>\n","protected":false},"excerpt":{"rendered":"<p>Croisi\u00e8re de changement de vitesses pour Piaggio Ape Calessino 200 Euro 2 et Classic 400 Croisi\u00e8re de changement de vitesses compatible avec Piaggio Ape Calessino 200 Euro 2 et Piaggio Ape Classic 400. Con\u00e7ue pour garantir des engagements fluides et pr\u00e9cis, elle r\u00e9duit l&#8217;usure et le jeu de la bo\u00eete de vitesses et am\u00e9liore la<\/p>\n<div class=\"klb-readmore button\"><a class=\"btn link\" href=\"https:\/\/damicoline.com\/fr\/produit\/croisiere-de-changement-de-vitesses-piaggio-ape-calessino-200-euro-2-classic-400\/\">Read More <i class=\"klbth-icon-right-arrow\"><\/i><\/a><\/div>\n","protected":false},"featured_media":12373,"template":"","meta":[],"product_brand":[2670],"product_cat":[2516,417],"product_tag":[2536],"class_list":{"0":"post-12395","1":"product","2":"type-product","3":"status-publish","4":"has-post-thumbnail","6":"product_brand-aftermarket","7":"product_cat-composants-de-boite-de-vitesses","8":"product_cat-pieces-du-moteur","9":"product_tag-b003924","11":"first","12":"instock","13":"sale","14":"taxable","15":"shipping-taxable","16":"purchasable","17":"product-type-simple"},"_links":{"self":[{"href":"https:\/\/damicoline.com\/fr\/wp-json\/wp\/v2\/product\/12395","targetHints":{"allow":["GET"]}}],"collection":[{"href":"https:\/\/damicoline.com\/fr\/wp-json\/wp\/v2\/product"}],"about":[{"href":"https:\/\/damicoline.com\/fr\/wp-json\/wp\/v2\/types\/product"}],"wp:featuredmedia":[{"embeddable":true,"href":"https:\/\/damicoline.com\/fr\/wp-json\/wp\/v2\/media\/12373"}],"wp:attachment":[{"href":"https:\/\/damicoline.com\/fr\/wp-json\/wp\/v2\/media?parent=12395"}],"wp:term":[{"taxonomy":"product_brand","embeddable":true,"href":"https:\/\/damicoline.com\/fr\/wp-json\/wp\/v2\/product_brand?post=12395"},{"taxonomy":"product_cat","embeddable":true,"href":"https:\/\/damicoline.com\/fr\/wp-json\/wp\/v2\/product_cat?post=12395"},{"taxonomy":"product_tag","embeddable":true,"href":"https:\/\/damicoline.com\/fr\/wp-json\/wp\/v2\/product_tag?post=12395"}],"curies":[{"name":"wp","href":"https:\/\/api.w.org\/{rel}","templated":true}]}}