{"id":12761,"date":"2025-10-02T15:31:04","date_gmt":"2025-10-02T13:31:04","guid":{"rendered":"https:\/\/damicoline.com\/product\/cuffia-tenuta-olio-semiasse-ape-calessino-200-euro4\/"},"modified":"2026-04-22T14:48:26","modified_gmt":"2026-04-22T12:48:26","slug":"soufflet-detancheite-dhuile-pour-arbre-de-transmission-piaggio-ape-calessino-200-euro-4","status":"publish","type":"product","link":"https:\/\/damicoline.com\/fr\/produit\/soufflet-detancheite-dhuile-pour-arbre-de-transmission-piaggio-ape-calessino-200-euro-4\/","title":{"rendered":"Soufflet d&#8217;\u00e9tanch\u00e9it\u00e9 d&#8217;huile pour arbre de transmission Piaggio Ape Calessino 200 Euro 4"},"content":{"rendered":"<p><strong>Soufflet d&#8217;\u00e9tanch\u00e9it\u00e9 d&#8217;huile pour arbre de transmission Piaggio Ape Calessino 200 Euro 4<\/strong><\/p>\n<p>Soufflet d&#8217;\u00e9tanch\u00e9it\u00e9 d&#8217;huile pour <strong>arbre de transmission<\/strong> compatible avec <strong>Piaggio Ape Calessino 200 Euro 4<\/strong>. Con\u00e7u pour garantir une \u00e9tanch\u00e9it\u00e9 efficace des lubrifiants, il prot\u00e8ge l&#8217;arbre de transmission contre les fuites et infiltrations, assurant durabilit\u00e9 et fiabilit\u00e9 \u00e0 la transmission. Pi\u00e8ce de rechange robuste et pr\u00e9cise.<\/p>\n<div class=\"text-sm text-gray-800 font-medium mb-2\"><div class=\"text-sm text-gray-800 font-medium mb-2\"><strong>Codes de r\u00e9f\u00e9rence:<\/strong> 6C000016<\/div><\/div>\n<div class=\"oem-box mb-4\"><div class=\"oem-box mb-4\"><p class=\"text-sm text-gray-800 font-medium mb-2\">Type: <strong>D\u2019origine Piaggio<\/strong><\/p><p class=\"text-sm text-gray-700 mb-1\">Composant Piaggio d\u2019origine, con\u00e7u pour un montage et des performances corrects.<\/p><p class=\"text-xs text-gray-500 mt-2\">Les marques appartiennent \u00e0 leurs propri\u00e9taires respectifs.<\/p><\/div><\/div>\n<section class=\"compatibility-block mb-4\"><section class=\"compatibility-block mb-4\"><div class=\"product-extra-details hide-below-992\"><table class=\"woocommerce-product-attributes\"><tbody><tr><th colspan=\"2\"><span class=\"text-sm font-medium mb-2\">Compatible avec :<\/span><\/th><\/tr><tr><th>Mod\u00e8le du v\u00e9hicule \u2013 Pr\u00e9fixe du ch\u00e2ssis:<\/th><td><a href=\"https:\/\/damicoline.com\/fr\/boutique\/?vx_brand=PIAGGIO&#038;vx_model=APE%20CALESSINO%20200%20HPE%20E4%20(2017-2023)&#038;vx_engine=TBPDF&#038;vx_years=2017-2023\">\ud83d\ude9a PIAGGIO APE CALESSINO 200 HPE E4 (2017-2023) TBPDF (2017-2023) - ZAPT64P00<\/a><\/td><\/tr><\/tbody><\/table><\/div><\/section><\/section>\n","protected":false},"excerpt":{"rendered":"<p>Soufflet d&#8217;\u00e9tanch\u00e9it\u00e9 d&#8217;huile pour arbre de transmission Piaggio Ape Calessino 200 Euro 4 Soufflet d&#8217;\u00e9tanch\u00e9it\u00e9 d&#8217;huile pour arbre de transmission compatible avec Piaggio Ape Calessino 200 Euro 4. Con\u00e7u pour garantir une \u00e9tanch\u00e9it\u00e9 efficace des lubrifiants, il prot\u00e8ge l&#8217;arbre de transmission contre les fuites et infiltrations, assurant durabilit\u00e9 et fiabilit\u00e9 \u00e0 la transmission. Pi\u00e8ce de<\/p>\n<div class=\"klb-readmore button\"><a class=\"btn link\" href=\"https:\/\/damicoline.com\/fr\/produit\/soufflet-detancheite-dhuile-pour-arbre-de-transmission-piaggio-ape-calessino-200-euro-4\/\">Read More <i class=\"klbth-icon-right-arrow\"><\/i><\/a><\/div>\n","protected":false},"featured_media":12762,"template":"","meta":{"_sitemap_exclude":false,"_sitemap_priority":"","_sitemap_frequency":""},"product_brand":[2672],"product_cat":[1429,1424],"product_tag":[2636],"class_list":{"0":"post-12761","1":"product","2":"type-product","3":"status-publish","4":"has-post-thumbnail","6":"product_brand-piaggio","7":"product_cat-arbre-de-transmission","8":"product_cat-transmission-arriere","9":"product_tag-6c000016","11":"first","12":"instock","13":"sale","14":"taxable","15":"shipping-taxable","16":"purchasable","17":"product-type-simple"},"_links":{"self":[{"href":"https:\/\/damicoline.com\/fr\/wp-json\/wp\/v2\/product\/12761","targetHints":{"allow":["GET"]}}],"collection":[{"href":"https:\/\/damicoline.com\/fr\/wp-json\/wp\/v2\/product"}],"about":[{"href":"https:\/\/damicoline.com\/fr\/wp-json\/wp\/v2\/types\/product"}],"wp:featuredmedia":[{"embeddable":true,"href":"https:\/\/damicoline.com\/fr\/wp-json\/wp\/v2\/media\/12762"}],"wp:attachment":[{"href":"https:\/\/damicoline.com\/fr\/wp-json\/wp\/v2\/media?parent=12761"}],"wp:term":[{"taxonomy":"product_brand","embeddable":true,"href":"https:\/\/damicoline.com\/fr\/wp-json\/wp\/v2\/product_brand?post=12761"},{"taxonomy":"product_cat","embeddable":true,"href":"https:\/\/damicoline.com\/fr\/wp-json\/wp\/v2\/product_cat?post=12761"},{"taxonomy":"product_tag","embeddable":true,"href":"https:\/\/damicoline.com\/fr\/wp-json\/wp\/v2\/product_tag?post=12761"}],"curies":[{"name":"wp","href":"https:\/\/api.w.org\/{rel}","templated":true}]}}