{"id":12777,"date":"2025-10-02T17:17:43","date_gmt":"2025-10-02T15:17:43","guid":{"rendered":"https:\/\/damicoline.com\/product\/cavo-marcia-indietro-ape-calessino-ldw422\/"},"modified":"2025-10-02T19:11:16","modified_gmt":"2025-10-02T17:11:16","slug":"cable-marche-arriere-pour-piaggio-ape-calessino-ldw422","status":"publish","type":"product","link":"https:\/\/damicoline.com\/fr\/produit\/cable-marche-arriere-pour-piaggio-ape-calessino-ldw422\/","title":{"rendered":"C\u00e2ble marche arri\u00e8re pour Piaggio Ape Calessino LDW422"},"content":{"rendered":"<p><strong>C\u00e2ble marche arri\u00e8re pour Piaggio Ape Calessino LDW422<\/strong><\/p>\n<p>C\u00e2ble de commande <strong>marche arri\u00e8re<\/strong> compatible avec <strong>Piaggio Ape Calessino LDW422<\/strong>. Assure un engagement pr\u00e9cis et fluide de la marche arri\u00e8re, r\u00e9duit les jeux et garantit la fiabilit\u00e9 de la transmission. Pi\u00e8ce de rechange robuste, con\u00e7ue pour la durabilit\u00e9 et des performances constantes.<\/p>\n<div class=\"text-sm text-gray-800 font-medium mb-2\"><div class=\"text-sm text-gray-800 font-medium mb-2\"><strong>Codes de r\u00e9f\u00e9rence:<\/strong> 661767<\/div><\/div>\n<div class=\"oem-box mb-4\">\t\t\t\t<div class=\"oem-box mb-4\">\n\t\t\t\t\t<p class=\"text-sm text-gray-800 font-medium mb-2\">Type: <strong>Aftermarket<\/strong><\/p>\n\t\t\t\t\t<p class=\"text-sm text-gray-700 mb-1\">Composant adaptable de qualit\u00e9 professionnelle, compatible avec les v\u00e9hicules indiqu\u00e9s sur cette page.<\/p>\n\t\t\t\t\t<p class=\"text-xs text-gray-500 mt-2\">*Non fabriqu\u00e9 ni marqu\u00e9 par Piaggio. Marques d\u00e9tenues par leurs propri\u00e9taires.<\/p>\n\t\t\t\t<\/div>\n\t\t\t<\/div>\n<section class=\"compatibility-block mb-4\"><section class=\"compatibility-block mb-4\"><div class=\"product-extra-details hide-below-992\"><table class=\"woocommerce-product-attributes\"><tbody><tr><th colspan=\"2\"><span class=\"text-sm font-medium mb-2\">Compatible avec :<\/span><\/th><\/tr><tr><th>Mod\u00e8le du v\u00e9hicule \u2013 Pr\u00e9fixe du ch\u00e2ssis:<\/th><td><a href=\"https:\/\/damicoline.com\/fr\/boutique\/?vx_brand=PIAGGIO&#038;vx_model=APE%20CALESSINO%20422%20E2%20(2007-2012)&#038;vx_engine=LDW422&#038;vx_years=2007-2012\">\ud83d\ude9a PIAGGIO APE CALESSINO 422 E2 (2007-2012) LDW422 (2007-2012) - ZAPT2D4MC, ZAPT3E9AC<\/a><\/td><\/tr><\/tbody><\/table><\/div><\/section><\/section>\n","protected":false},"excerpt":{"rendered":"<p>C\u00e2ble marche arri\u00e8re pour Piaggio Ape Calessino LDW422 C\u00e2ble de commande marche arri\u00e8re compatible avec Piaggio Ape Calessino LDW422. Assure un engagement pr\u00e9cis et fluide de la marche arri\u00e8re, r\u00e9duit les jeux et garantit la fiabilit\u00e9 de la transmission. Pi\u00e8ce de rechange robuste, con\u00e7ue pour la durabilit\u00e9 et des performances constantes.<\/p>\n","protected":false},"featured_media":12778,"template":"","meta":{"_sitemap_exclude":false,"_sitemap_priority":"","_sitemap_frequency":""},"product_brand":[2670],"product_cat":[2651,2646],"product_tag":[2661],"class_list":{"0":"post-12777","1":"product","2":"type-product","3":"status-publish","4":"has-post-thumbnail","6":"product_brand-aftermarket","7":"product_cat-cables-de-selecteur-de-vitesses","8":"product_cat-transmissions-et-cables","9":"product_tag-2661","11":"first","12":"instock","13":"sale","14":"taxable","15":"shipping-taxable","16":"purchasable","17":"product-type-simple"},"_links":{"self":[{"href":"https:\/\/damicoline.com\/fr\/wp-json\/wp\/v2\/product\/12777","targetHints":{"allow":["GET"]}}],"collection":[{"href":"https:\/\/damicoline.com\/fr\/wp-json\/wp\/v2\/product"}],"about":[{"href":"https:\/\/damicoline.com\/fr\/wp-json\/wp\/v2\/types\/product"}],"wp:featuredmedia":[{"embeddable":true,"href":"https:\/\/damicoline.com\/fr\/wp-json\/wp\/v2\/media\/12778"}],"wp:attachment":[{"href":"https:\/\/damicoline.com\/fr\/wp-json\/wp\/v2\/media?parent=12777"}],"wp:term":[{"taxonomy":"product_brand","embeddable":true,"href":"https:\/\/damicoline.com\/fr\/wp-json\/wp\/v2\/product_brand?post=12777"},{"taxonomy":"product_cat","embeddable":true,"href":"https:\/\/damicoline.com\/fr\/wp-json\/wp\/v2\/product_cat?post=12777"},{"taxonomy":"product_tag","embeddable":true,"href":"https:\/\/damicoline.com\/fr\/wp-json\/wp\/v2\/product_tag?post=12777"}],"curies":[{"name":"wp","href":"https:\/\/api.w.org\/{rel}","templated":true}]}}