{"id":13027,"date":"2025-10-28T13:36:20","date_gmt":"2025-10-28T12:36:20","guid":{"rendered":"https:\/\/damicoline.com\/product\/semiasse-completo-piaggio-ape-calessino-lcs-diesel\/"},"modified":"2026-04-22T14:48:42","modified_gmt":"2026-04-22T12:48:42","slug":"arbre-de-transmission-complet-pour-piaggio-ape-calessino-et-ape-lcs-diesel","status":"publish","type":"product","link":"https:\/\/damicoline.com\/fr\/produit\/arbre-de-transmission-complet-pour-piaggio-ape-calessino-et-ape-lcs-diesel\/","title":{"rendered":"Arbre de transmission complet pour Piaggio Ape Calessino et Ape LCS Diesel"},"content":{"rendered":"<p><strong>Arbre de transmission complet pour Piaggio Ape Calessino et Ape LCS Diesel<\/strong><\/p>\n<p>Arbre de transmission complet compatible avec <strong>Piaggio Ape Calessino<\/strong> et <strong>Ape LCS Diesel<\/strong>, longueur <strong>415 mm<\/strong>. Livr\u00e9 avec <strong>soufflets d&#8217;\u00e9tanch\u00e9it\u00e9 d&#8217;huile d\u00e9j\u00e0 install\u00e9s<\/strong>, pr\u00eat pour le montage. Assure une transmission fluide du couple moteur, r\u00e9duit les vibrations et garantit une longue dur\u00e9e de vie. Pi\u00e8ce de rechange de haute qualit\u00e9, rare et disponible uniquement chez nous.<\/p>\n<p><em>Remarque :<\/em> pour compl\u00e9ter le montage, il est n\u00e9cessaire d&#8217;acheter s\u00e9par\u00e9ment le composant suivant :<\/p>\n<ul>\n<li><strong>Moyeu d&#8217;arbre de transmission pour attache de joint<\/strong><br \/>\nCode : <a href=\"\/?s=111498&amp;post_type=product\"><code>111498<\/code><\/a><\/li>\n<\/ul>\n<p><a href=\"https:\/\/damicoline.com\/wp-content\/uploads\/2025\/09\/Semiasse-415mm.jpg\" target=\"_blank\" rel=\"noopener\"><br \/>\n<img decoding=\"async\" style=\"max-width: 100%; height: auto;\" src=\"https:\/\/damicoline.com\/wp-content\/uploads\/2025\/09\/Semiasse-415mm.jpg\" alt=\"Arbre de transmission complet 415mm Piaggio Ape Calessino et Ape LCS Diesel\" width=\"300\" \/><br \/>\n<\/a><\/p>\n<div class=\"text-sm text-gray-800 font-medium mb-2\"><div class=\"text-sm text-gray-800 font-medium mb-2\"><strong>Codes de r\u00e9f\u00e9rence:<\/strong> 850235 \u2013 L8050028<\/div><\/div>\n<div class=\"oem-box mb-4\"><div class=\"oem-box mb-4\"><p class=\"text-sm text-gray-800 font-medium mb-2\">Type: <strong>Aftermarket<\/strong><\/p><p class=\"text-sm text-gray-700 mb-1\">Composant adaptable de qualit\u00e9 professionnelle, compatible avec les v\u00e9hicules indiqu\u00e9s sur cette page.<\/p><p class=\"text-xs text-gray-500 mt-2\">Non fabriqu\u00e9 ni marqu\u00e9 par Piaggio. Marques d\u00e9tenues par leurs propri\u00e9taires.<\/p><\/div><\/div>\n<section class=\"compatibility-block mb-4\"><section class=\"compatibility-block mb-4\"><div class=\"product-extra-details hide-below-992\"><table class=\"woocommerce-product-attributes\"><tbody><tr><th colspan=\"2\"><span class=\"text-sm font-medium mb-2\">Compatible avec :<\/span><\/th><\/tr><tr><th>Mod\u00e8le du v\u00e9hicule \u2013 Pr\u00e9fixe du ch\u00e2ssis:<\/th><td><a href=\"https:\/\/damicoline.com\/fr\/boutique\/?vx_brand=PIAGGIO&#038;vx_model=APE%20CALESSINO%20422%20E2%20(2007-2012)&#038;vx_engine=LDW422&#038;vx_years=2007-2012\">\ud83d\ude9a PIAGGIO APE CALESSINO 422 E2 (2007-2012) LDW422 (2007-2012) - ZAPT2D4MC, ZAPT3E9AC<\/a><\/td><\/tr><tr><th>Mod\u00e8le du v\u00e9hicule \u2013 Pr\u00e9fixe du ch\u00e2ssis:<\/th><td><a href=\"https:\/\/damicoline.com\/fr\/boutique\/?vx_brand=PIAGGIO&#038;vx_model=APE%20TM703%20DIESEL%20LCS%20422%20E1%20(2005-2012)&#038;vx_engine=ATD2M&#038;vx_years=2005-2012\">\ud83d\ude9a PIAGGIO APE TM703 DIESEL LCS 422 E1 (2005-2012) ATD2M (2005-2012) - ZAPT10000<\/a><\/td><\/tr><\/tbody><\/table><\/div><\/section><\/section>\n","protected":false},"excerpt":{"rendered":"<p>Arbre de transmission complet pour Piaggio Ape Calessino et Ape LCS Diesel Arbre de transmission complet compatible avec Piaggio Ape Calessino et Ape LCS Diesel, longueur 415 mm. Livr\u00e9 avec soufflets d&#8217;\u00e9tanch\u00e9it\u00e9 d&#8217;huile d\u00e9j\u00e0 install\u00e9s, pr\u00eat pour le montage. Assure une transmission fluide du couple moteur, r\u00e9duit les vibrations et garantit une longue dur\u00e9e de<\/p>\n<div class=\"klb-readmore button\"><a class=\"btn link\" href=\"https:\/\/damicoline.com\/fr\/produit\/arbre-de-transmission-complet-pour-piaggio-ape-calessino-et-ape-lcs-diesel\/\">Read More <i class=\"klbth-icon-right-arrow\"><\/i><\/a><\/div>\n","protected":false},"featured_media":13028,"template":"","meta":{"_sitemap_exclude":false,"_sitemap_priority":"","_sitemap_frequency":""},"product_brand":[],"product_cat":[1429,1424],"product_tag":[3862,2425],"class_list":{"0":"post-13027","1":"product","2":"type-product","3":"status-publish","4":"has-post-thumbnail","6":"product_cat-arbre-de-transmission","7":"product_cat-transmission-arriere","8":"product_tag-3862","9":"product_tag-l8050028","11":"first","12":"outofstock","13":"sale","14":"taxable","15":"shipping-taxable","16":"purchasable","17":"product-type-simple"},"_links":{"self":[{"href":"https:\/\/damicoline.com\/fr\/wp-json\/wp\/v2\/product\/13027","targetHints":{"allow":["GET"]}}],"collection":[{"href":"https:\/\/damicoline.com\/fr\/wp-json\/wp\/v2\/product"}],"about":[{"href":"https:\/\/damicoline.com\/fr\/wp-json\/wp\/v2\/types\/product"}],"wp:featuredmedia":[{"embeddable":true,"href":"https:\/\/damicoline.com\/fr\/wp-json\/wp\/v2\/media\/13028"}],"wp:attachment":[{"href":"https:\/\/damicoline.com\/fr\/wp-json\/wp\/v2\/media?parent=13027"}],"wp:term":[{"taxonomy":"product_brand","embeddable":true,"href":"https:\/\/damicoline.com\/fr\/wp-json\/wp\/v2\/product_brand?post=13027"},{"taxonomy":"product_cat","embeddable":true,"href":"https:\/\/damicoline.com\/fr\/wp-json\/wp\/v2\/product_cat?post=13027"},{"taxonomy":"product_tag","embeddable":true,"href":"https:\/\/damicoline.com\/fr\/wp-json\/wp\/v2\/product_tag?post=13027"}],"curies":[{"name":"wp","href":"https:\/\/api.w.org\/{rel}","templated":true}]}}