{"id":13051,"date":"2025-10-28T15:53:10","date_gmt":"2025-10-28T14:53:10","guid":{"rendered":"https:\/\/damicoline.com\/product\/set-pistoni-standard-piaggio-porter-multitech-euro6-dam13r\/"},"modified":"2025-10-28T15:59:42","modified_gmt":"2025-10-28T14:59:42","slug":"ensemble-de-pistons-standard-pour-piaggio-porter-multitech-euro-6-dam13r","status":"publish","type":"product","link":"https:\/\/damicoline.com\/fr\/produit\/ensemble-de-pistons-standard-pour-piaggio-porter-multitech-euro-6-dam13r\/","title":{"rendered":"Ensemble de pistons standard pour Piaggio Porter Multitech Euro 6 DAM13R"},"content":{"rendered":"<p><strong>Ensemble de pistons standard pour Piaggio Porter Multitech Euro 6 (DAM13R)<\/strong><\/p>\n<p>Ensemble complet de <strong>pistons standard<\/strong> compatible avec <strong>Piaggio Porter Multitech Euro 6<\/strong> (moteur <strong>DAM13R<\/strong>). Con\u00e7u pour garantir une compression optimale et des performances maximales, il assure durabilit\u00e9, efficacit\u00e9 et fiabilit\u00e9 du moteur dans le temps.<\/p>\n<p>L&#8217;ensemble comprend:<\/p>\n<ul>\n<li>4 <strong>pistons standard<\/strong><\/li>\n<li>4 <strong>s\u00e9ries de segments de piston<\/strong><\/li>\n<li>8 <strong>clips de goupille<\/strong><\/li>\n<li>4 <strong>goupilles<\/strong><\/li>\n<\/ul>\n<p>Pi\u00e8ce de rechange de qualit\u00e9, conforme aux sp\u00e9cifications d&#8217;origine, id\u00e9ale pour les interventions de r\u00e9vision et de restauration du moteur.<\/p>\n<div class=\"text-sm text-gray-800 font-medium mb-2\"><div class=\"text-sm text-gray-800 font-medium mb-2\"><strong>Codes de r\u00e9f\u00e9rence:<\/strong> 1A005490<\/div><\/div>\n<div class=\"oem-box mb-4\">\t\t\t\t<div class=\"oem-box mb-4\">\n\t\t\t\t\t<p class=\"text-sm text-gray-800 font-medium mb-2\">Type: <strong>OEM (Foton)<\/strong><\/p>\n\t\t\t\t\t<p class=\"text-sm text-gray-700 mb-1\">Composant de niveau OEM fabriqu\u00e9 par <strong>Foton<\/strong>, conforme aux sp\u00e9cifications d\u2019origine pour un montage correct.<\/p>\n\t\t\t\t\t<p class=\"text-xs text-gray-500 mt-2\">*Non marqu\u00e9 Piaggio. Les marques appartiennent \u00e0 leurs propri\u00e9taires.<\/p>\n\t\t\t\t<\/div>\n\t\t\t<\/div>\n<section class=\"compatibility-block mb-4\"><section class=\"compatibility-block mb-4\"><div class=\"product-extra-details hide-below-992\"><table class=\"woocommerce-product-attributes\"><tbody><tr><th colspan=\"2\"><span class=\"text-sm font-medium mb-2\">Compatible avec :<\/span><\/th><\/tr><tr><th>Mod\u00e8le du v\u00e9hicule \u2013 Pr\u00e9fixe du ch\u00e2ssis:<\/th><td><a href=\"https:\/\/damicoline.com\/fr\/boutique\/?vx_brand=PIAGGIO&#038;vx_model=PORTER%20Maxxi%201.3%20LPG%20(2015-2020)&#038;vx_engine=DAM13R&#038;vx_years=2015-2020\">\ud83d\ude9a PIAGGIO PORTER Maxxi 1.3 LPG (2015-2020) DAM13R (2015-2020) - ZAPS90AG, ZAPS90DG, ZAPS90RG<\/a><\/td><\/tr><tr><th>Mod\u00e8le du v\u00e9hicule \u2013 Pr\u00e9fixe du ch\u00e2ssis:<\/th><td><a href=\"https:\/\/damicoline.com\/fr\/boutique\/?vx_brand=PIAGGIO&#038;vx_model=PORTER%20Pianale%20piatto\/Telaio%201.3%20LPG%20(2015-2020)&#038;vx_engine=DAM13R&#038;vx_years=2015-2020\">\ud83d\ude9a PIAGGIO PORTER Pianale piatto\/Telaio 1.3 LPG (2015-2020) DAM13R (2015-2020) - ZAPS89CGW, ZAPS89PGW, ZAPS90VGW, ZAPS90TGW, ZAPS90PGW, ZAPS90CGW<\/a><\/td><\/tr><\/tbody><\/table><\/div><\/section><\/section>\n","protected":false},"excerpt":{"rendered":"<p>Ensemble de pistons standard pour Piaggio Porter Multitech Euro 6 (DAM13R) Ensemble complet de pistons standard compatible avec Piaggio Porter Multitech Euro 6 (moteur DAM13R). Con\u00e7u pour garantir une compression optimale et des performances maximales, il assure durabilit\u00e9, efficacit\u00e9 et fiabilit\u00e9 du moteur dans le temps. L&#8217;ensemble comprend: 4 pistons standard 4 s\u00e9ries de segments<\/p>\n<div class=\"klb-readmore button\"><a class=\"btn link\" href=\"https:\/\/damicoline.com\/fr\/produit\/ensemble-de-pistons-standard-pour-piaggio-porter-multitech-euro-6-dam13r\/\">Read More <i class=\"klbth-icon-right-arrow\"><\/i><\/a><\/div>\n","protected":false},"featured_media":13052,"template":"","meta":{"_sitemap_exclude":false,"_sitemap_priority":"","_sitemap_frequency":""},"product_brand":[2671],"product_cat":[1321,417],"product_tag":[2676],"class_list":{"0":"post-13051","1":"product","2":"type-product","3":"status-publish","4":"has-post-thumbnail","6":"product_brand-foton","7":"product_cat-ensemble-piston","8":"product_cat-pieces-du-moteur","9":"product_tag-1a005490","11":"first","12":"instock","13":"sale","14":"taxable","15":"shipping-taxable","16":"purchasable","17":"product-type-simple"},"_links":{"self":[{"href":"https:\/\/damicoline.com\/fr\/wp-json\/wp\/v2\/product\/13051","targetHints":{"allow":["GET"]}}],"collection":[{"href":"https:\/\/damicoline.com\/fr\/wp-json\/wp\/v2\/product"}],"about":[{"href":"https:\/\/damicoline.com\/fr\/wp-json\/wp\/v2\/types\/product"}],"wp:featuredmedia":[{"embeddable":true,"href":"https:\/\/damicoline.com\/fr\/wp-json\/wp\/v2\/media\/13052"}],"wp:attachment":[{"href":"https:\/\/damicoline.com\/fr\/wp-json\/wp\/v2\/media?parent=13051"}],"wp:term":[{"taxonomy":"product_brand","embeddable":true,"href":"https:\/\/damicoline.com\/fr\/wp-json\/wp\/v2\/product_brand?post=13051"},{"taxonomy":"product_cat","embeddable":true,"href":"https:\/\/damicoline.com\/fr\/wp-json\/wp\/v2\/product_cat?post=13051"},{"taxonomy":"product_tag","embeddable":true,"href":"https:\/\/damicoline.com\/fr\/wp-json\/wp\/v2\/product_tag?post=13051"}],"curies":[{"name":"wp","href":"https:\/\/api.w.org\/{rel}","templated":true}]}}