{"id":13074,"date":"2025-10-28T16:41:41","date_gmt":"2025-10-28T15:41:41","guid":{"rendered":"https:\/\/damicoline.com\/product\/set-cavi-candela-per-piaggio-porter-multitech-euro-6\/"},"modified":"2026-04-22T14:48:53","modified_gmt":"2026-04-22T12:48:53","slug":"ensemble-de-cables-de-bougie-pour-piaggio-porter-multitech-euro-6","status":"publish","type":"product","link":"https:\/\/damicoline.com\/fr\/produit\/ensemble-de-cables-de-bougie-pour-piaggio-porter-multitech-euro-6\/","title":{"rendered":"Ensemble de c\u00e2bles de bougie pour Piaggio Porter Multitech Euro 6"},"content":{"rendered":"<p><strong>Ensemble de c\u00e2bles de bougie pour Piaggio Porter Multitech Euro 6<\/strong><\/p>\n<p>Ensemble complet <strong>c\u00e2bles de bougie<\/strong> compatible avec <strong>Piaggio Porter Multitech Euro 6<\/strong>. Con\u00e7u pour garantir une transmission optimale du courant d&#8217;allumage, am\u00e9liore l&#8217;efficacit\u00e9 du moteur et assure des d\u00e9marrages rapides et r\u00e9guliers. Pi\u00e8ce de rechange de haute qualit\u00e9, r\u00e9sistante \u00e0 la chaleur et aux vibrations.<\/p>\n<p>L&#8217;ensemble comprend:<\/p>\n<ul>\n<li>1 <strong>c\u00e2ble de bougie court<\/strong> \u2013 Code: <a href=\"\/?s=CM279502&amp;post_type=product\"><code>CM279502<\/code><\/a><\/li>\n<li>1 <strong>c\u00e2ble de bougie long<\/strong> \u2013 Code: <a href=\"\/?s=CM279501&amp;post_type=product\"><code>CM279501<\/code><\/a><\/li>\n<\/ul>\n<p>Id\u00e9al pour l&#8217;entretien complet du syst\u00e8me d&#8217;allumage du moteur <strong>DAM13R<\/strong>.<\/p>\n<div class=\"text-sm text-gray-800 font-medium mb-2\"><div class=\"text-sm text-gray-800 font-medium mb-2\"><strong>Codes de r\u00e9f\u00e9rence:<\/strong> CM279501 \u2013 CM279502<\/div><\/div>\n<div class=\"oem-box mb-4\"><div class=\"oem-box mb-4\"><p class=\"text-sm text-gray-800 font-medium mb-2\">Type: <strong>OEM (Foton)<\/strong><\/p><p class=\"text-sm text-gray-700 mb-1\">Composant de niveau OEM fabriqu\u00e9 par Foton, conforme aux sp\u00e9cifications d\u2019origine pour un montage correct.<\/p><p class=\"text-xs text-gray-500 mt-2\">Non marqu\u00e9 Piaggio. Les marques appartiennent \u00e0 leurs propri\u00e9taires.<\/p><\/div><\/div>\n<section class=\"compatibility-block mb-4\"><section class=\"compatibility-block mb-4\"><div class=\"product-extra-details hide-below-992\"><table class=\"woocommerce-product-attributes\"><tbody><tr><th colspan=\"2\"><span class=\"text-sm font-medium mb-2\">Compatible avec :<\/span><\/th><\/tr><tr><th>Mod\u00e8le du v\u00e9hicule \u2013 Pr\u00e9fixe du ch\u00e2ssis:<\/th><td><a href=\"https:\/\/damicoline.com\/fr\/boutique\/?vx_brand=PIAGGIO&#038;vx_model=PORTER%20Maxxi%201.3%20LPG%20(2015-2020)&#038;vx_engine=DAM13R&#038;vx_years=2015-2020\">\ud83d\ude9a PIAGGIO PORTER Maxxi 1.3 LPG (2015-2020) DAM13R (2015-2020) - ZAPS90AG, ZAPS90DG, ZAPS90RG<\/a><\/td><\/tr><tr><th>Mod\u00e8le du v\u00e9hicule \u2013 Pr\u00e9fixe du ch\u00e2ssis:<\/th><td><a href=\"https:\/\/damicoline.com\/fr\/boutique\/?vx_brand=PIAGGIO&#038;vx_model=PORTER%20Pianale%20piatto\/Telaio%201.3%20LPG%20(2015-2020)&#038;vx_engine=DAM13R&#038;vx_years=2015-2020\">\ud83d\ude9a PIAGGIO PORTER Pianale piatto\/Telaio 1.3 LPG (2015-2020) DAM13R (2015-2020) - ZAPS89CGW, ZAPS89PGW, ZAPS90VGW, ZAPS90TGW, ZAPS90PGW, ZAPS90CGW<\/a><\/td><\/tr><\/tbody><\/table><\/div><\/section><\/section>\n","protected":false},"excerpt":{"rendered":"<p>Ensemble de c\u00e2bles de bougie pour Piaggio Porter Multitech Euro 6 Ensemble complet c\u00e2bles de bougie compatible avec Piaggio Porter Multitech Euro 6. Con\u00e7u pour garantir une transmission optimale du courant d&#8217;allumage, am\u00e9liore l&#8217;efficacit\u00e9 du moteur et assure des d\u00e9marrages rapides et r\u00e9guliers. Pi\u00e8ce de rechange de haute qualit\u00e9, r\u00e9sistante \u00e0 la chaleur et aux<\/p>\n<div class=\"klb-readmore button\"><a class=\"btn link\" href=\"https:\/\/damicoline.com\/fr\/produit\/ensemble-de-cables-de-bougie-pour-piaggio-porter-multitech-euro-6\/\">Read More <i class=\"klbth-icon-right-arrow\"><\/i><\/a><\/div>\n","protected":false},"featured_media":13075,"template":"","meta":{"_sitemap_exclude":false,"_sitemap_priority":"","_sitemap_frequency":""},"product_brand":[2671],"product_cat":[552,417],"product_tag":[2688,2689],"class_list":{"0":"post-13074","1":"product","2":"type-product","3":"status-publish","4":"has-post-thumbnail","6":"product_brand-foton","7":"product_cat-allumage","8":"product_cat-pieces-du-moteur","9":"product_tag-cm279501","10":"product_tag-cm279502","12":"first","13":"instock","14":"sale","15":"taxable","16":"shipping-taxable","17":"purchasable","18":"product-type-simple"},"_links":{"self":[{"href":"https:\/\/damicoline.com\/fr\/wp-json\/wp\/v2\/product\/13074","targetHints":{"allow":["GET"]}}],"collection":[{"href":"https:\/\/damicoline.com\/fr\/wp-json\/wp\/v2\/product"}],"about":[{"href":"https:\/\/damicoline.com\/fr\/wp-json\/wp\/v2\/types\/product"}],"wp:featuredmedia":[{"embeddable":true,"href":"https:\/\/damicoline.com\/fr\/wp-json\/wp\/v2\/media\/13075"}],"wp:attachment":[{"href":"https:\/\/damicoline.com\/fr\/wp-json\/wp\/v2\/media?parent=13074"}],"wp:term":[{"taxonomy":"product_brand","embeddable":true,"href":"https:\/\/damicoline.com\/fr\/wp-json\/wp\/v2\/product_brand?post=13074"},{"taxonomy":"product_cat","embeddable":true,"href":"https:\/\/damicoline.com\/fr\/wp-json\/wp\/v2\/product_cat?post=13074"},{"taxonomy":"product_tag","embeddable":true,"href":"https:\/\/damicoline.com\/fr\/wp-json\/wp\/v2\/product_tag?post=13074"}],"curies":[{"name":"wp","href":"https:\/\/api.w.org\/{rel}","templated":true}]}}