{"id":13520,"date":"2025-11-25T11:03:00","date_gmt":"2025-11-25T10:03:00","guid":{"rendered":"https:\/\/damicoline.com\/product\/kit-o-ring-coperchio-punterie-piaggio-porter-multitech-euro-4-5\/"},"modified":"2025-11-25T11:15:05","modified_gmt":"2025-11-25T10:15:05","slug":"kit-o-ring-couvercle-de-culbuteurs-piaggio-porter-multitech-euro-4-5","status":"publish","type":"product","link":"https:\/\/damicoline.com\/fr\/produit\/kit-o-ring-couvercle-de-culbuteurs-piaggio-porter-multitech-euro-4-5\/","title":{"rendered":"Kit O-Ring couvercle de culbuteurs Piaggio Porter Multitech Euro 4-5"},"content":{"rendered":"<p><strong>Kit O-Ring couvercle de culbuteurs pour Piaggio Porter Multitech Euro 4-5<\/strong><\/p>\n<p>Kit compos\u00e9 de <strong>4 O-Ring<\/strong> sp\u00e9cifiques pour le <strong>couvercle de culbuteurs<\/strong> du moteur <strong>Piaggio Porter Multitech Euro 4 et Euro 5<\/strong>. Ces O-Ring assurent l&#8217;\u00e9tanch\u00e9it\u00e9 correcte des <strong>tiges<\/strong> des puits de bougies (passages o\u00f9 sont log\u00e9es les bougies \u00e0 l&#8217;int\u00e9rieur du couvercle de culbuteurs), \u00e9vitant les fuites d&#8217;huile et maintenant la zone s\u00e8che et propre.<\/p>\n<ul>\n<li><strong>Quantit\u00e9 :<\/strong> 4 pi\u00e8ces<\/li>\n<li><strong>Fonction :<\/strong> \u00e9tanch\u00e9it\u00e9 des puits \/ tubes de bougie<\/li>\n<li><strong>Position :<\/strong> ins\u00e9r\u00e9s dans le couvercle de culbuteurs, dans les passages des bougies<\/li>\n<\/ul>\n<div class=\"text-sm text-gray-800 font-medium mb-2\"><div class=\"text-sm text-gray-800 font-medium mb-2\"><strong>Codes de r\u00e9f\u00e9rence:<\/strong> B010076<\/div><\/div>\n<div class=\"oem-box mb-4\">\t\t\t\t<div class=\"oem-box mb-4\">\n\t\t\t\t\t<p class=\"text-sm text-gray-800 font-medium mb-2\">Type: <strong>Aftermarket<\/strong><\/p>\n\t\t\t\t\t<p class=\"text-sm text-gray-700 mb-1\">Composant adaptable de qualit\u00e9 professionnelle, compatible avec les v\u00e9hicules indiqu\u00e9s sur cette page.<\/p>\n\t\t\t\t\t<p class=\"text-xs text-gray-500 mt-2\">*Non fabriqu\u00e9 ni marqu\u00e9 par Piaggio. Marques d\u00e9tenues par leurs propri\u00e9taires.<\/p>\n\t\t\t\t<\/div>\n\t\t\t<\/div>\n<section class=\"compatibility-block mb-4\"><section class=\"compatibility-block mb-4\"><div class=\"product-extra-details hide-below-992\"><table class=\"woocommerce-product-attributes\"><tbody><tr><th colspan=\"2\"><span class=\"text-sm font-medium mb-2\">Compatible avec :<\/span><\/th><\/tr><tr><th>Mod\u00e8le du v\u00e9hicule \u2013 Pr\u00e9fixe du ch\u00e2ssis:<\/th><td><a href=\"https:\/\/damicoline.com\/fr\/boutique\/?vx_brand=PIAGGIO&#038;vx_model=PORTER%20Maxxi%201.3%20(2010-2015)&#038;vx_engine=DA471QLR&#038;vx_years=2010-2015\">\ud83d\ude9a PIAGGIO PORTER Maxxi 1.3 (2010-2015) DA471QLR (2010-2015) - ZAPS90DJ, ZAPS90AJ, ZAPS90RJ<\/a><\/td><\/tr><tr><th>Mod\u00e8le du v\u00e9hicule \u2013 Pr\u00e9fixe du ch\u00e2ssis:<\/th><td><a href=\"https:\/\/damicoline.com\/fr\/boutique\/?vx_brand=PIAGGIO&#038;vx_model=PORTER%20Pianale%20piatto\/Telaio%201.3%20(2010-2015)&#038;vx_engine=DA471QLR&#038;vx_years=2010-2015\">\ud83d\ude9a PIAGGIO PORTER Pianale piatto\/Telaio 1.3 (2010-2015) DA471QLR (2010-2015) - ZAPS90CJ, ZAPS90PJ, ZAPS90TJ, ZAPS90VJ<\/a><\/td><\/tr><\/tbody><\/table><\/div><\/section><\/section>\n","protected":false},"excerpt":{"rendered":"<p>Kit O-Ring couvercle de culbuteurs pour Piaggio Porter Multitech Euro 4-5 Kit compos\u00e9 de 4 O-Ring sp\u00e9cifiques pour le couvercle de culbuteurs du moteur Piaggio Porter Multitech Euro 4 et Euro 5. Ces O-Ring assurent l&#8217;\u00e9tanch\u00e9it\u00e9 correcte des tiges des puits de bougies (passages o\u00f9 sont log\u00e9es les bougies \u00e0 l&#8217;int\u00e9rieur du couvercle de culbuteurs),<\/p>\n<div class=\"klb-readmore button\"><a class=\"btn link\" href=\"https:\/\/damicoline.com\/fr\/produit\/kit-o-ring-couvercle-de-culbuteurs-piaggio-porter-multitech-euro-4-5\/\">Read More <i class=\"klbth-icon-right-arrow\"><\/i><\/a><\/div>\n","protected":false},"featured_media":13521,"template":"","meta":{"_sitemap_exclude":false,"_sitemap_priority":"","_sitemap_frequency":""},"product_brand":[2670],"product_cat":[1122,417],"product_tag":[2814],"class_list":{"0":"post-13520","1":"product","2":"type-product","3":"status-publish","4":"has-post-thumbnail","6":"product_brand-aftermarket","7":"product_cat-joints-moteur","8":"product_cat-pieces-du-moteur","9":"product_tag-b010076","11":"first","12":"instock","13":"sale","14":"taxable","15":"shipping-taxable","16":"purchasable","17":"product-type-simple"},"_links":{"self":[{"href":"https:\/\/damicoline.com\/fr\/wp-json\/wp\/v2\/product\/13520","targetHints":{"allow":["GET"]}}],"collection":[{"href":"https:\/\/damicoline.com\/fr\/wp-json\/wp\/v2\/product"}],"about":[{"href":"https:\/\/damicoline.com\/fr\/wp-json\/wp\/v2\/types\/product"}],"wp:featuredmedia":[{"embeddable":true,"href":"https:\/\/damicoline.com\/fr\/wp-json\/wp\/v2\/media\/13521"}],"wp:attachment":[{"href":"https:\/\/damicoline.com\/fr\/wp-json\/wp\/v2\/media?parent=13520"}],"wp:term":[{"taxonomy":"product_brand","embeddable":true,"href":"https:\/\/damicoline.com\/fr\/wp-json\/wp\/v2\/product_brand?post=13520"},{"taxonomy":"product_cat","embeddable":true,"href":"https:\/\/damicoline.com\/fr\/wp-json\/wp\/v2\/product_cat?post=13520"},{"taxonomy":"product_tag","embeddable":true,"href":"https:\/\/damicoline.com\/fr\/wp-json\/wp\/v2\/product_tag?post=13520"}],"curies":[{"name":"wp","href":"https:\/\/api.w.org\/{rel}","templated":true}]}}