{"id":13534,"date":"2025-11-25T12:36:45","date_gmt":"2025-11-25T11:36:45","guid":{"rendered":"https:\/\/damicoline.com\/product\/cilindretto-freno-anteriore-piaggio-ape-tm-703\/"},"modified":"2025-11-25T12:41:56","modified_gmt":"2025-11-25T11:41:56","slug":"cylindre-de-frein-avant-pour-piaggio-ape-tm-703-piece-de-rechange","status":"publish","type":"product","link":"https:\/\/damicoline.com\/fr\/produit\/cylindre-de-frein-avant-pour-piaggio-ape-tm-703-piece-de-rechange\/","title":{"rendered":"Cylindre de frein avant pour Piaggio Ape TM 703 pi\u00e8ce de rechange"},"content":{"rendered":"<p><strong>Cylindre de frein avant pour Piaggio Ape TM 703<\/strong><\/p>\n<p>Cylindre de frein avant compatible avec <strong>Piaggio Ape TM 703<\/strong>. Con\u00e7u pour garantir une pression stable dans le circuit hydraulique, il am\u00e9liore le freinage et r\u00e9duit les fuites ou d\u00e9faillances du syst\u00e8me. Pi\u00e8ce de rechange de qualit\u00e9, fiable et durable dans le temps.<\/p>\n<div class=\"text-sm text-gray-800 font-medium mb-2\"><div class=\"text-sm text-gray-800 font-medium mb-2\"><strong>Codes de r\u00e9f\u00e9rence:<\/strong> 2451942<\/div><\/div>\n<div class=\"oem-box mb-4\">\t\t\t\t<div class=\"oem-box mb-4\">\n\t\t\t\t\t<p class=\"text-sm text-gray-800 font-medium mb-2\">Type: <strong>Aftermarket<\/strong><\/p>\n\t\t\t\t\t<p class=\"text-sm text-gray-700 mb-1\">Composant adaptable de qualit\u00e9 professionnelle, compatible avec les v\u00e9hicules indiqu\u00e9s sur cette page.<\/p>\n\t\t\t\t\t<p class=\"text-xs text-gray-500 mt-2\">*Non fabriqu\u00e9 ni marqu\u00e9 par Piaggio. Marques d\u00e9tenues par leurs propri\u00e9taires.<\/p>\n\t\t\t\t<\/div>\n\t\t\t<\/div>\n<section class=\"compatibility-block mb-4\"><section class=\"compatibility-block mb-4\"><div class=\"product-extra-details hide-below-992\"><table class=\"woocommerce-product-attributes\"><tbody><tr><th colspan=\"2\"><span class=\"text-sm font-medium mb-2\">Compatible avec :<\/span><\/th><\/tr><tr><th>Mod\u00e8le du v\u00e9hicule \u2013 Pr\u00e9fixe du ch\u00e2ssis:<\/th><td><a href=\"https:\/\/damicoline.com\/fr\/boutique\/?vx_brand=PIAGGIO&#038;vx_model=APE%20TM703%20DIESEL%20LCS%20422%20E1%20(2005-2012)&#038;vx_engine=ATD2M&#038;vx_years=2005-2012\">\ud83d\ude9a PIAGGIO APE TM703 DIESEL LCS 422 E1 (2005-2012) ATD2M (2005-2012) - ZAPT10000<\/a><\/td><\/tr><tr><th>Mod\u00e8le du v\u00e9hicule \u2013 Pr\u00e9fixe du ch\u00e2ssis:<\/th><td><a href=\"https:\/\/damicoline.com\/fr\/boutique\/?vx_brand=PIAGGIO&#038;vx_model=APE%20TM703%20FL2%20220%202T%20E1%20(2000-2016)&#038;vx_engine=ATM2M&#038;vx_years=2000-2016\">\ud83d\ude9a PIAGGIO APE TM703 FL2 220 2T E1 (2000-2016) ATM2M (2000-2016) - ATM2T, ATM3T, ZAPT10000<\/a><\/td><\/tr><\/tbody><\/table><\/div><\/section><\/section>\n","protected":false},"excerpt":{"rendered":"<p>Cylindre de frein avant pour Piaggio Ape TM 703 Cylindre de frein avant compatible avec Piaggio Ape TM 703. Con\u00e7u pour garantir une pression stable dans le circuit hydraulique, il am\u00e9liore le freinage et r\u00e9duit les fuites ou d\u00e9faillances du syst\u00e8me. Pi\u00e8ce de rechange de qualit\u00e9, fiable et durable dans le temps.<\/p>\n","protected":false},"featured_media":13535,"template":"","meta":{"_sitemap_exclude":false,"_sitemap_priority":"","_sitemap_frequency":""},"product_brand":[2670],"product_cat":[412,407],"product_tag":[2820],"class_list":{"0":"post-13534","1":"product","2":"type-product","3":"status-publish","4":"has-post-thumbnail","6":"product_brand-aftermarket","7":"product_cat-frein-a-tambour","8":"product_cat-systeme-de-freinage","9":"product_tag-2820","11":"first","12":"instock","13":"sale","14":"taxable","15":"shipping-taxable","16":"purchasable","17":"product-type-simple"},"_links":{"self":[{"href":"https:\/\/damicoline.com\/fr\/wp-json\/wp\/v2\/product\/13534","targetHints":{"allow":["GET"]}}],"collection":[{"href":"https:\/\/damicoline.com\/fr\/wp-json\/wp\/v2\/product"}],"about":[{"href":"https:\/\/damicoline.com\/fr\/wp-json\/wp\/v2\/types\/product"}],"wp:featuredmedia":[{"embeddable":true,"href":"https:\/\/damicoline.com\/fr\/wp-json\/wp\/v2\/media\/13535"}],"wp:attachment":[{"href":"https:\/\/damicoline.com\/fr\/wp-json\/wp\/v2\/media?parent=13534"}],"wp:term":[{"taxonomy":"product_brand","embeddable":true,"href":"https:\/\/damicoline.com\/fr\/wp-json\/wp\/v2\/product_brand?post=13534"},{"taxonomy":"product_cat","embeddable":true,"href":"https:\/\/damicoline.com\/fr\/wp-json\/wp\/v2\/product_cat?post=13534"},{"taxonomy":"product_tag","embeddable":true,"href":"https:\/\/damicoline.com\/fr\/wp-json\/wp\/v2\/product_tag?post=13534"}],"curies":[{"name":"wp","href":"https:\/\/api.w.org\/{rel}","templated":true}]}}