{"id":13550,"date":"2025-11-25T16:15:10","date_gmt":"2025-11-25T15:15:10","guid":{"rendered":"https:\/\/damicoline.com\/product\/filtro-gasolio-piaggio-porter-diesel-1-2d\/"},"modified":"2026-04-22T14:50:09","modified_gmt":"2026-04-22T12:50:09","slug":"filtre-a-gasoil-pour-piaggio-porter-diesel-1-2d-piece-de-rechange-de-qualite","status":"publish","type":"product","link":"https:\/\/damicoline.com\/fr\/produit\/filtre-a-gasoil-pour-piaggio-porter-diesel-1-2d-piece-de-rechange-de-qualite\/","title":{"rendered":"Filtre \u00e0 gasoil pour Piaggio Porter Diesel 1.2D pi\u00e8ce de rechange de qualit\u00e9"},"content":{"rendered":"<p><strong>Filtre \u00e0 gasoil pour Piaggio Porter Diesel 1.2D<\/strong><\/p>\n<p>Filtre \u00e0 gasoil compatible avec <strong>Piaggio Porter Diesel 1.2D<\/strong>. Assure une filtration correcte du carburant, prot\u00e8ge la pompe et les injecteurs des impuret\u00e9s et garantit une combustion r\u00e9guli\u00e8re. Pi\u00e8ce de rechange fiable et r\u00e9sistante, id\u00e9ale pour maintenir l&#8217;efficacit\u00e9 du syst\u00e8me d&#8217;alimentation.<\/p>\n<div class=\"text-sm text-gray-800 font-medium mb-2\"><div class=\"text-sm text-gray-800 font-medium mb-2\"><strong>Codes de r\u00e9f\u00e9rence:<\/strong> B004761<\/div><\/div>\n<div class=\"oem-box mb-4\"><div class=\"oem-box mb-4\"><p class=\"text-sm text-gray-800 font-medium mb-2\">Type: <strong>Aftermarket<\/strong><\/p><p class=\"text-sm text-gray-700 mb-1\">Composant adaptable de qualit\u00e9 professionnelle, compatible avec les v\u00e9hicules indiqu\u00e9s sur cette page.<\/p><p class=\"text-xs text-gray-500 mt-2\">Non fabriqu\u00e9 ni marqu\u00e9 par Piaggio. Marques d\u00e9tenues par leurs propri\u00e9taires.<\/p><\/div><\/div>\n<section class=\"compatibility-block mb-4\"><section class=\"compatibility-block mb-4\"><div class=\"product-extra-details hide-below-992\"><table class=\"woocommerce-product-attributes\"><tbody><tr><th colspan=\"2\"><span class=\"text-sm font-medium mb-2\">Compatible avec :<\/span><\/th><\/tr><tr><th>Mod\u00e8le du v\u00e9hicule \u2013 Pr\u00e9fixe du ch\u00e2ssis:<\/th><td><a href=\"https:\/\/damicoline.com\/fr\/boutique\/?vx_brand=PIAGGIO&#038;vx_model=PORTER%20Maxxi%201.2%20D%20(2011-2015)&#038;vx_engine=P120&#038;vx_years=2011-2015\">\ud83d\ude9a PIAGGIO PORTER Maxxi 1.2 D (2011-2015) P120 (2011-2015) - ZAPS90AKW, ZAPS90DKW, ZAPS90RKW<\/a><\/td><\/tr><tr><th>Mod\u00e8le du v\u00e9hicule \u2013 Pr\u00e9fixe du ch\u00e2ssis:<\/th><td><a href=\"https:\/\/damicoline.com\/fr\/boutique\/?vx_brand=PIAGGIO&#038;vx_model=PORTER%20Pianale%20piatto\/Telaio%201.2%20D%20(2010-2015)&#038;vx_engine=P120&#038;vx_years=2010-2015\">\ud83d\ude9a PIAGGIO PORTER Pianale piatto\/Telaio 1.2 D (2010-2015) P120 (2010-2015) - ZAPS90CKW, ZAPS90PKW, ZAPS90TKW, ZAPS90VKW<\/a><\/td><\/tr><\/tbody><\/table><\/div><\/section><\/section>\n","protected":false},"excerpt":{"rendered":"<p>Filtre \u00e0 gasoil pour Piaggio Porter Diesel 1.2D Filtre \u00e0 gasoil compatible avec Piaggio Porter Diesel 1.2D. Assure une filtration correcte du carburant, prot\u00e8ge la pompe et les injecteurs des impuret\u00e9s et garantit une combustion r\u00e9guli\u00e8re. Pi\u00e8ce de rechange fiable et r\u00e9sistante, id\u00e9ale pour maintenir l&#8217;efficacit\u00e9 du syst\u00e8me d&#8217;alimentation.<\/p>\n","protected":false},"featured_media":13551,"template":"","meta":{"_sitemap_exclude":false,"_sitemap_priority":"","_sitemap_frequency":""},"product_brand":[2670],"product_cat":[517,1631],"product_tag":[2826],"class_list":{"0":"post-13550","1":"product","2":"type-product","3":"status-publish","4":"has-post-thumbnail","6":"product_brand-aftermarket","7":"product_cat-filtres","8":"product_cat-filtres-a-carburant","9":"product_tag-b004761","11":"first","12":"instock","13":"sale","14":"taxable","15":"shipping-taxable","16":"purchasable","17":"product-type-simple"},"_links":{"self":[{"href":"https:\/\/damicoline.com\/fr\/wp-json\/wp\/v2\/product\/13550","targetHints":{"allow":["GET"]}}],"collection":[{"href":"https:\/\/damicoline.com\/fr\/wp-json\/wp\/v2\/product"}],"about":[{"href":"https:\/\/damicoline.com\/fr\/wp-json\/wp\/v2\/types\/product"}],"wp:featuredmedia":[{"embeddable":true,"href":"https:\/\/damicoline.com\/fr\/wp-json\/wp\/v2\/media\/13551"}],"wp:attachment":[{"href":"https:\/\/damicoline.com\/fr\/wp-json\/wp\/v2\/media?parent=13550"}],"wp:term":[{"taxonomy":"product_brand","embeddable":true,"href":"https:\/\/damicoline.com\/fr\/wp-json\/wp\/v2\/product_brand?post=13550"},{"taxonomy":"product_cat","embeddable":true,"href":"https:\/\/damicoline.com\/fr\/wp-json\/wp\/v2\/product_cat?post=13550"},{"taxonomy":"product_tag","embeddable":true,"href":"https:\/\/damicoline.com\/fr\/wp-json\/wp\/v2\/product_tag?post=13550"}],"curies":[{"name":"wp","href":"https:\/\/api.w.org\/{rel}","templated":true}]}}