{"id":13642,"date":"2025-11-25T17:43:36","date_gmt":"2025-11-25T16:43:36","guid":{"rendered":"https:\/\/damicoline.com\/product\/sensore-velocita-volano-piaggio-porter-1-3-multitech\/"},"modified":"2026-04-22T14:50:37","modified_gmt":"2026-04-22T12:50:37","slug":"capteur-de-vitesse-volant-moteur-pour-piaggio-porter-1-3-multitech","status":"publish","type":"product","link":"https:\/\/damicoline.com\/fr\/produit\/capteur-de-vitesse-volant-moteur-pour-piaggio-porter-1-3-multitech\/","title":{"rendered":"Capteur de vitesse volant moteur pour Piaggio Porter 1.3 Multitech"},"content":{"rendered":"<p><strong>Capteur de vitesse volant moteur pour Piaggio Porter 1.3 Multitech<\/strong><\/p>\n<p>Capteur de vitesse positionn\u00e9 sur le <strong>volant moteur<\/strong>, compatible avec <strong>Piaggio Porter 1.3 Multitech<\/strong>. D\u00e9tecte avec pr\u00e9cision la vitesse de rotation pour une gestion correcte de l&#8217;injection et de l&#8217;allumage. Pi\u00e8ce de rechange essentielle pour r\u00e9soudre les probl\u00e8mes de d\u00e9marrage, d&#8217;arr\u00eat ou d&#8217;irr\u00e9gularit\u00e9s du moteur.<\/p>\n<div class=\"text-sm text-gray-800 font-medium mb-2\"><div class=\"text-sm text-gray-800 font-medium mb-2\"><strong>Codes de r\u00e9f\u00e9rence:<\/strong> B010050<\/div><\/div>\n<div class=\"oem-box mb-4\"><div class=\"oem-box mb-4\"><p class=\"text-sm text-gray-800 font-medium mb-2\">Type: <strong>Aftermarket<\/strong><\/p><p class=\"text-sm text-gray-700 mb-1\">Composant adaptable de qualit\u00e9 professionnelle, compatible avec les v\u00e9hicules indiqu\u00e9s sur cette page.<\/p><p class=\"text-xs text-gray-500 mt-2\">Non fabriqu\u00e9 ni marqu\u00e9 par Piaggio. Marques d\u00e9tenues par leurs propri\u00e9taires.<\/p><\/div><\/div>\n<section class=\"compatibility-block mb-4\"><section class=\"compatibility-block mb-4\"><div class=\"product-extra-details hide-below-992\"><table class=\"woocommerce-product-attributes\"><tbody><tr><th colspan=\"2\"><span class=\"text-sm font-medium mb-2\">Compatible avec :<\/span><\/th><\/tr><tr><th>Mod\u00e8le du v\u00e9hicule \u2013 Pr\u00e9fixe du ch\u00e2ssis:<\/th><td><a href=\"https:\/\/damicoline.com\/fr\/boutique\/?vx_brand=PIAGGIO&#038;vx_model=PORTER%20Maxxi%201.3%20(2010-2015)&#038;vx_engine=DA471QLR&#038;vx_years=2010-2015\">\ud83d\ude9a PIAGGIO PORTER Maxxi 1.3 (2010-2015) DA471QLR (2010-2015) - ZAPS90DJ, ZAPS90AJ, ZAPS90RJ<\/a><\/td><\/tr><tr><th>Mod\u00e8le du v\u00e9hicule \u2013 Pr\u00e9fixe du ch\u00e2ssis:<\/th><td><a href=\"https:\/\/damicoline.com\/fr\/boutique\/?vx_brand=PIAGGIO&#038;vx_model=PORTER%20Pianale%20piatto\/Telaio%201.3%20(2010-2015)&#038;vx_engine=DA471QLR&#038;vx_years=2010-2015\">\ud83d\ude9a PIAGGIO PORTER Pianale piatto\/Telaio 1.3 (2010-2015) DA471QLR (2010-2015) - ZAPS90CJ, ZAPS90PJ, ZAPS90TJ, ZAPS90VJ<\/a><\/td><\/tr><\/tbody><\/table><\/div><\/section><\/section>\n","protected":false},"excerpt":{"rendered":"<p>Capteur de vitesse volant moteur pour Piaggio Porter 1.3 Multitech Capteur de vitesse positionn\u00e9 sur le volant moteur, compatible avec Piaggio Porter 1.3 Multitech. D\u00e9tecte avec pr\u00e9cision la vitesse de rotation pour une gestion correcte de l&#8217;injection et de l&#8217;allumage. Pi\u00e8ce de rechange essentielle pour r\u00e9soudre les probl\u00e8mes de d\u00e9marrage, d&#8217;arr\u00eat ou d&#8217;irr\u00e9gularit\u00e9s du moteur.<\/p>\n","protected":false},"featured_media":13643,"template":"","meta":{"_sitemap_exclude":false,"_sitemap_priority":"","_sitemap_frequency":""},"product_brand":[2670],"product_cat":[562,417],"product_tag":[2868],"class_list":{"0":"post-13642","1":"product","2":"type-product","3":"status-publish","4":"has-post-thumbnail","6":"product_brand-aftermarket","7":"product_cat-embrayage","8":"product_cat-pieces-du-moteur","9":"product_tag-b010050","11":"first","12":"instock","13":"sale","14":"taxable","15":"shipping-taxable","16":"purchasable","17":"product-type-simple"},"_links":{"self":[{"href":"https:\/\/damicoline.com\/fr\/wp-json\/wp\/v2\/product\/13642","targetHints":{"allow":["GET"]}}],"collection":[{"href":"https:\/\/damicoline.com\/fr\/wp-json\/wp\/v2\/product"}],"about":[{"href":"https:\/\/damicoline.com\/fr\/wp-json\/wp\/v2\/types\/product"}],"wp:featuredmedia":[{"embeddable":true,"href":"https:\/\/damicoline.com\/fr\/wp-json\/wp\/v2\/media\/13643"}],"wp:attachment":[{"href":"https:\/\/damicoline.com\/fr\/wp-json\/wp\/v2\/media?parent=13642"}],"wp:term":[{"taxonomy":"product_brand","embeddable":true,"href":"https:\/\/damicoline.com\/fr\/wp-json\/wp\/v2\/product_brand?post=13642"},{"taxonomy":"product_cat","embeddable":true,"href":"https:\/\/damicoline.com\/fr\/wp-json\/wp\/v2\/product_cat?post=13642"},{"taxonomy":"product_tag","embeddable":true,"href":"https:\/\/damicoline.com\/fr\/wp-json\/wp\/v2\/product_tag?post=13642"}],"curies":[{"name":"wp","href":"https:\/\/api.w.org\/{rel}","templated":true}]}}