{"id":13711,"date":"2025-11-26T16:17:42","date_gmt":"2025-11-26T15:17:42","guid":{"rendered":"https:\/\/damicoline.com\/product\/tamburo-freno-piaggio-ape-calessino-200-e4\/"},"modified":"2025-11-26T16:27:24","modified_gmt":"2025-11-26T15:27:24","slug":"tambour-de-frein-pour-piaggio-ape-calessino-200-e4","status":"publish","type":"product","link":"https:\/\/damicoline.com\/fr\/produit\/tambour-de-frein-pour-piaggio-ape-calessino-200-e4\/","title":{"rendered":"Tambour de frein pour Piaggio Ape Calessino 200 E4"},"content":{"rendered":"<p><strong>Tambour de frein pour Piaggio Ape Calessino 200 E4<\/strong><\/p>\n<p>Tambour de frein compatible avec <strong>Piaggio Ape Calessino 200 Euro 4<\/strong>. Pi\u00e8ce de rechange robuste et pr\u00e9cise, con\u00e7ue pour garantir des freinages stables, r\u00e9duire les vibrations et restaurer l&#8217;efficacit\u00e9 du syst\u00e8me de freinage. Mat\u00e9riaux r\u00e9sistants pour une longue dur\u00e9e de vie et s\u00e9curit\u00e9 sur la route.<\/p>\n<div class=\"text-sm text-gray-800 font-medium mb-2\"><div class=\"text-sm text-gray-800 font-medium mb-2\"><strong>Codes de r\u00e9f\u00e9rence:<\/strong> B077245<\/div><\/div>\n<div class=\"oem-box mb-4\">\t\t\t\t<div class=\"oem-box mb-4\">\n\t\t\t\t\t<p class=\"text-sm text-gray-800 font-medium mb-2\">Type: <strong>D\u2019origine Piaggio<\/strong><\/p>\n\t\t\t\t\t<p class=\"text-sm text-gray-700 mb-1\">Composant Piaggio d\u2019origine, con\u00e7u pour un montage et des performances corrects.<\/p>\n\t\t\t\t\t<p class=\"text-xs text-gray-500 mt-2\">*Les marques appartiennent \u00e0 leurs propri\u00e9taires respectifs.<\/p>\n\t\t\t\t<\/div>\n\t\t\t<\/div>\n<section class=\"compatibility-block mb-4\"><section class=\"compatibility-block mb-4\"><div class=\"product-extra-details hide-below-992\"><table class=\"woocommerce-product-attributes\"><tbody><tr><th colspan=\"2\"><span class=\"text-sm font-medium mb-2\">Compatible avec :<\/span><\/th><\/tr><tr><th>Mod\u00e8le du v\u00e9hicule \u2013 Pr\u00e9fixe du ch\u00e2ssis:<\/th><td><a href=\"https:\/\/damicoline.com\/fr\/boutique\/?vx_brand=PIAGGIO&#038;vx_model=APE%20CALESSINO%20200%20HPE%20E4%20(2017-2023)&#038;vx_engine=TBPDF&#038;vx_years=2017-2023\">\ud83d\ude9a PIAGGIO APE CALESSINO 200 HPE E4 (2017-2023) TBPDF (2017-2023) - ZAPT64P00<\/a><\/td><\/tr><\/tbody><\/table><\/div><\/section><\/section>\n","protected":false},"excerpt":{"rendered":"<p>Tambour de frein pour Piaggio Ape Calessino 200 E4 Tambour de frein compatible avec Piaggio Ape Calessino 200 Euro 4. Pi\u00e8ce de rechange robuste et pr\u00e9cise, con\u00e7ue pour garantir des freinages stables, r\u00e9duire les vibrations et restaurer l&#8217;efficacit\u00e9 du syst\u00e8me de freinage. Mat\u00e9riaux r\u00e9sistants pour une longue dur\u00e9e de vie et s\u00e9curit\u00e9 sur la route.<\/p>\n","protected":false},"featured_media":13712,"template":"","meta":{"_sitemap_exclude":false,"_sitemap_priority":"","_sitemap_frequency":""},"product_brand":[2672],"product_cat":[412,407],"product_tag":[2893],"class_list":{"0":"post-13711","1":"product","2":"type-product","3":"status-publish","4":"has-post-thumbnail","6":"product_brand-piaggio","7":"product_cat-frein-a-tambour","8":"product_cat-systeme-de-freinage","9":"product_tag-b077245","11":"first","12":"outofstock","13":"sale","14":"taxable","15":"shipping-taxable","16":"purchasable","17":"product-type-simple"},"_links":{"self":[{"href":"https:\/\/damicoline.com\/fr\/wp-json\/wp\/v2\/product\/13711","targetHints":{"allow":["GET"]}}],"collection":[{"href":"https:\/\/damicoline.com\/fr\/wp-json\/wp\/v2\/product"}],"about":[{"href":"https:\/\/damicoline.com\/fr\/wp-json\/wp\/v2\/types\/product"}],"wp:featuredmedia":[{"embeddable":true,"href":"https:\/\/damicoline.com\/fr\/wp-json\/wp\/v2\/media\/13712"}],"wp:attachment":[{"href":"https:\/\/damicoline.com\/fr\/wp-json\/wp\/v2\/media?parent=13711"}],"wp:term":[{"taxonomy":"product_brand","embeddable":true,"href":"https:\/\/damicoline.com\/fr\/wp-json\/wp\/v2\/product_brand?post=13711"},{"taxonomy":"product_cat","embeddable":true,"href":"https:\/\/damicoline.com\/fr\/wp-json\/wp\/v2\/product_cat?post=13711"},{"taxonomy":"product_tag","embeddable":true,"href":"https:\/\/damicoline.com\/fr\/wp-json\/wp\/v2\/product_tag?post=13711"}],"curies":[{"name":"wp","href":"https:\/\/api.w.org\/{rel}","templated":true}]}}