{"id":13733,"date":"2025-11-26T17:37:36","date_gmt":"2025-11-26T16:37:36","guid":{"rendered":"https:\/\/damicoline.com\/product\/asse-ruota-posteriore-completo-piaggio-ape-calessino-200-e4\/"},"modified":"2025-11-26T17:46:12","modified_gmt":"2025-11-26T16:46:12","slug":"essieu-de-roue-arriere-complet-pour-piaggio-ape-calessino-200-e4","status":"publish","type":"product","link":"https:\/\/damicoline.com\/fr\/produit\/essieu-de-roue-arriere-complet-pour-piaggio-ape-calessino-200-e4\/","title":{"rendered":"Essieu de roue arri\u00e8re complet pour Piaggio Ape Calessino 200 E4"},"content":{"rendered":"<p><strong>Essieu de roue arri\u00e8re complet pour Piaggio Ape Calessino 200 E4<\/strong><\/p>\n<p>Essieu de roue arri\u00e8re complet compatible avec <strong>Piaggio Ape Calessino 200 Euro 4 (E4)<\/strong>. Pi\u00e8ce de rechange compl\u00e8te et pr\u00eate \u00e0 \u00eatre mont\u00e9e, id\u00e9ale pour restaurer un glissement fluide, un alignement correct et la stabilit\u00e9 de la roue arri\u00e8re. Con\u00e7u pour garantir fiabilit\u00e9, r\u00e9sistance et longue dur\u00e9e de vie.<\/p>\n<div class=\"text-sm text-gray-800 font-medium mb-2\"><div class=\"text-sm text-gray-800 font-medium mb-2\"><strong>Codes de r\u00e9f\u00e9rence:<\/strong> B077458<\/div><\/div>\n<div class=\"oem-box mb-4\">\t\t\t\t<div class=\"oem-box mb-4\">\n\t\t\t\t\t<p class=\"text-sm text-gray-800 font-medium mb-2\">Type: <strong>D\u2019origine Piaggio<\/strong><\/p>\n\t\t\t\t\t<p class=\"text-sm text-gray-700 mb-1\">Composant Piaggio d\u2019origine, con\u00e7u pour un montage et des performances corrects.<\/p>\n\t\t\t\t\t<p class=\"text-xs text-gray-500 mt-2\">*Les marques appartiennent \u00e0 leurs propri\u00e9taires respectifs.<\/p>\n\t\t\t\t<\/div>\n\t\t\t<\/div>\n<section class=\"compatibility-block mb-4\"><section class=\"compatibility-block mb-4\"><div class=\"product-extra-details hide-below-992\"><table class=\"woocommerce-product-attributes\"><tbody><tr><th colspan=\"2\"><span class=\"text-sm font-medium mb-2\">Compatible avec :<\/span><\/th><\/tr><tr><th>Mod\u00e8le du v\u00e9hicule \u2013 Pr\u00e9fixe du ch\u00e2ssis:<\/th><td><a href=\"https:\/\/damicoline.com\/fr\/boutique\/?vx_brand=PIAGGIO&#038;vx_model=APE%20CALESSINO%20200%20HPE%20E4%20(2017-2023)&#038;vx_engine=TBPDF&#038;vx_years=2017-2023\">\ud83d\ude9a PIAGGIO APE CALESSINO 200 HPE E4 (2017-2023) TBPDF (2017-2023) - ZAPT64P00<\/a><\/td><\/tr><\/tbody><\/table><\/div><\/section><\/section>\n","protected":false},"excerpt":{"rendered":"<p>Essieu de roue arri\u00e8re complet pour Piaggio Ape Calessino 200 E4 Essieu de roue arri\u00e8re complet compatible avec Piaggio Ape Calessino 200 Euro 4 (E4). Pi\u00e8ce de rechange compl\u00e8te et pr\u00eate \u00e0 \u00eatre mont\u00e9e, id\u00e9ale pour restaurer un glissement fluide, un alignement correct et la stabilit\u00e9 de la roue arri\u00e8re. Con\u00e7u pour garantir fiabilit\u00e9, r\u00e9sistance<\/p>\n<div class=\"klb-readmore button\"><a class=\"btn link\" href=\"https:\/\/damicoline.com\/fr\/produit\/essieu-de-roue-arriere-complet-pour-piaggio-ape-calessino-200-e4\/\">Read More <i class=\"klbth-icon-right-arrow\"><\/i><\/a><\/div>\n","protected":false},"featured_media":13734,"template":"","meta":{"_sitemap_exclude":false,"_sitemap_priority":"","_sitemap_frequency":""},"product_brand":[2672],"product_cat":[2911,1424],"product_tag":[2904],"class_list":{"0":"post-13733","1":"product","2":"type-product","3":"status-publish","4":"has-post-thumbnail","6":"product_brand-piaggio","7":"product_cat-essieu-de-roue","8":"product_cat-transmission-arriere","9":"product_tag-b077458","11":"first","12":"instock","13":"sale","14":"taxable","15":"shipping-taxable","16":"purchasable","17":"product-type-simple"},"_links":{"self":[{"href":"https:\/\/damicoline.com\/fr\/wp-json\/wp\/v2\/product\/13733","targetHints":{"allow":["GET"]}}],"collection":[{"href":"https:\/\/damicoline.com\/fr\/wp-json\/wp\/v2\/product"}],"about":[{"href":"https:\/\/damicoline.com\/fr\/wp-json\/wp\/v2\/types\/product"}],"wp:featuredmedia":[{"embeddable":true,"href":"https:\/\/damicoline.com\/fr\/wp-json\/wp\/v2\/media\/13734"}],"wp:attachment":[{"href":"https:\/\/damicoline.com\/fr\/wp-json\/wp\/v2\/media?parent=13733"}],"wp:term":[{"taxonomy":"product_brand","embeddable":true,"href":"https:\/\/damicoline.com\/fr\/wp-json\/wp\/v2\/product_brand?post=13733"},{"taxonomy":"product_cat","embeddable":true,"href":"https:\/\/damicoline.com\/fr\/wp-json\/wp\/v2\/product_cat?post=13733"},{"taxonomy":"product_tag","embeddable":true,"href":"https:\/\/damicoline.com\/fr\/wp-json\/wp\/v2\/product_tag?post=13733"}],"curies":[{"name":"wp","href":"https:\/\/api.w.org\/{rel}","templated":true}]}}