{"id":13759,"date":"2025-11-26T18:20:28","date_gmt":"2025-11-26T17:20:28","guid":{"rendered":"https:\/\/damicoline.com\/product\/cuffia-tenuta-olio-semiasse-piaggio-ape\/"},"modified":"2025-11-26T18:23:28","modified_gmt":"2025-11-26T17:23:28","slug":"soufflet-detancheite-dhuile-darbre-semi-compatible-avec-piaggio-ape-1-pc","status":"publish","type":"product","link":"https:\/\/damicoline.com\/fr\/produit\/soufflet-detancheite-dhuile-darbre-semi-compatible-avec-piaggio-ape-1-pc\/","title":{"rendered":"Soufflet d&#8217;\u00e9tanch\u00e9it\u00e9 d&#8217;huile d&#8217;arbre semi-compatible avec Piaggio Ape 1 pc"},"content":{"rendered":"<p><strong>Soufflet d&#8217;\u00e9tanch\u00e9it\u00e9 d&#8217;huile d&#8217;arbre semi pour Piaggio Ape<\/strong><\/p>\n<p>Soufflet d&#8217;\u00e9tanch\u00e9it\u00e9 d&#8217;huile pour <strong>arbre semi<\/strong> compatible avec <strong>Piaggio Ape<\/strong>. Assure l&#8217;\u00e9tanch\u00e9it\u00e9 correcte du lubrifiant, pr\u00e9vient les fuites et prot\u00e8ge le syst\u00e8me de transmission contre l&#8217;usure et les contaminations. Pi\u00e8ce de rechange de qualit\u00e9, r\u00e9sistante et fiable dans le temps.<\/p>\n<div class=\"text-sm text-gray-800 font-medium mb-2\"><div class=\"text-sm text-gray-800 font-medium mb-2\"><strong>Codes de r\u00e9f\u00e9rence:<\/strong> 876682<\/div><\/div>\n<div class=\"oem-box mb-4\">\t\t\t\t<div class=\"oem-box mb-4\">\n\t\t\t\t\t<p class=\"text-sm text-gray-800 font-medium mb-2\">Type: <strong>D\u2019origine Piaggio<\/strong><\/p>\n\t\t\t\t\t<p class=\"text-sm text-gray-700 mb-1\">Composant Piaggio d\u2019origine, con\u00e7u pour un montage et des performances corrects.<\/p>\n\t\t\t\t\t<p class=\"text-xs text-gray-500 mt-2\">*Les marques appartiennent \u00e0 leurs propri\u00e9taires respectifs.<\/p>\n\t\t\t\t<\/div>\n\t\t\t<\/div>\n<section class=\"compatibility-block mb-4\"><section class=\"compatibility-block mb-4\"><div class=\"product-extra-details hide-below-992\"><table class=\"woocommerce-product-attributes\"><tbody><tr><th colspan=\"2\"><span class=\"text-sm font-medium mb-2\">Compatible avec :<\/span><\/th><\/tr><tr><th>Mod\u00e8le du v\u00e9hicule \u2013 Pr\u00e9fixe du ch\u00e2ssis:<\/th><td><a href=\"https:\/\/damicoline.com\/fr\/boutique\/?vx_brand=PIAGGIO&#038;vx_model=APE%20CALESSINO%20200%20E2%20(2013-2017)&#038;vx_engine=TBP4M&#038;vx_years=2013-2017\">\ud83d\ude9a PIAGGIO APE CALESSINO 200 E2 (2013-2017) TBP4M (2013-2017) - ZAPT42PMC, ZAPT42P00<\/a><\/td><\/tr><tr><th>Mod\u00e8le du v\u00e9hicule \u2013 Pr\u00e9fixe du ch\u00e2ssis:<\/th><td><a href=\"https:\/\/damicoline.com\/fr\/boutique\/?vx_brand=PIAGGIO&#038;vx_model=APE%20CALESSINO%20200%20HPE%20E4%20(2017-2023)&#038;vx_engine=TBPDF&#038;vx_years=2017-2023\">\ud83d\ude9a PIAGGIO APE CALESSINO 200 HPE E4 (2017-2023) TBPDF (2017-2023) - ZAPT64P00<\/a><\/td><\/tr><tr><th>Mod\u00e8le du v\u00e9hicule \u2013 Pr\u00e9fixe du ch\u00e2ssis:<\/th><td><a href=\"https:\/\/damicoline.com\/fr\/boutique\/?vx_brand=PIAGGIO&#038;vx_model=APE%20TM703%20FL2%20220%202T%20E1%20(2000-2016)&#038;vx_engine=ATM2M&#038;vx_years=2000-2016\">\ud83d\ude9a PIAGGIO APE TM703 FL2 220 2T E1 (2000-2016) ATM2M (2000-2016) - ATM2T, ATM3T, ZAPT10000<\/a><\/td><\/tr><\/tbody><\/table><\/div><\/section><\/section>\n","protected":false},"excerpt":{"rendered":"<p>Soufflet d&#8217;\u00e9tanch\u00e9it\u00e9 d&#8217;huile d&#8217;arbre semi pour Piaggio Ape Soufflet d&#8217;\u00e9tanch\u00e9it\u00e9 d&#8217;huile pour arbre semi compatible avec Piaggio Ape. Assure l&#8217;\u00e9tanch\u00e9it\u00e9 correcte du lubrifiant, pr\u00e9vient les fuites et prot\u00e8ge le syst\u00e8me de transmission contre l&#8217;usure et les contaminations. Pi\u00e8ce de rechange de qualit\u00e9, r\u00e9sistante et fiable dans le temps.<\/p>\n","protected":false},"featured_media":13760,"template":"","meta":{"_sitemap_exclude":false,"_sitemap_priority":"","_sitemap_frequency":""},"product_brand":[2672],"product_cat":[1429,1424],"product_tag":[2922],"class_list":{"0":"post-13759","1":"product","2":"type-product","3":"status-publish","4":"has-post-thumbnail","6":"product_brand-piaggio","7":"product_cat-arbre-de-transmission","8":"product_cat-transmission-arriere","9":"product_tag-2922","11":"first","12":"instock","13":"sale","14":"taxable","15":"shipping-taxable","16":"purchasable","17":"product-type-simple"},"_links":{"self":[{"href":"https:\/\/damicoline.com\/fr\/wp-json\/wp\/v2\/product\/13759","targetHints":{"allow":["GET"]}}],"collection":[{"href":"https:\/\/damicoline.com\/fr\/wp-json\/wp\/v2\/product"}],"about":[{"href":"https:\/\/damicoline.com\/fr\/wp-json\/wp\/v2\/types\/product"}],"wp:featuredmedia":[{"embeddable":true,"href":"https:\/\/damicoline.com\/fr\/wp-json\/wp\/v2\/media\/13760"}],"wp:attachment":[{"href":"https:\/\/damicoline.com\/fr\/wp-json\/wp\/v2\/media?parent=13759"}],"wp:term":[{"taxonomy":"product_brand","embeddable":true,"href":"https:\/\/damicoline.com\/fr\/wp-json\/wp\/v2\/product_brand?post=13759"},{"taxonomy":"product_cat","embeddable":true,"href":"https:\/\/damicoline.com\/fr\/wp-json\/wp\/v2\/product_cat?post=13759"},{"taxonomy":"product_tag","embeddable":true,"href":"https:\/\/damicoline.com\/fr\/wp-json\/wp\/v2\/product_tag?post=13759"}],"curies":[{"name":"wp","href":"https:\/\/api.w.org\/{rel}","templated":true}]}}