{"id":13825,"date":"2025-11-27T10:10:47","date_gmt":"2025-11-27T09:10:47","guid":{"rendered":"https:\/\/damicoline.com\/product\/frizione-completa-piaggio-ape-calessino-200-euro-2\/"},"modified":"2025-11-27T10:21:05","modified_gmt":"2025-11-27T09:21:05","slug":"embrayage-complet-pour-piaggio-ape-calessino-200-euro-2-piece-de-rechange","status":"publish","type":"product","link":"https:\/\/damicoline.com\/fr\/produit\/embrayage-complet-pour-piaggio-ape-calessino-200-euro-2-piece-de-rechange\/","title":{"rendered":"Embrayage complet pour Piaggio Ape Calessino 200 Euro 2 pi\u00e8ce de rechange"},"content":{"rendered":"<p><strong>Embrayage complet pour Piaggio Ape Calessino 200 Euro 2<\/strong><\/p>\n<p>Embrayage complet compatible avec <strong>Piaggio Ape Calessino 200 Euro 2<\/strong>. Con\u00e7u pour garantir des engagements doux, une transmission fluide du couple et une conduite plus stable m\u00eame sous charge. Pi\u00e8ce de rechange robuste, fiable et id\u00e9ale pour restaurer les performances d&#8217;origine.<\/p>\n<div class=\"text-sm text-gray-800 font-medium mb-2\"><div class=\"text-sm text-gray-800 font-medium mb-2\"><strong>Codes de r\u00e9f\u00e9rence:<\/strong> SP1A006004<\/div><\/div>\n<div class=\"oem-box mb-4\">\t\t\t\t<div class=\"oem-box mb-4\">\n\t\t\t\t\t<p class=\"text-sm text-gray-800 font-medium mb-2\">Type: <strong>D\u2019origine Piaggio<\/strong><\/p>\n\t\t\t\t\t<p class=\"text-sm text-gray-700 mb-1\">Composant Piaggio d\u2019origine, con\u00e7u pour un montage et des performances corrects.<\/p>\n\t\t\t\t\t<p class=\"text-xs text-gray-500 mt-2\">*Les marques appartiennent \u00e0 leurs propri\u00e9taires respectifs.<\/p>\n\t\t\t\t<\/div>\n\t\t\t<\/div>\n<section class=\"compatibility-block mb-4\"><section class=\"compatibility-block mb-4\"><div class=\"product-extra-details hide-below-992\"><table class=\"woocommerce-product-attributes\"><tbody><tr><th colspan=\"2\"><span class=\"text-sm font-medium mb-2\">Compatible avec :<\/span><\/th><\/tr><tr><th>Mod\u00e8le du v\u00e9hicule \u2013 Pr\u00e9fixe du ch\u00e2ssis:<\/th><td><a href=\"https:\/\/damicoline.com\/fr\/boutique\/?vx_brand=PIAGGIO&#038;vx_model=APE%20CALESSINO%20200%20E2%20(2013-2017)&#038;vx_engine=TBP4M&#038;vx_years=2013-2017\">\ud83d\ude9a PIAGGIO APE CALESSINO 200 E2 (2013-2017) TBP4M (2013-2017) - ZAPT42PMC, ZAPT42P00<\/a><\/td><\/tr><\/tbody><\/table><\/div><\/section><\/section>\n","protected":false},"excerpt":{"rendered":"<p>Embrayage complet pour Piaggio Ape Calessino 200 Euro 2 Embrayage complet compatible avec Piaggio Ape Calessino 200 Euro 2. Con\u00e7u pour garantir des engagements doux, une transmission fluide du couple et une conduite plus stable m\u00eame sous charge. Pi\u00e8ce de rechange robuste, fiable et id\u00e9ale pour restaurer les performances d&#8217;origine.<\/p>\n","protected":false},"featured_media":13826,"template":"","meta":{"_sitemap_exclude":false,"_sitemap_priority":"","_sitemap_frequency":""},"product_brand":[2672],"product_cat":[562,417],"product_tag":[2947],"class_list":{"0":"post-13825","1":"product","2":"type-product","3":"status-publish","4":"has-post-thumbnail","6":"product_brand-piaggio","7":"product_cat-embrayage","8":"product_cat-pieces-du-moteur","9":"product_tag-sp1a006004","11":"first","12":"outofstock","13":"sale","14":"taxable","15":"shipping-taxable","16":"purchasable","17":"product-type-simple"},"_links":{"self":[{"href":"https:\/\/damicoline.com\/fr\/wp-json\/wp\/v2\/product\/13825","targetHints":{"allow":["GET"]}}],"collection":[{"href":"https:\/\/damicoline.com\/fr\/wp-json\/wp\/v2\/product"}],"about":[{"href":"https:\/\/damicoline.com\/fr\/wp-json\/wp\/v2\/types\/product"}],"wp:featuredmedia":[{"embeddable":true,"href":"https:\/\/damicoline.com\/fr\/wp-json\/wp\/v2\/media\/13826"}],"wp:attachment":[{"href":"https:\/\/damicoline.com\/fr\/wp-json\/wp\/v2\/media?parent=13825"}],"wp:term":[{"taxonomy":"product_brand","embeddable":true,"href":"https:\/\/damicoline.com\/fr\/wp-json\/wp\/v2\/product_brand?post=13825"},{"taxonomy":"product_cat","embeddable":true,"href":"https:\/\/damicoline.com\/fr\/wp-json\/wp\/v2\/product_cat?post=13825"},{"taxonomy":"product_tag","embeddable":true,"href":"https:\/\/damicoline.com\/fr\/wp-json\/wp\/v2\/product_tag?post=13825"}],"curies":[{"name":"wp","href":"https:\/\/api.w.org\/{rel}","templated":true}]}}