{"id":13877,"date":"2025-11-27T15:37:57","date_gmt":"2025-11-27T14:37:57","guid":{"rendered":"https:\/\/damicoline.com\/product\/guarnizione-o-ring-coperchio-frizione-piaggio-ape-400\/"},"modified":"2026-04-22T14:52:17","modified_gmt":"2026-04-22T12:52:17","slug":"joint-torique-couvercle-dembrayage-pour-piaggio-ape-400","status":"publish","type":"product","link":"https:\/\/damicoline.com\/fr\/produit\/joint-torique-couvercle-dembrayage-pour-piaggio-ape-400\/","title":{"rendered":"Joint torique couvercle d&#8217;embrayage pour Piaggio Ape 400"},"content":{"rendered":"<p><strong>Joint torique couvercle d&#8217;embrayage pour Piaggio Ape 400<\/strong><\/p>\n<p>Joint <strong>torique<\/strong> pour <strong>couvercle d&#8217;embrayage<\/strong> compatible avec <strong>Piaggio Ape 400<\/strong>. Assure une \u00e9tanch\u00e9it\u00e9 parfaite, pr\u00e9vient les fuites d&#8217;huile et garantit le bon fonctionnement de l&#8217;ensemble d&#8217;embrayage. Pi\u00e8ce de rechange simple mais essentielle, fiable et r\u00e9sistante dans le temps.<\/p>\n<div class=\"text-sm text-gray-800 font-medium mb-2\"><div class=\"text-sm text-gray-800 font-medium mb-2\"><strong>Codes de r\u00e9f\u00e9rence:<\/strong>&#32;&#56;&#50;&#53;&#49;&#50;&#51;&#50;&#48;&#55;<\/div><\/div>\n<div class=\"oem-box mb-4\"><div class=\"oem-box mb-4\"><p class=\"text-sm text-gray-800 font-medium mb-2\">Type: <strong>D\u2019origine Piaggio<\/strong><\/p><p class=\"text-sm text-gray-700 mb-1\">Composant Piaggio d\u2019origine, con\u00e7u pour un montage et des performances corrects.<\/p><p class=\"text-xs text-gray-500 mt-2\">Les marques appartiennent \u00e0 leurs propri\u00e9taires respectifs.<\/p><\/div><\/div>\n<section class=\"compatibility-block mb-4\"><section class=\"compatibility-block mb-4\"><div class=\"product-extra-details hide-below-992\"><table class=\"woocommerce-product-attributes\"><tbody><tr><th colspan=\"2\"><span class=\"text-sm font-medium mb-2\">Compatible avec :<\/span><\/th><\/tr><tr><th>Mod\u00e8le du v\u00e9hicule \u2013 Pr\u00e9fixe du ch\u00e2ssis:<\/th><td><a href=\"https:\/\/damicoline.com\/fr\/boutique\/?vx_brand=PIAGGIO&#038;vx_model=APE%20CLASSIC%20400%20IE%20E2%20(2014-2017)&#038;vx_engine=S4C8&#038;vx_years=2014-2017\">\ud83d\ude9a PIAGGIO APE CLASSIC 400 IE E2 (2014-2017) S4C8 (2014-2017) - MBX000T58RC<\/a><\/td><\/tr><tr><th>Mod\u00e8le du v\u00e9hicule \u2013 Pr\u00e9fixe du ch\u00e2ssis:<\/th><td><a href=\"https:\/\/damicoline.com\/fr\/boutique\/?vx_brand=PIAGGIO&#038;vx_model=APE%20CLASSIC%20400%20IE%20E4%20(2017-2023)&#038;vx_engine=S6E8&#038;vx_years=2017-2023\">\ud83d\ude9a PIAGGIO APE CLASSIC 400 IE E4 (2017-2023) S6E8 (2017-2023) - MBX000T7BSE<\/a><\/td><\/tr><\/tbody><\/table><\/div><\/section><\/section>\n","protected":false},"excerpt":{"rendered":"<p>Joint torique couvercle d&#8217;embrayage pour Piaggio Ape 400 Joint torique pour couvercle d&#8217;embrayage compatible avec Piaggio Ape 400. Assure une \u00e9tanch\u00e9it\u00e9 parfaite, pr\u00e9vient les fuites d&#8217;huile et garantit le bon fonctionnement de l&#8217;ensemble d&#8217;embrayage. Pi\u00e8ce de rechange simple mais essentielle, fiable et r\u00e9sistante dans le temps.<\/p>\n","protected":false},"featured_media":13878,"template":"","meta":{"_sitemap_exclude":false,"_sitemap_priority":"","_sitemap_frequency":""},"product_brand":[2672],"product_cat":[562,417],"product_tag":[2971],"class_list":{"0":"post-13877","1":"product","2":"type-product","3":"status-publish","4":"has-post-thumbnail","6":"product_brand-piaggio","7":"product_cat-embrayage","8":"product_cat-pieces-du-moteur","9":"product_tag-2971","11":"first","12":"outofstock","13":"taxable","14":"shipping-taxable","15":"purchasable","16":"product-type-simple"},"_links":{"self":[{"href":"https:\/\/damicoline.com\/fr\/wp-json\/wp\/v2\/product\/13877","targetHints":{"allow":["GET"]}}],"collection":[{"href":"https:\/\/damicoline.com\/fr\/wp-json\/wp\/v2\/product"}],"about":[{"href":"https:\/\/damicoline.com\/fr\/wp-json\/wp\/v2\/types\/product"}],"wp:featuredmedia":[{"embeddable":true,"href":"https:\/\/damicoline.com\/fr\/wp-json\/wp\/v2\/media\/13878"}],"wp:attachment":[{"href":"https:\/\/damicoline.com\/fr\/wp-json\/wp\/v2\/media?parent=13877"}],"wp:term":[{"taxonomy":"product_brand","embeddable":true,"href":"https:\/\/damicoline.com\/fr\/wp-json\/wp\/v2\/product_brand?post=13877"},{"taxonomy":"product_cat","embeddable":true,"href":"https:\/\/damicoline.com\/fr\/wp-json\/wp\/v2\/product_cat?post=13877"},{"taxonomy":"product_tag","embeddable":true,"href":"https:\/\/damicoline.com\/fr\/wp-json\/wp\/v2\/product_tag?post=13877"}],"curies":[{"name":"wp","href":"https:\/\/api.w.org\/{rel}","templated":true}]}}