{"id":13938,"date":"2025-11-28T14:04:52","date_gmt":"2025-11-28T13:04:52","guid":{"rendered":"https:\/\/damicoline.com\/product\/pattino-mobile-asta-tendicatena-ape-calessino-200-euro-2\/"},"modified":"2026-04-22T14:52:38","modified_gmt":"2026-04-22T12:52:38","slug":"patin-mobile-tige-tendeur-de-chaine-pour-ape-calessino-200-euro-2","status":"publish","type":"product","link":"https:\/\/damicoline.com\/fr\/produit\/patin-mobile-tige-tendeur-de-chaine-pour-ape-calessino-200-euro-2\/","title":{"rendered":"Patin mobile tige tendeur de cha\u00eene pour Ape Calessino 200 Euro 2"},"content":{"rendered":"<p><strong>Patin mobile tige tendeur de cha\u00eene pour Ape Calessino 200 Euro 2<\/strong><\/p>\n<p>Patin mobile (tige tendeur de cha\u00eene) compatible avec <strong>Ape Calessino 200 Euro 2<\/strong>. Assure la tension correcte de la cha\u00eene de distribution, r\u00e9duit le bruit et l&#8217;usure, et maintient l&#8217;alignement stable du syst\u00e8me. Pi\u00e8ce de rechange de qualit\u00e9, indispensable pour une distribution efficace et durable.<\/p>\n<div class=\"text-sm text-gray-800 font-medium mb-2\"><div class=\"text-sm text-gray-800 font-medium mb-2\"><strong>Codes de r\u00e9f\u00e9rence:<\/strong> 1A004875<\/div><\/div>\n<div class=\"oem-box mb-4\"><div class=\"oem-box mb-4\"><p class=\"text-sm text-gray-800 font-medium mb-2\">Type: <strong>D\u2019origine Piaggio<\/strong><\/p><p class=\"text-sm text-gray-700 mb-1\">Composant Piaggio d\u2019origine, con\u00e7u pour un montage et des performances corrects.<\/p><p class=\"text-xs text-gray-500 mt-2\">Les marques appartiennent \u00e0 leurs propri\u00e9taires respectifs.<\/p><\/div><\/div>\n<section class=\"compatibility-block mb-4\"><section class=\"compatibility-block mb-4\"><div class=\"product-extra-details hide-below-992\"><table class=\"woocommerce-product-attributes\"><tbody><tr><th colspan=\"2\"><span class=\"text-sm font-medium mb-2\">Compatible avec :<\/span><\/th><\/tr><tr><th>Mod\u00e8le du v\u00e9hicule \u2013 Pr\u00e9fixe du ch\u00e2ssis:<\/th><td><a href=\"https:\/\/damicoline.com\/fr\/boutique\/?vx_brand=PIAGGIO&#038;vx_model=APE%20CALESSINO%20200%20E2%20(2013-2017)&#038;vx_engine=TBP4M&#038;vx_years=2013-2017\">\ud83d\ude9a PIAGGIO APE CALESSINO 200 E2 (2013-2017) TBP4M (2013-2017) - ZAPT42PMC, ZAPT42P00<\/a><\/td><\/tr><\/tbody><\/table><\/div><\/section><\/section>\n","protected":false},"excerpt":{"rendered":"<p>Patin mobile tige tendeur de cha\u00eene pour Ape Calessino 200 Euro 2 Patin mobile (tige tendeur de cha\u00eene) compatible avec Ape Calessino 200 Euro 2. Assure la tension correcte de la cha\u00eene de distribution, r\u00e9duit le bruit et l&#8217;usure, et maintient l&#8217;alignement stable du syst\u00e8me. Pi\u00e8ce de rechange de qualit\u00e9, indispensable pour une distribution efficace<\/p>\n<div class=\"klb-readmore button\"><a class=\"btn link\" href=\"https:\/\/damicoline.com\/fr\/produit\/patin-mobile-tige-tendeur-de-chaine-pour-ape-calessino-200-euro-2\/\">Read More <i class=\"klbth-icon-right-arrow\"><\/i><\/a><\/div>\n","protected":false},"featured_media":13939,"template":"","meta":{"_sitemap_exclude":false,"_sitemap_priority":"","_sitemap_frequency":""},"product_brand":[2672],"product_cat":[422,417],"product_tag":[2995],"class_list":{"0":"post-13938","1":"product","2":"type-product","3":"status-publish","4":"has-post-thumbnail","6":"product_brand-piaggio","7":"product_cat-composants-de-distribution","8":"product_cat-pieces-du-moteur","9":"product_tag-1a004875","11":"first","12":"instock","13":"sale","14":"taxable","15":"shipping-taxable","16":"purchasable","17":"product-type-simple"},"_links":{"self":[{"href":"https:\/\/damicoline.com\/fr\/wp-json\/wp\/v2\/product\/13938","targetHints":{"allow":["GET"]}}],"collection":[{"href":"https:\/\/damicoline.com\/fr\/wp-json\/wp\/v2\/product"}],"about":[{"href":"https:\/\/damicoline.com\/fr\/wp-json\/wp\/v2\/types\/product"}],"wp:featuredmedia":[{"embeddable":true,"href":"https:\/\/damicoline.com\/fr\/wp-json\/wp\/v2\/media\/13939"}],"wp:attachment":[{"href":"https:\/\/damicoline.com\/fr\/wp-json\/wp\/v2\/media?parent=13938"}],"wp:term":[{"taxonomy":"product_brand","embeddable":true,"href":"https:\/\/damicoline.com\/fr\/wp-json\/wp\/v2\/product_brand?post=13938"},{"taxonomy":"product_cat","embeddable":true,"href":"https:\/\/damicoline.com\/fr\/wp-json\/wp\/v2\/product_cat?post=13938"},{"taxonomy":"product_tag","embeddable":true,"href":"https:\/\/damicoline.com\/fr\/wp-json\/wp\/v2\/product_tag?post=13938"}],"curies":[{"name":"wp","href":"https:\/\/api.w.org\/{rel}","templated":true}]}}