{"id":14024,"date":"2025-12-04T15:33:25","date_gmt":"2025-12-04T14:33:25","guid":{"rendered":"https:\/\/damicoline.com\/product\/coppia-leve-movimento-aste-bilancieri-piaggio-ape-classic-400\/"},"modified":"2026-04-22T14:52:48","modified_gmt":"2026-04-22T12:52:48","slug":"paire-de-leviers-de-mouvement-des-tiges-de-culbuteurs-piaggio-ape-classic-400","status":"publish","type":"product","link":"https:\/\/damicoline.com\/fr\/produit\/paire-de-leviers-de-mouvement-des-tiges-de-culbuteurs-piaggio-ape-classic-400\/","title":{"rendered":"Paire de leviers de mouvement des tiges de culbuteurs Piaggio Ape Classic 400"},"content":{"rendered":"<p><strong>Paire de leviers de mouvement des tiges de culbuteurs pour Piaggio Ape Classic 400<\/strong><\/p>\n<p>Paire de <strong>leviers de mouvement des tiges de culbuteurs<\/strong> compatibles avec <strong>Piaggio Ape Classic 400<\/strong>. Pi\u00e8ces de rechange essentielles pour garantir la transmission correcte du mouvement aux soupapes, am\u00e9liorer le calage et maintenir le moteur stable et r\u00e9gulier. Composants robustes, pr\u00e9cis et r\u00e9sistants \u00e0 l&#8217;usure.<\/p>\n<div class=\"text-sm text-gray-800 font-medium mb-2\"><div class=\"text-sm text-gray-800 font-medium mb-2\"><strong>Codes de r\u00e9f\u00e9rence:<\/strong> E&#53;&#50;&#48;&#48;&#53;&#49;&#55;&#49;<\/div><\/div>\n<div class=\"oem-box mb-4\"><div class=\"oem-box mb-4\"><p class=\"text-sm text-gray-800 font-medium mb-2\">Type: <strong>D\u2019origine Piaggio<\/strong><\/p><p class=\"text-sm text-gray-700 mb-1\">Composant Piaggio d\u2019origine, con\u00e7u pour un montage et des performances corrects.<\/p><p class=\"text-xs text-gray-500 mt-2\">Les marques appartiennent \u00e0 leurs propri\u00e9taires respectifs.<\/p><\/div><\/div>\n<section class=\"compatibility-block mb-4\"><section class=\"compatibility-block mb-4\"><div class=\"product-extra-details hide-below-992\"><table class=\"woocommerce-product-attributes\"><tbody><tr><th colspan=\"2\"><span class=\"text-sm font-medium mb-2\">Compatible avec :<\/span><\/th><\/tr><tr><th>Mod\u00e8le du v\u00e9hicule \u2013 Pr\u00e9fixe du ch\u00e2ssis:<\/th><td><a href=\"https:\/\/damicoline.com\/fr\/boutique\/?vx_brand=PIAGGIO&#038;vx_model=APE%20CLASSIC%20400%20IE%20E2%20(2014-2017)&#038;vx_engine=S4C8&#038;vx_years=2014-2017\">\ud83d\ude9a PIAGGIO APE CLASSIC 400 IE E2 (2014-2017) S4C8 (2014-2017) - MBX000T58RC<\/a><\/td><\/tr><tr><th>Mod\u00e8le du v\u00e9hicule \u2013 Pr\u00e9fixe du ch\u00e2ssis:<\/th><td><a href=\"https:\/\/damicoline.com\/fr\/boutique\/?vx_brand=PIAGGIO&#038;vx_model=APE%20CLASSIC%20400%20IE%20E4%20(2017-2023)&#038;vx_engine=S6E8&#038;vx_years=2017-2023\">\ud83d\ude9a PIAGGIO APE CLASSIC 400 IE E4 (2017-2023) S6E8 (2017-2023) - MBX000T7BSE<\/a><\/td><\/tr><\/tbody><\/table><\/div><\/section><\/section>\n","protected":false},"excerpt":{"rendered":"<p>Paire de leviers de mouvement des tiges de culbuteurs pour Piaggio Ape Classic 400 Paire de leviers de mouvement des tiges de culbuteurs compatibles avec Piaggio Ape Classic 400. Pi\u00e8ces de rechange essentielles pour garantir la transmission correcte du mouvement aux soupapes, am\u00e9liorer le calage et maintenir le moteur stable et r\u00e9gulier. Composants robustes, pr\u00e9cis<\/p>\n<div class=\"klb-readmore button\"><a class=\"btn link\" href=\"https:\/\/damicoline.com\/fr\/produit\/paire-de-leviers-de-mouvement-des-tiges-de-culbuteurs-piaggio-ape-classic-400\/\">Read More <i class=\"klbth-icon-right-arrow\"><\/i><\/a><\/div>\n","protected":false},"featured_media":14025,"template":"","meta":{"_sitemap_exclude":false,"_sitemap_priority":"","_sitemap_frequency":""},"product_brand":[2672],"product_cat":[1107,417],"product_tag":[3009],"class_list":{"0":"post-14024","1":"product","2":"type-product","3":"status-publish","4":"has-post-thumbnail","6":"product_brand-piaggio","7":"product_cat-culasse","8":"product_cat-pieces-du-moteur","9":"product_tag-e52005171","11":"first","12":"instock","13":"sale","14":"taxable","15":"shipping-taxable","16":"purchasable","17":"product-type-simple"},"_links":{"self":[{"href":"https:\/\/damicoline.com\/fr\/wp-json\/wp\/v2\/product\/14024","targetHints":{"allow":["GET"]}}],"collection":[{"href":"https:\/\/damicoline.com\/fr\/wp-json\/wp\/v2\/product"}],"about":[{"href":"https:\/\/damicoline.com\/fr\/wp-json\/wp\/v2\/types\/product"}],"wp:featuredmedia":[{"embeddable":true,"href":"https:\/\/damicoline.com\/fr\/wp-json\/wp\/v2\/media\/14025"}],"wp:attachment":[{"href":"https:\/\/damicoline.com\/fr\/wp-json\/wp\/v2\/media?parent=14024"}],"wp:term":[{"taxonomy":"product_brand","embeddable":true,"href":"https:\/\/damicoline.com\/fr\/wp-json\/wp\/v2\/product_brand?post=14024"},{"taxonomy":"product_cat","embeddable":true,"href":"https:\/\/damicoline.com\/fr\/wp-json\/wp\/v2\/product_cat?post=14024"},{"taxonomy":"product_tag","embeddable":true,"href":"https:\/\/damicoline.com\/fr\/wp-json\/wp\/v2\/product_tag?post=14024"}],"curies":[{"name":"wp","href":"https:\/\/api.w.org\/{rel}","templated":true}]}}