{"id":14088,"date":"2025-12-04T17:32:30","date_gmt":"2025-12-04T16:32:30","guid":{"rendered":"https:\/\/damicoline.com\/product\/molla-frizione-ape-calessino-200-classic-400\/"},"modified":"2026-04-22T14:53:17","modified_gmt":"2026-04-22T12:53:17","slug":"ressort-dembrayage-pour-piaggio-ape-calessino-200-et-classic-400","status":"publish","type":"product","link":"https:\/\/damicoline.com\/fr\/produit\/ressort-dembrayage-pour-piaggio-ape-calessino-200-et-classic-400\/","title":{"rendered":"Ressort d&#8217;embrayage pour Piaggio Ape Calessino 200 et Classic 400"},"content":{"rendered":"<p><strong>Ressort d&#8217;embrayage pour Piaggio Ape Calessino 200 et Ape Classic 400<\/strong><\/p>\n<p>Ressort d&#8217;embrayage compatible avec <strong>Piaggio Ape Calessino 200<\/strong> et <strong>Ape Classic 400<\/strong>. Assure la pression correcte du pack d&#8217;embrayage, garantissant un engagement stable, une r\u00e9ponse uniforme et une durabilit\u00e9 dans le temps. Mat\u00e9riau \u00e9lastique r\u00e9sistant aux hautes temp\u00e9ratures et \u00e0 l&#8217;usure.<\/p>\n<p><em>Remarque :<\/em> pour le montage complet de l&#8217;embrayage, <strong>6 ressorts sont n\u00e9cessaires<\/strong>.<\/p>\n<div class=\"text-sm text-gray-800 font-medium mb-2\"><div class=\"text-sm text-gray-800 font-medium mb-2\"><strong>Codes de r\u00e9f\u00e9rence:<\/strong>&#32;&#49;&#50;&#55;&#55;&#53;&#53;&#48;&#49;&#51;<\/div><\/div>\n<div class=\"oem-box mb-4\"><div class=\"oem-box mb-4\"><p class=\"text-sm text-gray-800 font-medium mb-2\">Type: <strong>D\u2019origine Piaggio<\/strong><\/p><p class=\"text-sm text-gray-700 mb-1\">Composant Piaggio d\u2019origine, con\u00e7u pour un montage et des performances corrects.<\/p><p class=\"text-xs text-gray-500 mt-2\">Les marques appartiennent \u00e0 leurs propri\u00e9taires respectifs.<\/p><\/div><\/div>\n<section class=\"compatibility-block mb-4\"><section class=\"compatibility-block mb-4\"><div class=\"product-extra-details\"><table class=\"woocommerce-product-attributes\"><tbody><tr><th colspan=\"2\"><span class=\"text-sm font-medium mb-2\">Compatible avec :<\/span><\/th><\/tr><tr><th>Mod\u00e8le du v\u00e9hicule \u2013 Pr\u00e9fixe du ch\u00e2ssis:<\/th><td>\ud83d\ude9a PIAGGIO APE CALESSINO 200 E2 (2013-2017) TBP4M (2013-2017) - ZAPT42PMC, ZAPT42P00<\/td><\/tr><tr><th>Mod\u00e8le du v\u00e9hicule \u2013 Pr\u00e9fixe du ch\u00e2ssis:<\/th><td>\ud83d\ude9a PIAGGIO APE CALESSINO 200 HPE E4 (2017-2023) TBPDF (2017-2023) - ZAPT64P00<\/td><\/tr><tr><th>Mod\u00e8le du v\u00e9hicule \u2013 Pr\u00e9fixe du ch\u00e2ssis:<\/th><td>\ud83d\ude9a PIAGGIO APE CLASSIC 400 IE E2 (2014-2017) S4C8 (2014-2017) - MBX000T58RC<\/td><\/tr><tr><th>Mod\u00e8le du v\u00e9hicule \u2013 Pr\u00e9fixe du ch\u00e2ssis:<\/th><td>\ud83d\ude9a PIAGGIO APE CLASSIC 400 IE E4 (2017-2023) S6E8 (2017-2023) - MBX000T7BSE<\/td><\/tr><\/tbody><\/table><\/div><\/section><\/section>\n","protected":false},"excerpt":{"rendered":"<p>Ressort d&#8217;embrayage pour Piaggio Ape Calessino 200 et Ape Classic 400 Ressort d&#8217;embrayage compatible avec Piaggio Ape Calessino 200 et Ape Classic 400. Assure la pression correcte du pack d&#8217;embrayage, garantissant un engagement stable, une r\u00e9ponse uniforme et une durabilit\u00e9 dans le temps. Mat\u00e9riau \u00e9lastique r\u00e9sistant aux hautes temp\u00e9ratures et \u00e0 l&#8217;usure. Remarque : pour<\/p>\n<div class=\"klb-readmore button\"><a class=\"btn link\" href=\"https:\/\/damicoline.com\/fr\/produit\/ressort-dembrayage-pour-piaggio-ape-calessino-200-et-classic-400\/\">Read More <i class=\"klbth-icon-right-arrow\"><\/i><\/a><\/div>\n","protected":false},"featured_media":14089,"template":"","meta":[],"product_brand":[2672],"product_cat":[562,417],"product_tag":[3039],"class_list":{"0":"post-14088","1":"product","2":"type-product","3":"status-publish","4":"has-post-thumbnail","6":"product_brand-piaggio","7":"product_cat-embrayage","8":"product_cat-pieces-du-moteur","9":"product_tag-3039","11":"first","12":"instock","13":"sale","14":"taxable","15":"shipping-taxable","16":"purchasable","17":"product-type-simple"},"_links":{"self":[{"href":"https:\/\/damicoline.com\/fr\/wp-json\/wp\/v2\/product\/14088","targetHints":{"allow":["GET"]}}],"collection":[{"href":"https:\/\/damicoline.com\/fr\/wp-json\/wp\/v2\/product"}],"about":[{"href":"https:\/\/damicoline.com\/fr\/wp-json\/wp\/v2\/types\/product"}],"wp:featuredmedia":[{"embeddable":true,"href":"https:\/\/damicoline.com\/fr\/wp-json\/wp\/v2\/media\/14089"}],"wp:attachment":[{"href":"https:\/\/damicoline.com\/fr\/wp-json\/wp\/v2\/media?parent=14088"}],"wp:term":[{"taxonomy":"product_brand","embeddable":true,"href":"https:\/\/damicoline.com\/fr\/wp-json\/wp\/v2\/product_brand?post=14088"},{"taxonomy":"product_cat","embeddable":true,"href":"https:\/\/damicoline.com\/fr\/wp-json\/wp\/v2\/product_cat?post=14088"},{"taxonomy":"product_tag","embeddable":true,"href":"https:\/\/damicoline.com\/fr\/wp-json\/wp\/v2\/product_tag?post=14088"}],"curies":[{"name":"wp","href":"https:\/\/api.w.org\/{rel}","templated":true}]}}