{"id":14101,"date":"2025-12-04T17:51:15","date_gmt":"2025-12-04T16:51:15","guid":{"rendered":"https:\/\/damicoline.com\/product\/guarnizione-supporto-albero-camme-ape-classic-400\/"},"modified":"2025-12-04T17:53:29","modified_gmt":"2025-12-04T16:53:29","slug":"joint-de-support-darbre-a-cames-pour-piaggio-ape-classic-400","status":"publish","type":"product","link":"https:\/\/damicoline.com\/fr\/produit\/joint-de-support-darbre-a-cames-pour-piaggio-ape-classic-400\/","title":{"rendered":"Joint de support d&#8217;arbre \u00e0 cames pour Piaggio Ape Classic 400"},"content":{"rendered":"<p><strong>Joint de support d&#8217;arbre \u00e0 cames pour Piaggio Ape Classic 400<\/strong><\/p>\n<p>Joint pour <strong>support d&#8217;arbre \u00e0 cames<\/strong> compatible avec <strong>Piaggio Ape Classic 400<\/strong>. Assure une \u00e9tanch\u00e9it\u00e9 efficace, \u00e9vite les fuites d&#8217;huile et maintient le bon fonctionnement de la distribution. Pi\u00e8ce de rechange fiable et durable.<\/p>\n<div class=\"text-sm text-gray-800 font-medium mb-2\"><div class=\"text-sm text-gray-800 font-medium mb-2\"><strong>Codes de r\u00e9f\u00e9rence:<\/strong> E&#52;&#48;&#48;&#49;&#54;&#49;&#51;&#56;<\/div><\/div>\n<div class=\"oem-box mb-4\">\t\t\t\t<div class=\"oem-box mb-4\">\n\t\t\t\t\t<p class=\"text-sm text-gray-800 font-medium mb-2\">Type: <strong>D\u2019origine Piaggio<\/strong><\/p>\n\t\t\t\t\t<p class=\"text-sm text-gray-700 mb-1\">Composant Piaggio d\u2019origine, con\u00e7u pour un montage et des performances corrects.<\/p>\n\t\t\t\t\t<p class=\"text-xs text-gray-500 mt-2\">*Les marques appartiennent \u00e0 leurs propri\u00e9taires respectifs.<\/p>\n\t\t\t\t<\/div>\n\t\t\t<\/div>\n<section class=\"compatibility-block mb-4\"><section class=\"compatibility-block mb-4\"><div class=\"product-extra-details hide-below-992\"><table class=\"woocommerce-product-attributes\"><tbody><tr><th colspan=\"2\"><span class=\"text-sm font-medium mb-2\">Compatible avec :<\/span><\/th><\/tr><tr><th>Mod\u00e8le du v\u00e9hicule \u2013 Pr\u00e9fixe du ch\u00e2ssis:<\/th><td><a href=\"https:\/\/damicoline.com\/fr\/boutique\/?vx_brand=PIAGGIO&#038;vx_model=APE%20CLASSIC%20400%20IE%20E2%20(2014-2017)&#038;vx_engine=S4C8&#038;vx_years=2014-2017\">\ud83d\ude9a PIAGGIO APE CLASSIC 400 IE E2 (2014-2017) S4C8 (2014-2017) - MBX000T58RC<\/a><\/td><\/tr><tr><th>Mod\u00e8le du v\u00e9hicule \u2013 Pr\u00e9fixe du ch\u00e2ssis:<\/th><td><a href=\"https:\/\/damicoline.com\/fr\/boutique\/?vx_brand=PIAGGIO&#038;vx_model=APE%20CLASSIC%20400%20IE%20E4%20(2017-2023)&#038;vx_engine=S6E8&#038;vx_years=2017-2023\">\ud83d\ude9a PIAGGIO APE CLASSIC 400 IE E4 (2017-2023) S6E8 (2017-2023) - MBX000T7BSE<\/a><\/td><\/tr><\/tbody><\/table><\/div><\/section><\/section>\n","protected":false},"excerpt":{"rendered":"<p>Joint de support d&#8217;arbre \u00e0 cames pour Piaggio Ape Classic 400 Joint pour support d&#8217;arbre \u00e0 cames compatible avec Piaggio Ape Classic 400. Assure une \u00e9tanch\u00e9it\u00e9 efficace, \u00e9vite les fuites d&#8217;huile et maintient le bon fonctionnement de la distribution. Pi\u00e8ce de rechange fiable et durable.<\/p>\n","protected":false},"featured_media":14102,"template":"","meta":{"_sitemap_exclude":false,"_sitemap_priority":"","_sitemap_frequency":""},"product_brand":[2672],"product_cat":[1122,417],"product_tag":[3045],"class_list":{"0":"post-14101","1":"product","2":"type-product","3":"status-publish","4":"has-post-thumbnail","6":"product_brand-piaggio","7":"product_cat-joints-moteur","8":"product_cat-pieces-du-moteur","9":"product_tag-e40016138","11":"first","12":"instock","13":"sale","14":"taxable","15":"shipping-taxable","16":"purchasable","17":"product-type-simple"},"_links":{"self":[{"href":"https:\/\/damicoline.com\/fr\/wp-json\/wp\/v2\/product\/14101","targetHints":{"allow":["GET"]}}],"collection":[{"href":"https:\/\/damicoline.com\/fr\/wp-json\/wp\/v2\/product"}],"about":[{"href":"https:\/\/damicoline.com\/fr\/wp-json\/wp\/v2\/types\/product"}],"wp:featuredmedia":[{"embeddable":true,"href":"https:\/\/damicoline.com\/fr\/wp-json\/wp\/v2\/media\/14102"}],"wp:attachment":[{"href":"https:\/\/damicoline.com\/fr\/wp-json\/wp\/v2\/media?parent=14101"}],"wp:term":[{"taxonomy":"product_brand","embeddable":true,"href":"https:\/\/damicoline.com\/fr\/wp-json\/wp\/v2\/product_brand?post=14101"},{"taxonomy":"product_cat","embeddable":true,"href":"https:\/\/damicoline.com\/fr\/wp-json\/wp\/v2\/product_cat?post=14101"},{"taxonomy":"product_tag","embeddable":true,"href":"https:\/\/damicoline.com\/fr\/wp-json\/wp\/v2\/product_tag?post=14101"}],"curies":[{"name":"wp","href":"https:\/\/api.w.org\/{rel}","templated":true}]}}