{"id":14178,"date":"2025-12-09T17:05:10","date_gmt":"2025-12-09T16:05:10","guid":{"rendered":"https:\/\/damicoline.com\/product\/cornice-faro-destra-piaggio-ape-classic-400\/"},"modified":"2025-12-09T17:19:37","modified_gmt":"2025-12-09T16:19:37","slug":"cadre-de-phare-droit-pour-piaggio-ape-classic-400-piece-de-rechange","status":"publish","type":"product","link":"https:\/\/damicoline.com\/fr\/produit\/cadre-de-phare-droit-pour-piaggio-ape-classic-400-piece-de-rechange\/","title":{"rendered":"Cadre de phare droit pour Piaggio Ape Classic 400 pi\u00e8ce de rechange"},"content":{"rendered":"<p><strong>Cadre de phare c\u00f4t\u00e9 droit pour Piaggio Ape Classic 400<\/strong><\/p>\n<p>Cadre de phare <strong>c\u00f4t\u00e9 droit<\/strong> compatible avec <strong>Piaggio Ape Classic 400<\/strong>. Con\u00e7u pour s&#8217;adapter parfaitement \u00e0 la carrosserie, il permet de r\u00e9tablir l&#8217;alignement du phare et l&#8217;aspect esth\u00e9tique du v\u00e9hicule. Pi\u00e8ce de rechange r\u00e9sistante et pr\u00e9cise.<\/p>\n<div class=\"text-sm text-gray-800 font-medium mb-2\"><div class=\"text-sm text-gray-800 font-medium mb-2\"><strong>Codes de r\u00e9f\u00e9rence:<\/strong> 616900<\/div><\/div>\n<div class=\"oem-box mb-4\">\t\t\t\t<div class=\"oem-box mb-4\">\n\t\t\t\t\t<p class=\"text-sm text-gray-800 font-medium mb-2\">Type: <strong>D\u2019origine Piaggio<\/strong><\/p>\n\t\t\t\t\t<p class=\"text-sm text-gray-700 mb-1\">Composant Piaggio d\u2019origine, con\u00e7u pour un montage et des performances corrects.<\/p>\n\t\t\t\t\t<p class=\"text-xs text-gray-500 mt-2\">*Les marques appartiennent \u00e0 leurs propri\u00e9taires respectifs.<\/p>\n\t\t\t\t<\/div>\n\t\t\t<\/div>\n<section class=\"compatibility-block mb-4\"><section class=\"compatibility-block mb-4\"><div class=\"product-extra-details hide-below-992\"><table class=\"woocommerce-product-attributes\"><tbody><tr><th colspan=\"2\"><span class=\"text-sm font-medium mb-2\">Compatible avec :<\/span><\/th><\/tr><tr><th>Mod\u00e8le du v\u00e9hicule \u2013 Pr\u00e9fixe du ch\u00e2ssis:<\/th><td><a href=\"https:\/\/damicoline.com\/fr\/boutique\/?vx_brand=PIAGGIO&#038;vx_model=APE%20CLASSIC%20400%20IE%20E2%20(2014-2017)&#038;vx_engine=S4C8&#038;vx_years=2014-2017\">\ud83d\ude9a PIAGGIO APE CLASSIC 400 IE E2 (2014-2017) S4C8 (2014-2017) - MBX000T58RC<\/a><\/td><\/tr><\/tbody><\/table><\/div><\/section><\/section>\n","protected":false},"excerpt":{"rendered":"<p>Cadre de phare c\u00f4t\u00e9 droit pour Piaggio Ape Classic 400 Cadre de phare c\u00f4t\u00e9 droit compatible avec Piaggio Ape Classic 400. Con\u00e7u pour s&#8217;adapter parfaitement \u00e0 la carrosserie, il permet de r\u00e9tablir l&#8217;alignement du phare et l&#8217;aspect esth\u00e9tique du v\u00e9hicule. Pi\u00e8ce de rechange r\u00e9sistante et pr\u00e9cise.<\/p>\n","protected":false},"featured_media":14179,"template":"","meta":{"_sitemap_exclude":false,"_sitemap_priority":"","_sitemap_frequency":""},"product_brand":[2672],"product_cat":[3544,397],"product_tag":[3064],"class_list":{"0":"post-14178","1":"product","2":"type-product","3":"status-publish","4":"has-post-thumbnail","6":"product_brand-piaggio","7":"product_cat-encadrements-et-habillages-de-phares","8":"product_cat-phares-et-eclairage","9":"product_tag-3064","11":"first","12":"instock","13":"sale","14":"taxable","15":"shipping-taxable","16":"purchasable","17":"product-type-simple"},"_links":{"self":[{"href":"https:\/\/damicoline.com\/fr\/wp-json\/wp\/v2\/product\/14178","targetHints":{"allow":["GET"]}}],"collection":[{"href":"https:\/\/damicoline.com\/fr\/wp-json\/wp\/v2\/product"}],"about":[{"href":"https:\/\/damicoline.com\/fr\/wp-json\/wp\/v2\/types\/product"}],"wp:featuredmedia":[{"embeddable":true,"href":"https:\/\/damicoline.com\/fr\/wp-json\/wp\/v2\/media\/14179"}],"wp:attachment":[{"href":"https:\/\/damicoline.com\/fr\/wp-json\/wp\/v2\/media?parent=14178"}],"wp:term":[{"taxonomy":"product_brand","embeddable":true,"href":"https:\/\/damicoline.com\/fr\/wp-json\/wp\/v2\/product_brand?post=14178"},{"taxonomy":"product_cat","embeddable":true,"href":"https:\/\/damicoline.com\/fr\/wp-json\/wp\/v2\/product_cat?post=14178"},{"taxonomy":"product_tag","embeddable":true,"href":"https:\/\/damicoline.com\/fr\/wp-json\/wp\/v2\/product_tag?post=14178"}],"curies":[{"name":"wp","href":"https:\/\/api.w.org\/{rel}","templated":true}]}}