{"id":14190,"date":"2025-12-09T16:48:39","date_gmt":"2025-12-09T15:48:39","guid":{"rendered":"https:\/\/damicoline.com\/product\/filtro-aria-piaggio-ape-classic-400\/"},"modified":"2026-04-22T14:53:28","modified_gmt":"2026-04-22T12:53:28","slug":"filtre-a-air-pour-piaggio-ape-classic-400-piece-de-rechange-fiable","status":"publish","type":"product","link":"https:\/\/damicoline.com\/fr\/produit\/filtre-a-air-pour-piaggio-ape-classic-400-piece-de-rechange-fiable\/","title":{"rendered":"Filtre \u00e0 air pour Piaggio Ape Classic 400 pi\u00e8ce de rechange fiable"},"content":{"rendered":"<p><strong>Filtre \u00e0 air pour Piaggio Ape Classic 400<\/strong><\/p>\n<p>Filtre \u00e0 air compatible avec <strong>Piaggio Ape Classic 400<\/strong>. Assure une filtration correcte de l&#8217;air \u00e0 l&#8217;admission, prot\u00e8ge le moteur des impuret\u00e9s et garantit une combustion r\u00e9guli\u00e8re et des performances constantes. Pi\u00e8ce de rechange de qualit\u00e9, essentielle pour maintenir le moteur efficace et fiable dans le temps.<\/p>\n<div class=\"text-sm text-gray-800 font-medium mb-2\"><div class=\"text-sm text-gray-800 font-medium mb-2\"><strong>Codes de r\u00e9f\u00e9rence:<\/strong> 920102<\/div><\/div>\n<div class=\"oem-box mb-4\"><div class=\"oem-box mb-4\"><p class=\"text-sm text-gray-800 font-medium mb-2\">Type: <strong>D\u2019origine Piaggio<\/strong><\/p><p class=\"text-sm text-gray-700 mb-1\">Composant Piaggio d\u2019origine, con\u00e7u pour un montage et des performances corrects.<\/p><p class=\"text-xs text-gray-500 mt-2\">Les marques appartiennent \u00e0 leurs propri\u00e9taires respectifs.<\/p><\/div><\/div>\n<section class=\"compatibility-block mb-4\"><section class=\"compatibility-block mb-4\"><div class=\"product-extra-details hide-below-992\"><table class=\"woocommerce-product-attributes\"><tbody><tr><th colspan=\"2\"><span class=\"text-sm font-medium mb-2\">Compatible avec :<\/span><\/th><\/tr><tr><th>Mod\u00e8le du v\u00e9hicule \u2013 Pr\u00e9fixe du ch\u00e2ssis:<\/th><td><a href=\"https:\/\/damicoline.com\/fr\/boutique\/?vx_brand=PIAGGIO&#038;vx_model=APE%20CLASSIC%20400%20IE%20E2%20(2014-2017)&#038;vx_engine=S4C8&#038;vx_years=2014-2017\">\ud83d\ude9a PIAGGIO APE CLASSIC 400 IE E2 (2014-2017) S4C8 (2014-2017) - MBX000T58RC<\/a><\/td><\/tr><tr><th>Mod\u00e8le du v\u00e9hicule \u2013 Pr\u00e9fixe du ch\u00e2ssis:<\/th><td><a href=\"https:\/\/damicoline.com\/fr\/boutique\/?vx_brand=PIAGGIO&#038;vx_model=APE%20CLASSIC%20400%20IE%20E4%20(2017-2023)&#038;vx_engine=S6E8&#038;vx_years=2017-2023\">\ud83d\ude9a PIAGGIO APE CLASSIC 400 IE E4 (2017-2023) S6E8 (2017-2023) - MBX000T7BSE<\/a><\/td><\/tr><\/tbody><\/table><\/div><\/section><\/section>\n","protected":false},"excerpt":{"rendered":"<p>Filtre \u00e0 air pour Piaggio Ape Classic 400 Filtre \u00e0 air compatible avec Piaggio Ape Classic 400. Assure une filtration correcte de l&#8217;air \u00e0 l&#8217;admission, prot\u00e8ge le moteur des impuret\u00e9s et garantit une combustion r\u00e9guli\u00e8re et des performances constantes. Pi\u00e8ce de rechange de qualit\u00e9, essentielle pour maintenir le moteur efficace et fiable dans le temps.<\/p>\n","protected":false},"featured_media":14191,"template":"","meta":{"_sitemap_exclude":false,"_sitemap_priority":"","_sitemap_frequency":""},"product_brand":[2672],"product_cat":[517,524],"product_tag":[3069],"class_list":{"0":"post-14190","1":"product","2":"type-product","3":"status-publish","4":"has-post-thumbnail","6":"product_brand-piaggio","7":"product_cat-filtres","8":"product_cat-filtres-a-air","9":"product_tag-3069","11":"first","12":"outofstock","13":"sale","14":"taxable","15":"shipping-taxable","16":"purchasable","17":"product-type-simple"},"_links":{"self":[{"href":"https:\/\/damicoline.com\/fr\/wp-json\/wp\/v2\/product\/14190","targetHints":{"allow":["GET"]}}],"collection":[{"href":"https:\/\/damicoline.com\/fr\/wp-json\/wp\/v2\/product"}],"about":[{"href":"https:\/\/damicoline.com\/fr\/wp-json\/wp\/v2\/types\/product"}],"wp:featuredmedia":[{"embeddable":true,"href":"https:\/\/damicoline.com\/fr\/wp-json\/wp\/v2\/media\/14191"}],"wp:attachment":[{"href":"https:\/\/damicoline.com\/fr\/wp-json\/wp\/v2\/media?parent=14190"}],"wp:term":[{"taxonomy":"product_brand","embeddable":true,"href":"https:\/\/damicoline.com\/fr\/wp-json\/wp\/v2\/product_brand?post=14190"},{"taxonomy":"product_cat","embeddable":true,"href":"https:\/\/damicoline.com\/fr\/wp-json\/wp\/v2\/product_cat?post=14190"},{"taxonomy":"product_tag","embeddable":true,"href":"https:\/\/damicoline.com\/fr\/wp-json\/wp\/v2\/product_tag?post=14190"}],"curies":[{"name":"wp","href":"https:\/\/api.w.org\/{rel}","templated":true}]}}