{"id":14216,"date":"2025-12-09T17:37:59","date_gmt":"2025-12-09T16:37:59","guid":{"rendered":"https:\/\/damicoline.com\/product\/manicotto-uscita-carburante-serbatoio-piaggio-quargo\/"},"modified":"2026-04-22T14:53:43","modified_gmt":"2026-04-22T12:53:43","slug":"manchon-de-sortie-de-carburant-pour-reservoir-piaggio-quargo","status":"publish","type":"product","link":"https:\/\/damicoline.com\/fr\/produit\/manchon-de-sortie-de-carburant-pour-reservoir-piaggio-quargo\/","title":{"rendered":"Manchon de sortie de carburant pour r\u00e9servoir Piaggio Quargo"},"content":{"rendered":"<p><strong>Manchon de sortie de carburant pour r\u00e9servoir Piaggio Quargo<\/strong><\/p>\n<p>Manchon de sortie <strong>de carburant pour r\u00e9servoir<\/strong> compatible avec <strong>Piaggio Quargo<\/strong>. Con\u00e7u pour garantir une \u00e9tanch\u00e9it\u00e9 s\u00fbre du circuit de carburant, \u00e9vite les fuites et assure un flux stable vers le syst\u00e8me d&#8217;alimentation. Mat\u00e9riau r\u00e9sistant, pi\u00e8ce de rechange fiable et durable.<\/p>\n<div class=\"text-sm text-gray-800 font-medium mb-2\"><div class=\"text-sm text-gray-800 font-medium mb-2\"><strong>Codes de r\u00e9f\u00e9rence:<\/strong> 644514<\/div><\/div>\n<div class=\"oem-box mb-4\"><div class=\"oem-box mb-4\"><p class=\"text-sm text-gray-800 font-medium mb-2\">Type: <strong>D\u2019origine Piaggio<\/strong><\/p><p class=\"text-sm text-gray-700 mb-1\">Composant Piaggio d\u2019origine, con\u00e7u pour un montage et des performances corrects.<\/p><p class=\"text-xs text-gray-500 mt-2\">Les marques appartiennent \u00e0 leurs propri\u00e9taires respectifs.<\/p><\/div><\/div>\n<section class=\"compatibility-block mb-4\"><section class=\"compatibility-block mb-4\"><div class=\"product-extra-details hide-below-992\"><table class=\"woocommerce-product-attributes\"><tbody><tr><th colspan=\"2\"><span class=\"text-sm font-medium mb-2\">Compatible avec :<\/span><\/th><\/tr><tr><th>Mod\u00e8le du v\u00e9hicule \u2013 Pr\u00e9fixe du ch\u00e2ssis:<\/th><td><a href=\"https:\/\/damicoline.com\/fr\/boutique\/?vx_brand=PIAGGIO&#038;vx_model=QUARGO%20702%20Diesel%20(2004-2006)&#038;vx_engine=LDW702\/P&#038;vx_years=2004-2006\">\ud83d\ude9a PIAGGIO QUARGO 702 Diesel (2004-2006) LDW702\/P (2004-2006) - ZAPP10000<\/a><\/td><\/tr><tr><th>Mod\u00e8le du v\u00e9hicule \u2013 Pr\u00e9fixe du ch\u00e2ssis:<\/th><td><a href=\"https:\/\/damicoline.com\/fr\/boutique\/?vx_brand=PIAGGIO&#038;vx_model=QUARGO%20702%20Diesel%20(2007-2017)&#038;vx_engine=LDW702\/P&#038;vx_years=2007-2017\">\ud83d\ude9a PIAGGIO QUARGO 702 Diesel (2007-2017) LDW702\/P (2007-2017) - ZAP4P10000<\/a><\/td><\/tr><\/tbody><\/table><\/div><\/section><\/section>\n","protected":false},"excerpt":{"rendered":"<p>Manchon de sortie de carburant pour r\u00e9servoir Piaggio Quargo Manchon de sortie de carburant pour r\u00e9servoir compatible avec Piaggio Quargo. Con\u00e7u pour garantir une \u00e9tanch\u00e9it\u00e9 s\u00fbre du circuit de carburant, \u00e9vite les fuites et assure un flux stable vers le syst\u00e8me d&#8217;alimentation. Mat\u00e9riau r\u00e9sistant, pi\u00e8ce de rechange fiable et durable.<\/p>\n","protected":false},"featured_media":14217,"template":"","meta":{"_sitemap_exclude":false,"_sitemap_priority":"","_sitemap_frequency":""},"product_brand":[2672],"product_cat":[2001,1576],"product_tag":[3087],"class_list":{"0":"post-14216","1":"product","2":"type-product","3":"status-publish","4":"has-post-thumbnail","6":"product_brand-piaggio","7":"product_cat-conduites-de-carburant","8":"product_cat-systeme-dalimentation","9":"product_tag-3087","11":"first","12":"outofstock","13":"sale","14":"taxable","15":"shipping-taxable","16":"purchasable","17":"product-type-simple"},"_links":{"self":[{"href":"https:\/\/damicoline.com\/fr\/wp-json\/wp\/v2\/product\/14216","targetHints":{"allow":["GET"]}}],"collection":[{"href":"https:\/\/damicoline.com\/fr\/wp-json\/wp\/v2\/product"}],"about":[{"href":"https:\/\/damicoline.com\/fr\/wp-json\/wp\/v2\/types\/product"}],"wp:featuredmedia":[{"embeddable":true,"href":"https:\/\/damicoline.com\/fr\/wp-json\/wp\/v2\/media\/14217"}],"wp:attachment":[{"href":"https:\/\/damicoline.com\/fr\/wp-json\/wp\/v2\/media?parent=14216"}],"wp:term":[{"taxonomy":"product_brand","embeddable":true,"href":"https:\/\/damicoline.com\/fr\/wp-json\/wp\/v2\/product_brand?post=14216"},{"taxonomy":"product_cat","embeddable":true,"href":"https:\/\/damicoline.com\/fr\/wp-json\/wp\/v2\/product_cat?post=14216"},{"taxonomy":"product_tag","embeddable":true,"href":"https:\/\/damicoline.com\/fr\/wp-json\/wp\/v2\/product_tag?post=14216"}],"curies":[{"name":"wp","href":"https:\/\/api.w.org\/{rel}","templated":true}]}}