{"id":14232,"date":"2025-12-09T18:38:27","date_gmt":"2025-12-09T17:38:27","guid":{"rendered":"https:\/\/damicoline.com\/product\/marmitta-scarico-piaggio-ape-classic-400-euro-2\/"},"modified":"2026-04-22T14:54:00","modified_gmt":"2026-04-22T12:54:00","slug":"silencieux-dechappement-pour-piaggio-ape-classic-400-euro-2-piece-de-rechange","status":"publish","type":"product","link":"https:\/\/damicoline.com\/fr\/produit\/silencieux-dechappement-pour-piaggio-ape-classic-400-euro-2-piece-de-rechange\/","title":{"rendered":"Silencieux d&#8217;\u00e9chappement pour Piaggio Ape Classic 400 Euro 2 pi\u00e8ce de rechange"},"content":{"rendered":"<p><strong>Silencieux d&#8217;\u00e9chappement pour Piaggio Ape Classic 400 Euro 2<\/strong><\/p>\n<p>Silencieux d&#8217;<strong>\u00e9chappement<\/strong> compatible avec <strong>Piaggio Ape Classic 400 Euro 2<\/strong>. Con\u00e7u pour assurer une expulsion correcte des gaz, r\u00e9duire le bruit et garantir une meilleure efficacit\u00e9 du moteur. Pi\u00e8ce de rechange de qualit\u00e9, robuste et durable.<\/p>\n<div class=\"text-sm text-gray-800 font-medium mb-2\"><div class=\"text-sm text-gray-800 font-medium mb-2\"><strong>Codes de r\u00e9f\u00e9rence:<\/strong> E10A070003<\/div><\/div>\n<div class=\"oem-box mb-4\"><div class=\"oem-box mb-4\"><p class=\"text-sm text-gray-800 font-medium mb-2\">Type: <strong>D\u2019origine Piaggio<\/strong><\/p><p class=\"text-sm text-gray-700 mb-1\">Composant Piaggio d\u2019origine, con\u00e7u pour un montage et des performances corrects.<\/p><p class=\"text-xs text-gray-500 mt-2\">Les marques appartiennent \u00e0 leurs propri\u00e9taires respectifs.<\/p><\/div><\/div>\n<section class=\"compatibility-block mb-4\"><section class=\"compatibility-block mb-4\"><div class=\"product-extra-details hide-below-992\"><table class=\"woocommerce-product-attributes\"><tbody><tr><th colspan=\"2\"><span class=\"text-sm font-medium mb-2\">Compatible avec :<\/span><\/th><\/tr><tr><th>Mod\u00e8le du v\u00e9hicule \u2013 Pr\u00e9fixe du ch\u00e2ssis:<\/th><td><a href=\"https:\/\/damicoline.com\/fr\/boutique\/?vx_brand=PIAGGIO&#038;vx_model=APE%20CLASSIC%20400%20IE%20E2%20(2014-2017)&#038;vx_engine=S4C8&#038;vx_years=2014-2017\">\ud83d\ude9a PIAGGIO APE CLASSIC 400 IE E2 (2014-2017) S4C8 (2014-2017) - MBX000T58RC<\/a><\/td><\/tr><\/tbody><\/table><\/div><\/section><\/section>\n","protected":false},"excerpt":{"rendered":"<p>Silencieux d&#8217;\u00e9chappement pour Piaggio Ape Classic 400 Euro 2 Silencieux d&#8217;\u00e9chappement compatible avec Piaggio Ape Classic 400 Euro 2. Con\u00e7u pour assurer une expulsion correcte des gaz, r\u00e9duire le bruit et garantir une meilleure efficacit\u00e9 du moteur. Pi\u00e8ce de rechange de qualit\u00e9, robuste et durable.<\/p>\n","protected":false},"featured_media":14233,"template":"","meta":{"_sitemap_exclude":false,"_sitemap_priority":"","_sitemap_frequency":""},"product_brand":[2672],"product_cat":[417,557],"product_tag":[3093],"class_list":{"0":"post-14232","1":"product","2":"type-product","3":"status-publish","4":"has-post-thumbnail","6":"product_brand-piaggio","7":"product_cat-pieces-du-moteur","8":"product_cat-systeme-dechappement","9":"product_tag-e10a070003","11":"first","12":"outofstock","13":"sale","14":"taxable","15":"shipping-taxable","16":"purchasable","17":"product-type-simple"},"_links":{"self":[{"href":"https:\/\/damicoline.com\/fr\/wp-json\/wp\/v2\/product\/14232","targetHints":{"allow":["GET"]}}],"collection":[{"href":"https:\/\/damicoline.com\/fr\/wp-json\/wp\/v2\/product"}],"about":[{"href":"https:\/\/damicoline.com\/fr\/wp-json\/wp\/v2\/types\/product"}],"wp:featuredmedia":[{"embeddable":true,"href":"https:\/\/damicoline.com\/fr\/wp-json\/wp\/v2\/media\/14233"}],"wp:attachment":[{"href":"https:\/\/damicoline.com\/fr\/wp-json\/wp\/v2\/media?parent=14232"}],"wp:term":[{"taxonomy":"product_brand","embeddable":true,"href":"https:\/\/damicoline.com\/fr\/wp-json\/wp\/v2\/product_brand?post=14232"},{"taxonomy":"product_cat","embeddable":true,"href":"https:\/\/damicoline.com\/fr\/wp-json\/wp\/v2\/product_cat?post=14232"},{"taxonomy":"product_tag","embeddable":true,"href":"https:\/\/damicoline.com\/fr\/wp-json\/wp\/v2\/product_tag?post=14232"}],"curies":[{"name":"wp","href":"https:\/\/api.w.org\/{rel}","templated":true}]}}