{"id":14283,"date":"2025-12-10T15:11:24","date_gmt":"2025-12-10T14:11:24","guid":{"rendered":"https:\/\/damicoline.com\/product\/guarnizione-testa-1-50-1-tacca-ape-calessino-ldw422-lcs422\/"},"modified":"2025-12-10T15:27:01","modified_gmt":"2025-12-10T14:27:01","slug":"joint-de-culasse-1-50mm-1-encoche-pour-ape-calessino-et-703","status":"publish","type":"product","link":"https:\/\/damicoline.com\/fr\/produit\/joint-de-culasse-1-50mm-1-encoche-pour-ape-calessino-et-703\/","title":{"rendered":"Joint de culasse 1.50mm 1 encoche pour Ape Calessino et 703"},"content":{"rendered":"<p><strong>Joint de culasse 1.50 mm (1 encoche) pour Piaggio Ape Calessino LDW 422 et Ape 703 TM Diesel LCS 422<\/strong><\/p>\n<p>Joint de culasse avec \u00e9paisseur <strong>1.50 mm<\/strong> identifi\u00e9 par <strong>1 encoche<\/strong>. Compatible avec les moteurs <strong>LDW 422<\/strong> et <strong>LCS 422<\/strong> mont\u00e9s sur Piaggio Ape Calessino et Ape 703 TM Diesel. Id\u00e9al pour les moteurs avec culasse et cylindre dans les tol\u00e9rances standard.<\/p>\n<p>Assure une parfaite \u00e9tanch\u00e9it\u00e9 entre la culasse et le cylindre, maintient la compression correcte et garantit durabilit\u00e9 et fiabilit\u00e9 dans le temps. Pi\u00e8ce de rechange de qualit\u00e9 professionnelle.<\/p>\n<div class=\"text-sm text-gray-800 font-medium mb-2\"><div class=\"text-sm text-gray-800 font-medium mb-2\"><strong>Codes de r\u00e9f\u00e9rence:<\/strong> L&#52;&#55;&#55;&#53;&#54;&#50;&#56;&#48;<\/div><\/div>\n<div class=\"oem-box mb-4\">\t\t\t\t<div class=\"oem-box mb-4\">\n\t\t\t\t\t<p class=\"text-sm text-gray-800 font-medium mb-2\">Type: <strong>D\u2019origine Piaggio<\/strong><\/p>\n\t\t\t\t\t<p class=\"text-sm text-gray-700 mb-1\">Composant Piaggio d\u2019origine, con\u00e7u pour un montage et des performances corrects.<\/p>\n\t\t\t\t\t<p class=\"text-xs text-gray-500 mt-2\">*Les marques appartiennent \u00e0 leurs propri\u00e9taires respectifs.<\/p>\n\t\t\t\t<\/div>\n\t\t\t<\/div>\n<section class=\"compatibility-block mb-4\"><section class=\"compatibility-block mb-4\"><div class=\"product-extra-details hide-below-992\"><table class=\"woocommerce-product-attributes\"><tbody><tr><th colspan=\"2\"><span class=\"text-sm font-medium mb-2\">Compatible avec :<\/span><\/th><\/tr><tr><th>Mod\u00e8le du v\u00e9hicule \u2013 Pr\u00e9fixe du ch\u00e2ssis:<\/th><td><a href=\"https:\/\/damicoline.com\/fr\/boutique\/?vx_brand=PIAGGIO&#038;vx_model=APE%20CALESSINO%20422%20E2%20(2007-2012)&#038;vx_engine=LDW422&#038;vx_years=2007-2012\">\ud83d\ude9a PIAGGIO APE CALESSINO 422 E2 (2007-2012) LDW422 (2007-2012) - ZAPT2D4MC, ZAPT3E9AC<\/a><\/td><\/tr><tr><th>Mod\u00e8le du v\u00e9hicule \u2013 Pr\u00e9fixe du ch\u00e2ssis:<\/th><td><a href=\"https:\/\/damicoline.com\/fr\/boutique\/?vx_brand=PIAGGIO&#038;vx_model=APE%20CLASSIC%20MP601%20E2%20(2006-2013)&#038;vx_engine=LDW422&#038;vx_years=2006-2013\">\ud83d\ude9a PIAGGIO APE CLASSIC MP601 E2 (2006-2013) LDW422 (2006-2013) - MC349B0D26B<\/a><\/td><\/tr><tr><th>Mod\u00e8le du v\u00e9hicule \u2013 Pr\u00e9fixe du ch\u00e2ssis:<\/th><td><a href=\"https:\/\/damicoline.com\/fr\/boutique\/?vx_brand=PIAGGIO&#038;vx_model=APE%20TM703%20DIESEL%20LCS%20422%20E1%20(2005-2012)&#038;vx_engine=ATD2M&#038;vx_years=2005-2012\">\ud83d\ude9a PIAGGIO APE TM703 DIESEL LCS 422 E1 (2005-2012) ATD2M (2005-2012) - ZAPT10000<\/a><\/td><\/tr><\/tbody><\/table><\/div><\/section><\/section>\n","protected":false},"excerpt":{"rendered":"<p>Joint de culasse 1.50 mm (1 encoche) pour Piaggio Ape Calessino LDW 422 et Ape 703 TM Diesel LCS 422 Joint de culasse avec \u00e9paisseur 1.50 mm identifi\u00e9 par 1 encoche. Compatible avec les moteurs LDW 422 et LCS 422 mont\u00e9s sur Piaggio Ape Calessino et Ape 703 TM Diesel. Id\u00e9al pour les moteurs avec<\/p>\n<div class=\"klb-readmore button\"><a class=\"btn link\" href=\"https:\/\/damicoline.com\/fr\/produit\/joint-de-culasse-1-50mm-1-encoche-pour-ape-calessino-et-703\/\">Read More <i class=\"klbth-icon-right-arrow\"><\/i><\/a><\/div>\n","protected":false},"featured_media":14284,"template":"","meta":{"_sitemap_exclude":false,"_sitemap_priority":"","_sitemap_frequency":""},"product_brand":[2672],"product_cat":[1107,417],"product_tag":[3107],"class_list":{"0":"post-14283","1":"product","2":"type-product","3":"status-publish","4":"has-post-thumbnail","6":"product_brand-piaggio","7":"product_cat-culasse","8":"product_cat-pieces-du-moteur","9":"product_tag-l47756280","11":"first","12":"instock","13":"sale","14":"taxable","15":"shipping-taxable","16":"purchasable","17":"product-type-simple"},"_links":{"self":[{"href":"https:\/\/damicoline.com\/fr\/wp-json\/wp\/v2\/product\/14283","targetHints":{"allow":["GET"]}}],"collection":[{"href":"https:\/\/damicoline.com\/fr\/wp-json\/wp\/v2\/product"}],"about":[{"href":"https:\/\/damicoline.com\/fr\/wp-json\/wp\/v2\/types\/product"}],"wp:featuredmedia":[{"embeddable":true,"href":"https:\/\/damicoline.com\/fr\/wp-json\/wp\/v2\/media\/14284"}],"wp:attachment":[{"href":"https:\/\/damicoline.com\/fr\/wp-json\/wp\/v2\/media?parent=14283"}],"wp:term":[{"taxonomy":"product_brand","embeddable":true,"href":"https:\/\/damicoline.com\/fr\/wp-json\/wp\/v2\/product_brand?post=14283"},{"taxonomy":"product_cat","embeddable":true,"href":"https:\/\/damicoline.com\/fr\/wp-json\/wp\/v2\/product_cat?post=14283"},{"taxonomy":"product_tag","embeddable":true,"href":"https:\/\/damicoline.com\/fr\/wp-json\/wp\/v2\/product_tag?post=14283"}],"curies":[{"name":"wp","href":"https:\/\/api.w.org\/{rel}","templated":true}]}}