{"id":14319,"date":"2025-12-10T18:37:57","date_gmt":"2025-12-10T17:37:57","guid":{"rendered":"https:\/\/damicoline.com\/product\/pompa-olio-tenuta-oring-ape-calessino-ldw422-lcs422\/"},"modified":"2026-04-22T14:54:27","modified_gmt":"2026-04-22T12:54:27","slug":"pompe-a-huile-avec-joint-torique-pour-ape-calessino-et-703-diesel","status":"publish","type":"product","link":"https:\/\/damicoline.com\/fr\/produit\/pompe-a-huile-avec-joint-torique-pour-ape-calessino-et-703-diesel\/","title":{"rendered":"Pompe \u00e0 huile avec joint torique pour Ape Calessino et 703 Diesel"},"content":{"rendered":"<p><strong>Pompe \u00e0 huile avec joint torique pour Piaggio Ape Calessino LDW 422 et Ape 703 TM Diesel LCS 422<\/strong><\/p>\n<p>Pompe \u00e0 huile version avec <strong>joint par anneau torique<\/strong>, compatible avec les moteurs <strong>LDW 422<\/strong> et <strong>LCS 422<\/strong>. Dans cette variante, l&#8217;\u00e9tanch\u00e9it\u00e9 entre la pompe et le carter ne se fait pas par un joint plat, mais avec un <strong>anneau torique<\/strong> \u00e0 haute capacit\u00e9 d&#8217;\u00e9tanch\u00e9it\u00e9.<\/p>\n<p>Cette version garantit un montage plus rapide, une excellente imperm\u00e9abilit\u00e9 \u00e0 l&#8217;huile et une meilleure compensation des dilatations thermiques. Recommand\u00e9e lorsque le moteur utilise la configuration la plus moderne ou lors d&#8217;une r\u00e9vision compl\u00e8te du groupe de lubrification.<\/p>\n<div class=\"text-sm text-gray-800 font-medium mb-2\"><div class=\"text-sm text-gray-800 font-medium mb-2\"><strong>Codes de r\u00e9f\u00e9rence:<\/strong> L6605121<\/div><\/div>\n<div class=\"oem-box mb-4\"><div class=\"oem-box mb-4\"><p class=\"text-sm text-gray-800 font-medium mb-2\">Type: <strong>D\u2019origine Piaggio<\/strong><\/p><p class=\"text-sm text-gray-700 mb-1\">Composant Piaggio d\u2019origine, con\u00e7u pour un montage et des performances corrects.<\/p><p class=\"text-xs text-gray-500 mt-2\">Les marques appartiennent \u00e0 leurs propri\u00e9taires respectifs.<\/p><\/div><\/div>\n<section class=\"compatibility-block mb-4\"><section class=\"compatibility-block mb-4\"><div class=\"product-extra-details hide-below-992\"><table class=\"woocommerce-product-attributes\"><tbody><tr><th colspan=\"2\"><span class=\"text-sm font-medium mb-2\">Compatible avec :<\/span><\/th><\/tr><tr><th>Mod\u00e8le du v\u00e9hicule \u2013 Pr\u00e9fixe du ch\u00e2ssis:<\/th><td><a href=\"https:\/\/damicoline.com\/fr\/boutique\/?vx_brand=PIAGGIO&#038;vx_model=APE%20CALESSINO%20422%20E2%20(2007-2012)&#038;vx_engine=LDW422&#038;vx_years=2007-2012\">\ud83d\ude9a PIAGGIO APE CALESSINO 422 E2 (2007-2012) LDW422 (2007-2012) - ZAPT2D4MC, ZAPT3E9AC<\/a><\/td><\/tr><tr><th>Mod\u00e8le du v\u00e9hicule \u2013 Pr\u00e9fixe du ch\u00e2ssis:<\/th><td><a href=\"https:\/\/damicoline.com\/fr\/boutique\/?vx_brand=PIAGGIO&#038;vx_model=APE%20CLASSIC%20MP601%20E2%20(2006-2013)&#038;vx_engine=LDW422&#038;vx_years=2006-2013\">\ud83d\ude9a PIAGGIO APE CLASSIC MP601 E2 (2006-2013) LDW422 (2006-2013) - MC349B0D26B<\/a><\/td><\/tr><tr><th>Mod\u00e8le du v\u00e9hicule \u2013 Pr\u00e9fixe du ch\u00e2ssis:<\/th><td><a href=\"https:\/\/damicoline.com\/fr\/boutique\/?vx_brand=PIAGGIO&#038;vx_model=APE%20TM703%20DIESEL%20LCS%20422%20E1%20(2005-2012)&#038;vx_engine=ATD2M&#038;vx_years=2005-2012\">\ud83d\ude9a PIAGGIO APE TM703 DIESEL LCS 422 E1 (2005-2012) ATD2M (2005-2012) - ZAPT10000<\/a><\/td><\/tr><\/tbody><\/table><\/div><\/section><\/section>\n","protected":false},"excerpt":{"rendered":"<p>Pompe \u00e0 huile avec joint torique pour Piaggio Ape Calessino LDW 422 et Ape 703 TM Diesel LCS 422 Pompe \u00e0 huile version avec joint par anneau torique, compatible avec les moteurs LDW 422 et LCS 422. Dans cette variante, l&#8217;\u00e9tanch\u00e9it\u00e9 entre la pompe et le carter ne se fait pas par un joint plat,<\/p>\n<div class=\"klb-readmore button\"><a class=\"btn link\" href=\"https:\/\/damicoline.com\/fr\/produit\/pompe-a-huile-avec-joint-torique-pour-ape-calessino-et-703-diesel\/\">Read More <i class=\"klbth-icon-right-arrow\"><\/i><\/a><\/div>\n","protected":false},"featured_media":14320,"template":"","meta":{"_sitemap_exclude":false,"_sitemap_priority":"","_sitemap_frequency":""},"product_brand":[2672],"product_cat":[417,2623],"product_tag":[3119],"class_list":{"0":"post-14319","1":"product","2":"type-product","3":"status-publish","4":"has-post-thumbnail","6":"product_brand-piaggio","7":"product_cat-pieces-du-moteur","8":"product_cat-pompe-a-huile","9":"product_tag-l6605121","11":"first","12":"outofstock","13":"sale","14":"taxable","15":"shipping-taxable","16":"purchasable","17":"product-type-simple"},"_links":{"self":[{"href":"https:\/\/damicoline.com\/fr\/wp-json\/wp\/v2\/product\/14319","targetHints":{"allow":["GET"]}}],"collection":[{"href":"https:\/\/damicoline.com\/fr\/wp-json\/wp\/v2\/product"}],"about":[{"href":"https:\/\/damicoline.com\/fr\/wp-json\/wp\/v2\/types\/product"}],"wp:featuredmedia":[{"embeddable":true,"href":"https:\/\/damicoline.com\/fr\/wp-json\/wp\/v2\/media\/14320"}],"wp:attachment":[{"href":"https:\/\/damicoline.com\/fr\/wp-json\/wp\/v2\/media?parent=14319"}],"wp:term":[{"taxonomy":"product_brand","embeddable":true,"href":"https:\/\/damicoline.com\/fr\/wp-json\/wp\/v2\/product_brand?post=14319"},{"taxonomy":"product_cat","embeddable":true,"href":"https:\/\/damicoline.com\/fr\/wp-json\/wp\/v2\/product_cat?post=14319"},{"taxonomy":"product_tag","embeddable":true,"href":"https:\/\/damicoline.com\/fr\/wp-json\/wp\/v2\/product_tag?post=14319"}],"curies":[{"name":"wp","href":"https:\/\/api.w.org\/{rel}","templated":true}]}}