{"id":14382,"date":"2025-12-11T09:40:05","date_gmt":"2025-12-11T08:40:05","guid":{"rendered":"https:\/\/damicoline.com\/product\/cavo-contachilometri-piaggio-ape-calessino-ldw422\/"},"modified":"2025-12-11T10:11:59","modified_gmt":"2025-12-11T09:11:59","slug":"cable-de-compteur-de-vitesse-pour-piaggio-ape-calessino-ldw422","status":"publish","type":"product","link":"https:\/\/damicoline.com\/fr\/produit\/cable-de-compteur-de-vitesse-pour-piaggio-ape-calessino-ldw422\/","title":{"rendered":"C\u00e2ble de compteur de vitesse pour Piaggio Ape Calessino LDW422"},"content":{"rendered":"<p><strong>C\u00e2ble de compteur de vitesse pour Piaggio Ape Calessino LDW422<\/strong><\/p>\n<p>C\u00e2ble de compteur de vitesse compatible avec <strong>Piaggio Ape Calessino LDW422<\/strong>. Assure une transmission pr\u00e9cise du mouvement de la roue au compteur de vitesse, garantissant une lecture correcte de la vitesse. Pi\u00e8ce de rechange de qualit\u00e9, r\u00e9sistante et fiable dans le temps.<\/p>\n<div class=\"text-sm text-gray-800 font-medium mb-2\"><div class=\"text-sm text-gray-800 font-medium mb-2\"><strong>Codes de r\u00e9f\u00e9rence:<\/strong> 661769<\/div><\/div>\n<div class=\"oem-box mb-4\">\t\t\t\t<div class=\"oem-box mb-4\">\n\t\t\t\t\t<p class=\"text-sm text-gray-800 font-medium mb-2\">Type: <strong>D\u2019origine Piaggio<\/strong><\/p>\n\t\t\t\t\t<p class=\"text-sm text-gray-700 mb-1\">Composant Piaggio d\u2019origine, con\u00e7u pour un montage et des performances corrects.<\/p>\n\t\t\t\t\t<p class=\"text-xs text-gray-500 mt-2\">*Les marques appartiennent \u00e0 leurs propri\u00e9taires respectifs.<\/p>\n\t\t\t\t<\/div>\n\t\t\t<\/div>\n<section class=\"compatibility-block mb-4\"><section class=\"compatibility-block mb-4\"><div class=\"product-extra-details hide-below-992\"><table class=\"woocommerce-product-attributes\"><tbody><tr><th colspan=\"2\"><span class=\"text-sm font-medium mb-2\">Compatible avec :<\/span><\/th><\/tr><tr><th>Mod\u00e8le du v\u00e9hicule \u2013 Pr\u00e9fixe du ch\u00e2ssis:<\/th><td><a href=\"https:\/\/damicoline.com\/fr\/boutique\/?vx_brand=PIAGGIO&#038;vx_model=APE%20CALESSINO%20422%20E2%20(2007-2012)&#038;vx_engine=LDW422&#038;vx_years=2007-2012\">\ud83d\ude9a PIAGGIO APE CALESSINO 422 E2 (2007-2012) LDW422 (2007-2012) - ZAPT2D4MC, ZAPT3E9AC<\/a><\/td><\/tr><\/tbody><\/table><\/div><\/section><\/section>\n","protected":false},"excerpt":{"rendered":"<p>C\u00e2ble de compteur de vitesse pour Piaggio Ape Calessino LDW422 C\u00e2ble de compteur de vitesse compatible avec Piaggio Ape Calessino LDW422. Assure une transmission pr\u00e9cise du mouvement de la roue au compteur de vitesse, garantissant une lecture correcte de la vitesse. Pi\u00e8ce de rechange de qualit\u00e9, r\u00e9sistante et fiable dans le temps.<\/p>\n","protected":false},"featured_media":14383,"template":"","meta":{"_sitemap_exclude":false,"_sitemap_priority":"","_sitemap_frequency":""},"product_brand":[2672],"product_cat":[3144,2646],"product_tag":[3154],"class_list":{"0":"post-14382","1":"product","2":"type-product","3":"status-publish","4":"has-post-thumbnail","6":"product_brand-piaggio","7":"product_cat-cables-de-compteur","8":"product_cat-transmissions-et-cables","9":"product_tag-3154","11":"first","12":"instock","13":"sale","14":"taxable","15":"shipping-taxable","16":"purchasable","17":"product-type-simple"},"_links":{"self":[{"href":"https:\/\/damicoline.com\/fr\/wp-json\/wp\/v2\/product\/14382","targetHints":{"allow":["GET"]}}],"collection":[{"href":"https:\/\/damicoline.com\/fr\/wp-json\/wp\/v2\/product"}],"about":[{"href":"https:\/\/damicoline.com\/fr\/wp-json\/wp\/v2\/types\/product"}],"wp:featuredmedia":[{"embeddable":true,"href":"https:\/\/damicoline.com\/fr\/wp-json\/wp\/v2\/media\/14383"}],"wp:attachment":[{"href":"https:\/\/damicoline.com\/fr\/wp-json\/wp\/v2\/media?parent=14382"}],"wp:term":[{"taxonomy":"product_brand","embeddable":true,"href":"https:\/\/damicoline.com\/fr\/wp-json\/wp\/v2\/product_brand?post=14382"},{"taxonomy":"product_cat","embeddable":true,"href":"https:\/\/damicoline.com\/fr\/wp-json\/wp\/v2\/product_cat?post=14382"},{"taxonomy":"product_tag","embeddable":true,"href":"https:\/\/damicoline.com\/fr\/wp-json\/wp\/v2\/product_tag?post=14382"}],"curies":[{"name":"wp","href":"https:\/\/api.w.org\/{rel}","templated":true}]}}