{"id":14423,"date":"2025-12-11T11:11:39","date_gmt":"2025-12-11T10:11:39","guid":{"rendered":"https:\/\/damicoline.com\/product\/paraolio-banco-lato-frizione-piaggio-ape-diesel\/"},"modified":"2026-05-13T12:30:56","modified_gmt":"2026-05-13T10:30:56","slug":"joint-spi-vilebrequin-cote-embrayage-pour-piaggio-ape-diesel-piece-de-rechange","status":"publish","type":"product","link":"https:\/\/damicoline.com\/fr\/produit\/joint-spi-vilebrequin-cote-embrayage-pour-piaggio-ape-diesel-piece-de-rechange\/","title":{"rendered":"Joint spi vilebrequin c\u00f4t\u00e9 embrayage pour Piaggio Ape Diesel pi\u00e8ce de rechange"},"content":{"rendered":"<p><strong>Joint spi vilebrequin c\u00f4t\u00e9 embrayage pour Piaggio Ape Diesel<\/strong><\/p>\n<p>Joint spi vilebrequin c\u00f4t\u00e9 <strong>embrayage<\/strong> compatible avec <strong>Piaggio Ape Diesel<\/strong>. Assure l&#8217;\u00e9tanch\u00e9it\u00e9 parfaite de l&#8217;huile moteur dans la zone de l&#8217;embrayage, pr\u00e9venant les fuites et maintenant le moteur propre et efficace. Pi\u00e8ce de rechange de qualit\u00e9, r\u00e9sistante \u00e0 la chaleur et \u00e0 la pression.<\/p>\n<div class=\"text-sm text-gray-800 font-medium mb-2\"><div class=\"text-sm text-gray-800 font-medium mb-2\"><strong>Codes de r\u00e9f\u00e9rence:<\/strong> 431240<\/div><\/div>\n<div class=\"oem-box mb-4\"><div class=\"oem-box mb-4\"><p class=\"text-sm text-gray-800 font-medium mb-2\">Type: <strong>D\u2019origine Piaggio<\/strong><\/p><p class=\"text-sm text-gray-700 mb-1\">Composant Piaggio d\u2019origine, con\u00e7u pour un montage et des performances corrects.<\/p><p class=\"text-xs text-gray-500 mt-2\">Les marques appartiennent \u00e0 leurs propri\u00e9taires respectifs.<\/p><\/div><\/div>\n<section class=\"compatibility-block mb-4\"><section class=\"compatibility-block mb-4\"><div class=\"product-extra-details\"><table class=\"woocommerce-product-attributes\"><tbody><tr><th colspan=\"2\"><span class=\"text-sm font-medium mb-2\">Compatible avec :<\/span><\/th><\/tr><tr><th>Mod\u00e8le du v\u00e9hicule \u2013 Pr\u00e9fixe du ch\u00e2ssis:<\/th><td>\ud83d\ude9a PIAGGIO APE CALESSINO 422 E2 (2007-2012) LDW422 (2007-2012) - ZAPT2D4MC, ZAPT3E9AC<\/td><\/tr><tr><th>Mod\u00e8le du v\u00e9hicule \u2013 Pr\u00e9fixe du ch\u00e2ssis:<\/th><td>\ud83d\ude9a PIAGGIO APE CLASSIC MP601 E2 (2006-2013) LDW422 (2006-2013) - MC349B0D26B<\/td><\/tr><tr><th>Mod\u00e8le du v\u00e9hicule \u2013 Pr\u00e9fixe du ch\u00e2ssis:<\/th><td>\ud83d\ude9a PIAGGIO APE TM703 DIESEL LCS 422 E1 (2005-2012) ATD2M (2005-2012) - ZAPT10000<\/td><\/tr><\/tbody><\/table><\/div><\/section><\/section>\n","protected":false},"excerpt":{"rendered":"<p>Joint spi vilebrequin c\u00f4t\u00e9 embrayage pour Piaggio Ape Diesel Joint spi vilebrequin c\u00f4t\u00e9 embrayage compatible avec Piaggio Ape Diesel. Assure l&#8217;\u00e9tanch\u00e9it\u00e9 parfaite de l&#8217;huile moteur dans la zone de l&#8217;embrayage, pr\u00e9venant les fuites et maintenant le moteur propre et efficace. Pi\u00e8ce de rechange de qualit\u00e9, r\u00e9sistante \u00e0 la chaleur et \u00e0 la pression.<\/p>\n","protected":false},"featured_media":14424,"template":"","meta":[],"product_brand":[3910],"product_cat":[1122,417],"product_tag":[3173],"class_list":{"0":"post-14423","1":"product","2":"type-product","3":"status-publish","4":"has-post-thumbnail","6":"product_brand-piaggio","7":"product_cat-joints-moteur","8":"product_cat-pieces-du-moteur","9":"product_tag-3173","11":"first","12":"outofstock","13":"sale","14":"taxable","15":"shipping-taxable","16":"purchasable","17":"product-type-simple"},"_links":{"self":[{"href":"https:\/\/damicoline.com\/fr\/wp-json\/wp\/v2\/product\/14423","targetHints":{"allow":["GET"]}}],"collection":[{"href":"https:\/\/damicoline.com\/fr\/wp-json\/wp\/v2\/product"}],"about":[{"href":"https:\/\/damicoline.com\/fr\/wp-json\/wp\/v2\/types\/product"}],"wp:featuredmedia":[{"embeddable":true,"href":"https:\/\/damicoline.com\/fr\/wp-json\/wp\/v2\/media\/14424"}],"wp:attachment":[{"href":"https:\/\/damicoline.com\/fr\/wp-json\/wp\/v2\/media?parent=14423"}],"wp:term":[{"taxonomy":"product_brand","embeddable":true,"href":"https:\/\/damicoline.com\/fr\/wp-json\/wp\/v2\/product_brand?post=14423"},{"taxonomy":"product_cat","embeddable":true,"href":"https:\/\/damicoline.com\/fr\/wp-json\/wp\/v2\/product_cat?post=14423"},{"taxonomy":"product_tag","embeddable":true,"href":"https:\/\/damicoline.com\/fr\/wp-json\/wp\/v2\/product_tag?post=14423"}],"curies":[{"name":"wp","href":"https:\/\/api.w.org\/{rel}","templated":true}]}}