{"id":14851,"date":"2026-01-02T15:18:34","date_gmt":"2026-01-02T14:18:34","guid":{"rendered":"https:\/\/damicoline.com\/prodotto\/freccia-anteriore-destra-piaggio-porter\/"},"modified":"2026-01-02T15:31:29","modified_gmt":"2026-01-02T14:31:29","slug":"clignotant-avant-droit-pour-piaggio-porter-piece-de-rechange","status":"publish","type":"product","link":"https:\/\/damicoline.com\/fr\/produit\/clignotant-avant-droit-pour-piaggio-porter-piece-de-rechange\/","title":{"rendered":"Clignotant avant droit pour Piaggio Porter pi\u00e8ce de rechange"},"content":{"rendered":"<p><strong>Clignotant avant droit pour Piaggio Porter<\/strong><\/p>\n<p>Clignotant <strong>avant c\u00f4t\u00e9 droit<\/strong> compatible avec <strong>Piaggio Porter<\/strong>. Assure un signal clair et visible, restaurant la s\u00e9curit\u00e9 et la conformit\u00e9 du v\u00e9hicule. Pi\u00e8ce de rechange de qualit\u00e9, pr\u00eate \u00e0 \u00eatre mont\u00e9e et parfaitement compatible.<\/p>\n<div class=\"text-sm text-gray-800 font-medium mb-2\"><div class=\"text-sm text-gray-800 font-medium mb-2\"><strong>Codes de r\u00e9f\u00e9rence:<\/strong> 8151087Z05000<\/div><\/div>\n<div class=\"oem-box mb-4\">\t\t\t\t<div class=\"oem-box mb-4\">\n\t\t\t\t\t<p class=\"text-sm text-gray-800 font-medium mb-2\">Type: <strong>D\u2019origine Piaggio<\/strong><\/p>\n\t\t\t\t\t<p class=\"text-sm text-gray-700 mb-1\">Composant Piaggio d\u2019origine, con\u00e7u pour un montage et des performances corrects.<\/p>\n\t\t\t\t\t<p class=\"text-xs text-gray-500 mt-2\">*Les marques appartiennent \u00e0 leurs propri\u00e9taires respectifs.<\/p>\n\t\t\t\t<\/div>\n\t\t\t<\/div>\n<section class=\"compatibility-block mb-4\"><section class=\"compatibility-block mb-4\"><div class=\"product-extra-details hide-below-992\"><table class=\"woocommerce-product-attributes\"><tbody><tr><th colspan=\"2\"><span class=\"text-sm font-medium mb-2\">Compatible avec :<\/span><\/th><\/tr><tr><th>Mod\u00e8le du v\u00e9hicule \u2013 Pr\u00e9fixe du ch\u00e2ssis:<\/th><td><a href=\"https:\/\/damicoline.com\/fr\/boutique\/?vx_brand=PIAGGIO&#038;vx_model=PORTER%20Maxxi%201.3%2016V%20(2007-2009)&#038;vx_engine=HC-EL&#038;vx_years=2007-2009\">\ud83d\ude9a PIAGGIO PORTER Maxxi 1.3 16V (2007-2009) HC-EL (2007-2009) - ZAPS95000<\/a><\/td><\/tr><tr><th>Mod\u00e8le du v\u00e9hicule \u2013 Pr\u00e9fixe du ch\u00e2ssis:<\/th><td><a href=\"https:\/\/damicoline.com\/fr\/boutique\/?vx_brand=PIAGGIO&#038;vx_model=PORTER%20Pianale%20piatto%201.4%20D%20(1998-2005)&#038;vx_engine=LDW1404\/P&#038;vx_years=1998-2005\">\ud83d\ude9a PIAGGIO PORTER Pianale piatto 1.4 D (1998-2005) LDW1404\/P (1998-2005) - ZAPS&#56;&#53;&#48;&#48;&#48;&#48;&#48;&#52;, ZAPS&#56;&#53;&#48;&#48;&#48;&#48;&#48;&#55;, ZAPS85V00004, ZAPS85V00007<\/a><\/td><\/tr><tr><th>Mod\u00e8le du v\u00e9hicule \u2013 Pr\u00e9fixe du ch\u00e2ssis:<\/th><td><a href=\"https:\/\/damicoline.com\/fr\/boutique\/?vx_brand=PIAGGIO&#038;vx_model=PORTER%20Pianale%20piatto\/Telaio%201.3%2016V%20(1998-2009)&#038;vx_engine=HC-EL&#038;vx_years=1998-2009\">\ud83d\ude9a PIAGGIO PORTER Pianale piatto\/Telaio 1.3 16V (1998-2009) HC-EL (1998-2009) - ZAPS85000, ZAPS85V00<\/a><\/td><\/tr><\/tbody><\/table><\/div><\/section><\/section>\n","protected":false},"excerpt":{"rendered":"<p>Clignotant avant droit pour Piaggio Porter Clignotant avant c\u00f4t\u00e9 droit compatible avec Piaggio Porter. Assure un signal clair et visible, restaurant la s\u00e9curit\u00e9 et la conformit\u00e9 du v\u00e9hicule. Pi\u00e8ce de rechange de qualit\u00e9, pr\u00eate \u00e0 \u00eatre mont\u00e9e et parfaitement compatible.<\/p>\n","protected":false},"featured_media":14852,"template":"","meta":{"_sitemap_exclude":false,"_sitemap_priority":"","_sitemap_frequency":""},"product_brand":[2672],"product_cat":[3054,397],"product_tag":[3280],"class_list":{"0":"post-14851","1":"product","2":"type-product","3":"status-publish","4":"has-post-thumbnail","6":"product_brand-piaggio","7":"product_cat-phares-avant-clignotants","8":"product_cat-phares-et-eclairage","9":"product_tag-8151087z05000","11":"first","12":"instock","13":"sale","14":"taxable","15":"shipping-taxable","16":"purchasable","17":"product-type-simple"},"_links":{"self":[{"href":"https:\/\/damicoline.com\/fr\/wp-json\/wp\/v2\/product\/14851","targetHints":{"allow":["GET"]}}],"collection":[{"href":"https:\/\/damicoline.com\/fr\/wp-json\/wp\/v2\/product"}],"about":[{"href":"https:\/\/damicoline.com\/fr\/wp-json\/wp\/v2\/types\/product"}],"wp:featuredmedia":[{"embeddable":true,"href":"https:\/\/damicoline.com\/fr\/wp-json\/wp\/v2\/media\/14852"}],"wp:attachment":[{"href":"https:\/\/damicoline.com\/fr\/wp-json\/wp\/v2\/media?parent=14851"}],"wp:term":[{"taxonomy":"product_brand","embeddable":true,"href":"https:\/\/damicoline.com\/fr\/wp-json\/wp\/v2\/product_brand?post=14851"},{"taxonomy":"product_cat","embeddable":true,"href":"https:\/\/damicoline.com\/fr\/wp-json\/wp\/v2\/product_cat?post=14851"},{"taxonomy":"product_tag","embeddable":true,"href":"https:\/\/damicoline.com\/fr\/wp-json\/wp\/v2\/product_tag?post=14851"}],"curies":[{"name":"wp","href":"https:\/\/api.w.org\/{rel}","templated":true}]}}