{"id":15089,"date":"2026-01-05T18:13:50","date_gmt":"2026-01-05T17:13:50","guid":{"rendered":"https:\/\/damicoline.com\/prodotto\/freccia-anteriore-lato-sinistro-piaggio-quargo\/"},"modified":"2026-04-22T14:57:32","modified_gmt":"2026-04-22T12:57:32","slug":"clignotant-avant-cote-gauche-pour-piaggio-quargo","status":"publish","type":"product","link":"https:\/\/damicoline.com\/fr\/produit\/clignotant-avant-cote-gauche-pour-piaggio-quargo\/","title":{"rendered":"Clignotant avant c\u00f4t\u00e9 gauche pour Piaggio Quargo"},"content":{"rendered":"<p><strong>Clignotant avant c\u00f4t\u00e9 gauche pour Piaggio Quargo<\/strong><\/p>\n<p>Clignotant avant <strong>c\u00f4t\u00e9 gauche<\/strong> compatible avec <strong>Piaggio Quargo<\/strong>. Assure un signal lumineux efficace et une visibilit\u00e9 optimale, garantissant s\u00e9curit\u00e9 et apparence correcte du v\u00e9hicule. Pi\u00e8ce de rechange de qualit\u00e9, durable et pr\u00e9cise.<\/p>\n<div class=\"text-sm text-gray-800 font-medium mb-2\"><div class=\"text-sm text-gray-800 font-medium mb-2\"><strong>Codes de r\u00e9f\u00e9rence:<\/strong> 613774<\/div><\/div>\n<div class=\"oem-box mb-4\"><div class=\"oem-box mb-4\"><p class=\"text-sm text-gray-800 font-medium mb-2\">Type: <strong>D\u2019origine Piaggio<\/strong><\/p><p class=\"text-sm text-gray-700 mb-1\">Composant Piaggio d\u2019origine, con\u00e7u pour un montage et des performances corrects.<\/p><p class=\"text-xs text-gray-500 mt-2\">Les marques appartiennent \u00e0 leurs propri\u00e9taires respectifs.<\/p><\/div><\/div>\n<section class=\"compatibility-block mb-4\"><section class=\"compatibility-block mb-4\"><div class=\"product-extra-details hide-below-992\"><table class=\"woocommerce-product-attributes\"><tbody><tr><th colspan=\"2\"><span class=\"text-sm font-medium mb-2\">Compatible avec :<\/span><\/th><\/tr><tr><th>Mod\u00e8le du v\u00e9hicule \u2013 Pr\u00e9fixe du ch\u00e2ssis:<\/th><td><a href=\"https:\/\/damicoline.com\/fr\/boutique\/?vx_brand=PIAGGIO&#038;vx_model=QUARGO%20702%20Diesel%20(2004-2006)&#038;vx_engine=LDW702\/P&#038;vx_years=2004-2006\">\ud83d\ude9a PIAGGIO QUARGO 702 Diesel (2004-2006) LDW702\/P (2004-2006) - ZAPP10000<\/a><\/td><\/tr><tr><th>Mod\u00e8le du v\u00e9hicule \u2013 Pr\u00e9fixe du ch\u00e2ssis:<\/th><td><a href=\"https:\/\/damicoline.com\/fr\/boutique\/?vx_brand=PIAGGIO&#038;vx_model=QUARGO%20702%20Diesel%20(2007-2017)&#038;vx_engine=LDW702\/P&#038;vx_years=2007-2017\">\ud83d\ude9a PIAGGIO QUARGO 702 Diesel (2007-2017) LDW702\/P (2007-2017) - ZAP4P10000<\/a><\/td><\/tr><\/tbody><\/table><\/div><\/section><\/section>\n","protected":false},"excerpt":{"rendered":"<p>Clignotant avant c\u00f4t\u00e9 gauche pour Piaggio Quargo Clignotant avant c\u00f4t\u00e9 gauche compatible avec Piaggio Quargo. Assure un signal lumineux efficace et une visibilit\u00e9 optimale, garantissant s\u00e9curit\u00e9 et apparence correcte du v\u00e9hicule. Pi\u00e8ce de rechange de qualit\u00e9, durable et pr\u00e9cise.<\/p>\n","protected":false},"featured_media":15090,"template":"","meta":{"_sitemap_exclude":false,"_sitemap_priority":"","_sitemap_frequency":""},"product_brand":[2672],"product_cat":[3054,397],"product_tag":[3380],"class_list":{"0":"post-15089","1":"product","2":"type-product","3":"status-publish","4":"has-post-thumbnail","6":"product_brand-piaggio","7":"product_cat-phares-avant-clignotants","8":"product_cat-phares-et-eclairage","9":"product_tag-3380","11":"first","12":"instock","13":"sale","14":"taxable","15":"shipping-taxable","16":"purchasable","17":"product-type-simple"},"_links":{"self":[{"href":"https:\/\/damicoline.com\/fr\/wp-json\/wp\/v2\/product\/15089","targetHints":{"allow":["GET"]}}],"collection":[{"href":"https:\/\/damicoline.com\/fr\/wp-json\/wp\/v2\/product"}],"about":[{"href":"https:\/\/damicoline.com\/fr\/wp-json\/wp\/v2\/types\/product"}],"wp:featuredmedia":[{"embeddable":true,"href":"https:\/\/damicoline.com\/fr\/wp-json\/wp\/v2\/media\/15090"}],"wp:attachment":[{"href":"https:\/\/damicoline.com\/fr\/wp-json\/wp\/v2\/media?parent=15089"}],"wp:term":[{"taxonomy":"product_brand","embeddable":true,"href":"https:\/\/damicoline.com\/fr\/wp-json\/wp\/v2\/product_brand?post=15089"},{"taxonomy":"product_cat","embeddable":true,"href":"https:\/\/damicoline.com\/fr\/wp-json\/wp\/v2\/product_cat?post=15089"},{"taxonomy":"product_tag","embeddable":true,"href":"https:\/\/damicoline.com\/fr\/wp-json\/wp\/v2\/product_tag?post=15089"}],"curies":[{"name":"wp","href":"https:\/\/api.w.org\/{rel}","templated":true}]}}