{"id":15171,"date":"2026-01-07T18:34:56","date_gmt":"2026-01-07T17:34:56","guid":{"rendered":"https:\/\/damicoline.com\/prodotto\/termostato-raffreddamento-piaggio-porter-multitech-euro-4-5-82-gradi\/"},"modified":"2026-03-14T12:05:28","modified_gmt":"2026-03-14T11:05:28","slug":"thermostat-de-refroidissement-piaggio-porter-multitech-euro-4-et-5","status":"publish","type":"product","link":"https:\/\/damicoline.com\/fr\/produit\/thermostat-de-refroidissement-piaggio-porter-multitech-euro-4-et-5\/","title":{"rendered":"Thermostat de refroidissement Piaggio Porter Multitech Euro 4 et 5"},"content":{"rendered":"<p><strong>Thermostat de refroidissement pour Piaggio Porter Multitech Euro 4 et 5<\/strong><\/p>\n<p>Thermostat de refroidissement compatible avec <strong>Piaggio Porter Multitech Euro 4 et Euro 5<\/strong>, avec une temp\u00e9rature d&#8217;ouverture \u00e0 <strong>82 \u00b0C<\/strong>. Assure une r\u00e9gulation correcte du flux du liquide de refroidissement, favorisant l&#8217;atteinte rapide de la temp\u00e9rature de fonctionnement et pr\u00e9venant la surchauffe du moteur. Pi\u00e8ce de rechange fiable et de qualit\u00e9.<\/p>\n<div class=\"text-sm text-gray-800 font-medium mb-2\"><div class=\"text-sm text-gray-800 font-medium mb-2\"><strong>Codes de r\u00e9f\u00e9rence:<\/strong> B0101865<\/div><\/div>\n<div class=\"oem-box mb-4\">\t\t\t\t<div class=\"oem-box mb-4\">\n\t\t\t\t\t<p class=\"text-sm text-gray-800 font-medium mb-2\">Type: <strong>Aftermarket<\/strong><\/p>\n\t\t\t\t\t<p class=\"text-sm text-gray-700 mb-1\">Composant adaptable de qualit\u00e9 professionnelle, compatible avec les v\u00e9hicules indiqu\u00e9s sur cette page.<\/p>\n\t\t\t\t\t<p class=\"text-xs text-gray-500 mt-2\">*Non fabriqu\u00e9 ni marqu\u00e9 par Piaggio. Marques d\u00e9tenues par leurs propri\u00e9taires.<\/p>\n\t\t\t\t<\/div>\n\t\t\t<\/div>\n<section class=\"compatibility-block mb-4\"><section class=\"compatibility-block mb-4\"><div class=\"product-extra-details hide-below-992\"><table class=\"woocommerce-product-attributes\"><tbody><tr><th colspan=\"2\"><span class=\"text-sm font-medium mb-2\">Compatible avec :<\/span><\/th><\/tr><tr><th>Mod\u00e8le du v\u00e9hicule \u2013 Pr\u00e9fixe du ch\u00e2ssis:<\/th><td><a href=\"https:\/\/damicoline.com\/fr\/boutique\/?vx_brand=PIAGGIO&#038;vx_model=PORTER%20Maxxi%201.3%20(2010-2015)&#038;vx_engine=DA471QLR&#038;vx_years=2010-2015\">\ud83d\ude9a PIAGGIO PORTER Maxxi 1.3 (2010-2015) DA471QLR (2010-2015) - ZAPS90DJ, ZAPS90AJ, ZAPS90RJ<\/a><\/td><\/tr><tr><th>Mod\u00e8le du v\u00e9hicule \u2013 Pr\u00e9fixe du ch\u00e2ssis:<\/th><td><a href=\"https:\/\/damicoline.com\/fr\/boutique\/?vx_brand=PIAGGIO&#038;vx_model=PORTER%20Pianale%20piatto\/Telaio%201.3%20(2010-2015)&#038;vx_engine=DA471QLR&#038;vx_years=2010-2015\">\ud83d\ude9a PIAGGIO PORTER Pianale piatto\/Telaio 1.3 (2010-2015) DA471QLR (2010-2015) - ZAPS90CJ, ZAPS90PJ, ZAPS90TJ, ZAPS90VJ<\/a><\/td><\/tr><\/tbody><\/table><\/div><\/section><\/section>\n","protected":false},"excerpt":{"rendered":"<p>Thermostat de refroidissement pour Piaggio Porter Multitech Euro 4 et 5 Thermostat de refroidissement compatible avec Piaggio Porter Multitech Euro 4 et Euro 5, avec une temp\u00e9rature d&#8217;ouverture \u00e0 82 \u00b0C. Assure une r\u00e9gulation correcte du flux du liquide de refroidissement, favorisant l&#8217;atteinte rapide de la temp\u00e9rature de fonctionnement et pr\u00e9venant la surchauffe du moteur.<\/p>\n<div class=\"klb-readmore button\"><a class=\"btn link\" href=\"https:\/\/damicoline.com\/fr\/produit\/thermostat-de-refroidissement-piaggio-porter-multitech-euro-4-et-5\/\">Read More <i class=\"klbth-icon-right-arrow\"><\/i><\/a><\/div>\n","protected":false},"featured_media":15172,"template":"","meta":{"_sitemap_exclude":false,"_sitemap_priority":"","_sitemap_frequency":""},"product_brand":[2670],"product_cat":[402,1403],"product_tag":[3414],"class_list":{"0":"post-15171","1":"product","2":"type-product","3":"status-publish","4":"has-post-thumbnail","6":"product_brand-aftermarket","7":"product_cat-systeme-de-refroidissement","8":"product_cat-thermostat-fr","9":"product_tag-b0101865","11":"first","12":"instock","13":"sale","14":"taxable","15":"shipping-taxable","16":"purchasable","17":"product-type-simple"},"_links":{"self":[{"href":"https:\/\/damicoline.com\/fr\/wp-json\/wp\/v2\/product\/15171","targetHints":{"allow":["GET"]}}],"collection":[{"href":"https:\/\/damicoline.com\/fr\/wp-json\/wp\/v2\/product"}],"about":[{"href":"https:\/\/damicoline.com\/fr\/wp-json\/wp\/v2\/types\/product"}],"wp:featuredmedia":[{"embeddable":true,"href":"https:\/\/damicoline.com\/fr\/wp-json\/wp\/v2\/media\/15172"}],"wp:attachment":[{"href":"https:\/\/damicoline.com\/fr\/wp-json\/wp\/v2\/media?parent=15171"}],"wp:term":[{"taxonomy":"product_brand","embeddable":true,"href":"https:\/\/damicoline.com\/fr\/wp-json\/wp\/v2\/product_brand?post=15171"},{"taxonomy":"product_cat","embeddable":true,"href":"https:\/\/damicoline.com\/fr\/wp-json\/wp\/v2\/product_cat?post=15171"},{"taxonomy":"product_tag","embeddable":true,"href":"https:\/\/damicoline.com\/fr\/wp-json\/wp\/v2\/product_tag?post=15171"}],"curies":[{"name":"wp","href":"https:\/\/api.w.org\/{rel}","templated":true}]}}