{"id":15271,"date":"2026-01-08T10:15:46","date_gmt":"2026-01-08T09:15:46","guid":{"rendered":"https:\/\/damicoline.com\/prodotto\/anello-paraolio-tenuta-semiasse-piaggio-porter-1998-2011\/"},"modified":"2026-01-08T11:32:17","modified_gmt":"2026-01-08T10:32:17","slug":"joint-spi-detancheite-arbre-de-transmission-piaggio-porter-1998-2011","status":"publish","type":"product","link":"https:\/\/damicoline.com\/fr\/produit\/joint-spi-detancheite-arbre-de-transmission-piaggio-porter-1998-2011\/","title":{"rendered":"Joint spi d&#8217;\u00e9tanch\u00e9it\u00e9 arbre de transmission Piaggio Porter 1998-2011"},"content":{"rendered":"<p><strong>Joint spi d&#8217;\u00e9tanch\u00e9it\u00e9 arbre de transmission pour Piaggio Porter 1998\u20132011<\/strong><\/p>\n<p>Joint <strong>spi d&#8217;\u00e9tanch\u00e9it\u00e9 arbre de transmission<\/strong> compatible avec <strong>Piaggio Porter 1998\u20132011<\/strong>. Essentiel pour garantir l&#8217;\u00e9tanch\u00e9it\u00e9 correcte de l&#8217;huile, il pr\u00e9vient les fuites et prot\u00e8ge le roulement et la transmission de l&#8217;usure et des contaminations. Pi\u00e8ce de rechange fiable et durable.<\/p>\n<p><em>Recommand\u00e9 lors du remplacement :<\/em><\/p>\n<ul>\n<li><strong>Roulement arbre de transmission<\/strong> \u2013 Code<br \/>\n<a href=\"\/?s=&#57;&#48;&#48;&#52;&#51;&#54;&#51;&#50;&#52;&#51;&#48;&#48;&#48;&amp;post_type=product\"><code>&#57;&#48;&#48;&#52;&#51;&#54;&#51;&#50;&#52;&#51;&#48;&#48;&#48;<\/code><\/a><\/li>\n<li><strong>Bague de retenue roulement arbre de transmission<\/strong> \u2013 Code<br \/>\n<a href=\"\/?s=4242387Z01000&amp;post_type=product\"><code>4242387Z01000<\/code><\/a><\/li>\n<\/ul>\n<div class=\"text-sm text-gray-800 font-medium mb-2\"><div class=\"text-sm text-gray-800 font-medium mb-2\"><strong>Codes de r\u00e9f\u00e9rence:<\/strong>&#32;&#57;&#48;&#48;&#52;&#51;&#49;&#48;&#48;&#54;&#55;&#48;&#48;0<\/div><\/div>\n<div class=\"oem-box mb-4\">\t\t\t\t<div class=\"oem-box mb-4\">\n\t\t\t\t\t<p class=\"text-sm text-gray-800 font-medium mb-2\">Type: <strong>Aftermarket<\/strong><\/p>\n\t\t\t\t\t<p class=\"text-sm text-gray-700 mb-1\">Composant adaptable de qualit\u00e9 professionnelle, compatible avec les v\u00e9hicules indiqu\u00e9s sur cette page.<\/p>\n\t\t\t\t\t<p class=\"text-xs text-gray-500 mt-2\">*Non fabriqu\u00e9 ni marqu\u00e9 par Piaggio. Marques d\u00e9tenues par leurs propri\u00e9taires.<\/p>\n\t\t\t\t<\/div>\n\t\t\t<\/div>\n<section class=\"compatibility-block mb-4\"><section class=\"compatibility-block mb-4\"><div class=\"product-extra-details hide-below-992\"><table class=\"woocommerce-product-attributes\"><tbody><tr><th colspan=\"2\"><span class=\"text-sm font-medium mb-2\">Compatible avec :<\/span><\/th><\/tr><tr><th>Mod\u00e8le du v\u00e9hicule \u2013 Pr\u00e9fixe du ch\u00e2ssis:<\/th><td><a href=\"https:\/\/damicoline.com\/fr\/boutique\/?vx_brand=PIAGGIO&#038;vx_model=PORTER%20Pianale%20piatto%201.4%20D%20(1998-2005)&#038;vx_engine=LDW1404\/P&#038;vx_years=1998-2005\">\ud83d\ude9a PIAGGIO PORTER Pianale piatto 1.4 D (1998-2005) LDW1404\/P (1998-2005) - ZAPS&#56;&#53;&#48;&#48;&#48;&#48;&#48;&#52;, ZAPS&#56;&#53;&#48;&#48;&#48;&#48;&#48;&#55;, ZAPS85V00004, ZAPS85V00007<\/a><\/td><\/tr><tr><th>Mod\u00e8le du v\u00e9hicule \u2013 Pr\u00e9fixe du ch\u00e2ssis:<\/th><td><a href=\"https:\/\/damicoline.com\/fr\/boutique\/?vx_brand=PIAGGIO&#038;vx_model=PORTER%20Pianale%20piatto\/Telaio%201.2%20D%20(2010-2015)&#038;vx_engine=P120&#038;vx_years=2010-2015\">\ud83d\ude9a PIAGGIO PORTER Pianale piatto\/Telaio 1.2 D (2010-2015) P120 (2010-2015) - ZAPS90CKW, ZAPS90PKW, ZAPS90TKW, ZAPS90VKW<\/a><\/td><\/tr><tr><th>Mod\u00e8le du v\u00e9hicule \u2013 Pr\u00e9fixe du ch\u00e2ssis:<\/th><td><a href=\"https:\/\/damicoline.com\/fr\/boutique\/?vx_brand=PIAGGIO&#038;vx_model=PORTER%20Pianale%20piatto\/Telaio%201.3%2016V%20(1998-2009)&#038;vx_engine=HC-EL&#038;vx_years=1998-2009\">\ud83d\ude9a PIAGGIO PORTER Pianale piatto\/Telaio 1.3 16V (1998-2009) HC-EL (1998-2009) - ZAPS85000, ZAPS85V00<\/a><\/td><\/tr><tr><th>Mod\u00e8le du v\u00e9hicule \u2013 Pr\u00e9fixe du ch\u00e2ssis:<\/th><td><a href=\"https:\/\/damicoline.com\/fr\/boutique\/?vx_brand=PIAGGIO&#038;vx_model=PORTER%20Pianale%20piatto\/Telaio%201.3%2016V%20Up-Date%20E3%20(2009-2010)&#038;vx_engine=HC-EL&#038;vx_years=2009-2010\">\ud83d\ude9a PIAGGIO PORTER Pianale piatto\/Telaio 1.3 16V Up-Date E3 (2009-2010) HC-EL (2009-2010) - ZAPS90CH, ZAPS90PH, ZAPS90TH, ZAPS90VH<\/a><\/td><\/tr><\/tbody><\/table><\/div><\/section><\/section>\n","protected":false},"excerpt":{"rendered":"<p>Joint spi d&#8217;\u00e9tanch\u00e9it\u00e9 arbre de transmission pour Piaggio Porter 1998\u20132011 Joint spi d&#8217;\u00e9tanch\u00e9it\u00e9 arbre de transmission compatible avec Piaggio Porter 1998\u20132011. Essentiel pour garantir l&#8217;\u00e9tanch\u00e9it\u00e9 correcte de l&#8217;huile, il pr\u00e9vient les fuites et prot\u00e8ge le roulement et la transmission de l&#8217;usure et des contaminations. Pi\u00e8ce de rechange fiable et durable. Recommand\u00e9 lors du remplacement :<\/p>\n<div class=\"klb-readmore button\"><a class=\"btn link\" href=\"https:\/\/damicoline.com\/fr\/produit\/joint-spi-detancheite-arbre-de-transmission-piaggio-porter-1998-2011\/\">Read More <i class=\"klbth-icon-right-arrow\"><\/i><\/a><\/div>\n","protected":false},"featured_media":15272,"template":"","meta":{"_sitemap_exclude":false,"_sitemap_priority":"","_sitemap_frequency":""},"product_brand":[2670],"product_cat":[1429,1424],"product_tag":[3458],"class_list":{"0":"post-15271","1":"product","2":"type-product","3":"status-publish","4":"has-post-thumbnail","6":"product_brand-aftermarket","7":"product_cat-arbre-de-transmission","8":"product_cat-transmission-arriere","9":"product_tag-3458","11":"first","12":"instock","13":"sale","14":"taxable","15":"shipping-taxable","16":"purchasable","17":"product-type-simple"},"_links":{"self":[{"href":"https:\/\/damicoline.com\/fr\/wp-json\/wp\/v2\/product\/15271","targetHints":{"allow":["GET"]}}],"collection":[{"href":"https:\/\/damicoline.com\/fr\/wp-json\/wp\/v2\/product"}],"about":[{"href":"https:\/\/damicoline.com\/fr\/wp-json\/wp\/v2\/types\/product"}],"wp:featuredmedia":[{"embeddable":true,"href":"https:\/\/damicoline.com\/fr\/wp-json\/wp\/v2\/media\/15272"}],"wp:attachment":[{"href":"https:\/\/damicoline.com\/fr\/wp-json\/wp\/v2\/media?parent=15271"}],"wp:term":[{"taxonomy":"product_brand","embeddable":true,"href":"https:\/\/damicoline.com\/fr\/wp-json\/wp\/v2\/product_brand?post=15271"},{"taxonomy":"product_cat","embeddable":true,"href":"https:\/\/damicoline.com\/fr\/wp-json\/wp\/v2\/product_cat?post=15271"},{"taxonomy":"product_tag","embeddable":true,"href":"https:\/\/damicoline.com\/fr\/wp-json\/wp\/v2\/product_tag?post=15271"}],"curies":[{"name":"wp","href":"https:\/\/api.w.org\/{rel}","templated":true}]}}