{"id":15469,"date":"2026-01-09T14:36:22","date_gmt":"2026-01-09T13:36:22","guid":{"rendered":"https:\/\/damicoline.com\/prodotto\/cavo-acceleratore-piaggio-porter-multitech-euro-4-5\/"},"modified":"2026-04-22T14:59:10","modified_gmt":"2026-04-22T12:59:10","slug":"cable-daccelerateur-pour-piaggio-porter-multitech-euro-4-et-5","status":"publish","type":"product","link":"https:\/\/damicoline.com\/fr\/produit\/cable-daccelerateur-pour-piaggio-porter-multitech-euro-4-et-5\/","title":{"rendered":"C\u00e2ble d&#8217;acc\u00e9l\u00e9rateur pour Piaggio Porter Multitech Euro 4 et 5"},"content":{"rendered":"<p><strong>C\u00e2ble d&#8217;acc\u00e9l\u00e9rateur pour Piaggio Porter Multitech Euro 4 et 5<\/strong><\/p>\n<p>C\u00e2ble d&#8217;acc\u00e9l\u00e9rateur pour <strong>transmission de commande de gaz<\/strong> compatible avec <strong>Piaggio Porter Multitech Euro 4 et Euro 5<\/strong>. Assure une r\u00e9ponse rapide de l&#8217;acc\u00e9l\u00e9rateur, un glissement fluide et un contr\u00f4le pr\u00e9cis du moteur. Pi\u00e8ce de rechange de qualit\u00e9, con\u00e7ue pour la durabilit\u00e9 et la fiabilit\u00e9 dans le temps.<\/p>\n<div class=\"text-sm text-gray-800 font-medium mb-2\"><div class=\"text-sm text-gray-800 font-medium mb-2\"><strong>Codes de r\u00e9f\u00e9rence:<\/strong> B005252<\/div><\/div>\n<div class=\"oem-box mb-4\"><div class=\"oem-box mb-4\"><p class=\"text-sm text-gray-800 font-medium mb-2\">Type: <strong>D\u2019origine Piaggio<\/strong><\/p><p class=\"text-sm text-gray-700 mb-1\">Composant Piaggio d\u2019origine, con\u00e7u pour un montage et des performances corrects.<\/p><p class=\"text-xs text-gray-500 mt-2\">Les marques appartiennent \u00e0 leurs propri\u00e9taires respectifs.<\/p><\/div><\/div>\n<section class=\"compatibility-block mb-4\"><section class=\"compatibility-block mb-4\"><div class=\"product-extra-details hide-below-992\"><table class=\"woocommerce-product-attributes\"><tbody><tr><th colspan=\"2\"><span class=\"text-sm font-medium mb-2\">Compatible avec :<\/span><\/th><\/tr><tr><th>Mod\u00e8le du v\u00e9hicule \u2013 Pr\u00e9fixe du ch\u00e2ssis:<\/th><td><a href=\"https:\/\/damicoline.com\/fr\/boutique\/?vx_brand=PIAGGIO&#038;vx_model=PORTER%20Maxxi%201.3%20(2010-2015)&#038;vx_engine=DA471QLR&#038;vx_years=2010-2015\">\ud83d\ude9a PIAGGIO PORTER Maxxi 1.3 (2010-2015) DA471QLR (2010-2015) - ZAPS90DJ, ZAPS90AJ, ZAPS90RJ<\/a><\/td><\/tr><tr><th>Mod\u00e8le du v\u00e9hicule \u2013 Pr\u00e9fixe du ch\u00e2ssis:<\/th><td><a href=\"https:\/\/damicoline.com\/fr\/boutique\/?vx_brand=PIAGGIO&#038;vx_model=PORTER%20Pianale%20piatto\/Telaio%201.3%20(2010-2015)&#038;vx_engine=DA471QLR&#038;vx_years=2010-2015\">\ud83d\ude9a PIAGGIO PORTER Pianale piatto\/Telaio 1.3 (2010-2015) DA471QLR (2010-2015) - ZAPS90CJ, ZAPS90PJ, ZAPS90TJ, ZAPS90VJ<\/a><\/td><\/tr><\/tbody><\/table><\/div><\/section><\/section>\n","protected":false},"excerpt":{"rendered":"<p>C\u00e2ble d&#8217;acc\u00e9l\u00e9rateur pour Piaggio Porter Multitech Euro 4 et 5 C\u00e2ble d&#8217;acc\u00e9l\u00e9rateur pour transmission de commande de gaz compatible avec Piaggio Porter Multitech Euro 4 et Euro 5. Assure une r\u00e9ponse rapide de l&#8217;acc\u00e9l\u00e9rateur, un glissement fluide et un contr\u00f4le pr\u00e9cis du moteur. Pi\u00e8ce de rechange de qualit\u00e9, con\u00e7ue pour la durabilit\u00e9 et la fiabilit\u00e9<\/p>\n<div class=\"klb-readmore button\"><a class=\"btn link\" href=\"https:\/\/damicoline.com\/fr\/produit\/cable-daccelerateur-pour-piaggio-porter-multitech-euro-4-et-5\/\">Read More <i class=\"klbth-icon-right-arrow\"><\/i><\/a><\/div>\n","protected":false},"featured_media":15470,"template":"","meta":{"_sitemap_exclude":false,"_sitemap_priority":"","_sitemap_frequency":""},"product_brand":[2672],"product_cat":[3139,2646],"product_tag":[3502],"class_list":{"0":"post-15469","1":"product","2":"type-product","3":"status-publish","4":"has-post-thumbnail","6":"product_brand-piaggio","7":"product_cat-cables-daccelerateur","8":"product_cat-transmissions-et-cables","9":"product_tag-b005252","11":"first","12":"outofstock","13":"sale","14":"taxable","15":"shipping-taxable","16":"purchasable","17":"product-type-simple"},"_links":{"self":[{"href":"https:\/\/damicoline.com\/fr\/wp-json\/wp\/v2\/product\/15469","targetHints":{"allow":["GET"]}}],"collection":[{"href":"https:\/\/damicoline.com\/fr\/wp-json\/wp\/v2\/product"}],"about":[{"href":"https:\/\/damicoline.com\/fr\/wp-json\/wp\/v2\/types\/product"}],"wp:featuredmedia":[{"embeddable":true,"href":"https:\/\/damicoline.com\/fr\/wp-json\/wp\/v2\/media\/15470"}],"wp:attachment":[{"href":"https:\/\/damicoline.com\/fr\/wp-json\/wp\/v2\/media?parent=15469"}],"wp:term":[{"taxonomy":"product_brand","embeddable":true,"href":"https:\/\/damicoline.com\/fr\/wp-json\/wp\/v2\/product_brand?post=15469"},{"taxonomy":"product_cat","embeddable":true,"href":"https:\/\/damicoline.com\/fr\/wp-json\/wp\/v2\/product_cat?post=15469"},{"taxonomy":"product_tag","embeddable":true,"href":"https:\/\/damicoline.com\/fr\/wp-json\/wp\/v2\/product_tag?post=15469"}],"curies":[{"name":"wp","href":"https:\/\/api.w.org\/{rel}","templated":true}]}}