{"id":15508,"date":"2026-01-09T16:10:02","date_gmt":"2026-01-09T15:10:02","guid":{"rendered":"https:\/\/damicoline.com\/prodotto\/supporto-elastico-motore-lato-sinistro-piaggio-porter-diesel-ldw1404\/"},"modified":"2026-04-22T14:59:26","modified_gmt":"2026-04-22T12:59:26","slug":"support-elastique-moteur-cote-gauche-piaggio-porter-diesel","status":"publish","type":"product","link":"https:\/\/damicoline.com\/fr\/produit\/support-elastique-moteur-cote-gauche-piaggio-porter-diesel\/","title":{"rendered":"Support \u00e9lastique moteur c\u00f4t\u00e9 gauche Piaggio Porter Diesel"},"content":{"rendered":"<p><strong>Support \u00e9lastique moteur c\u00f4t\u00e9 gauche pour Piaggio Porter Diesel<\/strong><\/p>\n<p>Support \u00e9lastique <strong>moteur c\u00f4t\u00e9 gauche<\/strong> compatible avec <strong>Piaggio Porter Diesel<\/strong> moteur <strong>LDW1404\/P<\/strong>. R\u00e9duit les vibrations et les mouvements du moteur, contribuant \u00e0 une conduite plus fluide et \u00e0 la protection de la transmission. Pi\u00e8ce de rechange de qualit\u00e9, con\u00e7ue pour une longue dur\u00e9e de vie.<\/p>\n<p><em>Remarque :<\/em> disponible \u00e9galement le <strong>support \u00e9lastique moteur c\u00f4t\u00e9 droit<\/strong>, recommand\u00e9 pour un remplacement complet et \u00e9quilibr\u00e9.<\/p>\n<div class=\"text-sm text-gray-800 font-medium mb-2\"><div class=\"text-sm text-gray-800 font-medium mb-2\"><strong>Codes de r\u00e9f\u00e9rence:<\/strong> B004758<\/div><\/div>\n<div class=\"oem-box mb-4\"><div class=\"oem-box mb-4\"><p class=\"text-sm text-gray-800 font-medium mb-2\">Type: <strong>D\u2019origine Piaggio<\/strong><\/p><p class=\"text-sm text-gray-700 mb-1\">Composant Piaggio d\u2019origine, con\u00e7u pour un montage et des performances corrects.<\/p><p class=\"text-xs text-gray-500 mt-2\">Les marques appartiennent \u00e0 leurs propri\u00e9taires respectifs.<\/p><\/div><\/div>\n<section class=\"compatibility-block mb-4\"><section class=\"compatibility-block mb-4\"><div class=\"product-extra-details hide-below-992\"><table class=\"woocommerce-product-attributes\"><tbody><tr><th colspan=\"2\"><span class=\"text-sm font-medium mb-2\">Compatible avec :<\/span><\/th><\/tr><tr><th>Mod\u00e8le du v\u00e9hicule \u2013 Pr\u00e9fixe du ch\u00e2ssis:<\/th><td><a href=\"https:\/\/damicoline.com\/fr\/boutique\/?vx_brand=PIAGGIO&#038;vx_model=PORTER%20Pianale%20piatto%201.4%20D%20(1998-2005)&#038;vx_engine=LDW1404\/P&#038;vx_years=1998-2005\">\ud83d\ude9a PIAGGIO PORTER Pianale piatto 1.4 D (1998-2005) LDW1404\/P (1998-2005) - ZAPS&#56;&#53;&#48;&#48;&#48;&#48;&#48;&#52;, ZAPS&#56;&#53;&#48;&#48;&#48;&#48;&#48;&#55;, ZAPS85V00004, ZAPS85V00007<\/a><\/td><\/tr><\/tbody><\/table><\/div><\/section><\/section>\n","protected":false},"excerpt":{"rendered":"<p>Support \u00e9lastique moteur c\u00f4t\u00e9 gauche pour Piaggio Porter Diesel Support \u00e9lastique moteur c\u00f4t\u00e9 gauche compatible avec Piaggio Porter Diesel moteur LDW1404\/P. R\u00e9duit les vibrations et les mouvements du moteur, contribuant \u00e0 une conduite plus fluide et \u00e0 la protection de la transmission. Pi\u00e8ce de rechange de qualit\u00e9, con\u00e7ue pour une longue dur\u00e9e de vie. Remarque<\/p>\n<div class=\"klb-readmore button\"><a class=\"btn link\" href=\"https:\/\/damicoline.com\/fr\/produit\/support-elastique-moteur-cote-gauche-piaggio-porter-diesel\/\">Read More <i class=\"klbth-icon-right-arrow\"><\/i><\/a><\/div>\n","protected":false},"featured_media":15509,"template":"","meta":{"_sitemap_exclude":false,"_sitemap_priority":"","_sitemap_frequency":""},"product_brand":[2672],"product_cat":[503,2292],"product_tag":[3522],"class_list":{"0":"post-15508","1":"product","2":"type-product","3":"status-publish","4":"has-post-thumbnail","6":"product_brand-piaggio","7":"product_cat-pieces-de-chassis","8":"product_cat-supports-moteur","9":"product_tag-b004758","11":"first","12":"outofstock","13":"sale","14":"taxable","15":"shipping-taxable","16":"purchasable","17":"product-type-simple"},"_links":{"self":[{"href":"https:\/\/damicoline.com\/fr\/wp-json\/wp\/v2\/product\/15508","targetHints":{"allow":["GET"]}}],"collection":[{"href":"https:\/\/damicoline.com\/fr\/wp-json\/wp\/v2\/product"}],"about":[{"href":"https:\/\/damicoline.com\/fr\/wp-json\/wp\/v2\/types\/product"}],"wp:featuredmedia":[{"embeddable":true,"href":"https:\/\/damicoline.com\/fr\/wp-json\/wp\/v2\/media\/15509"}],"wp:attachment":[{"href":"https:\/\/damicoline.com\/fr\/wp-json\/wp\/v2\/media?parent=15508"}],"wp:term":[{"taxonomy":"product_brand","embeddable":true,"href":"https:\/\/damicoline.com\/fr\/wp-json\/wp\/v2\/product_brand?post=15508"},{"taxonomy":"product_cat","embeddable":true,"href":"https:\/\/damicoline.com\/fr\/wp-json\/wp\/v2\/product_cat?post=15508"},{"taxonomy":"product_tag","embeddable":true,"href":"https:\/\/damicoline.com\/fr\/wp-json\/wp\/v2\/product_tag?post=15508"}],"curies":[{"name":"wp","href":"https:\/\/api.w.org\/{rel}","templated":true}]}}