{"id":15694,"date":"2026-01-14T19:07:57","date_gmt":"2026-01-14T18:07:57","guid":{"rendered":"https:\/\/damicoline.com\/prodotto\/alternatore-motore-piaggio-porter-diesel-ldw-1404-p\/"},"modified":"2026-04-22T15:00:11","modified_gmt":"2026-04-22T13:00:11","slug":"alternateur-moteur-pour-piaggio-porter-diesel-ldw-1404-p-oem","status":"publish","type":"product","link":"https:\/\/damicoline.com\/fr\/produit\/alternateur-moteur-pour-piaggio-porter-diesel-ldw-1404-p-oem\/","title":{"rendered":"Alternateur moteur pour Piaggio Porter Diesel LDW-1404\/P OEM"},"content":{"rendered":"<p><strong>Alternateur moteur pour Piaggio Porter Diesel LDW-1404\/P<\/strong><\/p>\n<p>Alternateur moteur compatible avec <strong>Piaggio Porter Diesel<\/strong> avec moteur <strong>LDW-1404\/P<\/strong>. Assure une recharge stable de la batterie, une alimentation correcte du syst\u00e8me \u00e9lectrique et des d\u00e9marrages fiables. Pi\u00e8ce de rechange de qualit\u00e9, con\u00e7ue pour une durabilit\u00e9 et des performances constantes.<\/p>\n<div class=\"text-sm text-gray-800 font-medium mb-2\"><div class=\"text-sm text-gray-800 font-medium mb-2\"><strong>Codes de r\u00e9f\u00e9rence:<\/strong> 493002<\/div><\/div>\n<div class=\"oem-box mb-4\"><div class=\"oem-box mb-4\"><p class=\"text-sm text-gray-800 font-medium mb-2\">Type: <strong>Aftermarket<\/strong><\/p><p class=\"text-sm text-gray-700 mb-1\">Composant adaptable de qualit\u00e9 professionnelle, compatible avec les v\u00e9hicules indiqu\u00e9s sur cette page.<\/p><p class=\"text-xs text-gray-500 mt-2\">Non fabriqu\u00e9 ni marqu\u00e9 par Piaggio. Marques d\u00e9tenues par leurs propri\u00e9taires.<\/p><\/div><\/div>\n<section class=\"compatibility-block mb-4\"><section class=\"compatibility-block mb-4\"><div class=\"product-extra-details hide-below-992\"><table class=\"woocommerce-product-attributes\"><tbody><tr><th colspan=\"2\"><span class=\"text-sm font-medium mb-2\">Compatible avec :<\/span><\/th><\/tr><tr><th>Mod\u00e8le du v\u00e9hicule \u2013 Pr\u00e9fixe du ch\u00e2ssis:<\/th><td><a href=\"https:\/\/damicoline.com\/fr\/boutique\/?vx_brand=PIAGGIO&#038;vx_model=PORTER%20Pianale%20piatto%201.4%20D%20(1998-2005)&#038;vx_engine=LDW1404\/P&#038;vx_years=1998-2005\">\ud83d\ude9a PIAGGIO PORTER Pianale piatto 1.4 D (1998-2005) LDW1404\/P (1998-2005) - ZAPS&#56;&#53;&#48;&#48;&#48;&#48;&#48;&#52;, ZAPS&#56;&#53;&#48;&#48;&#48;&#48;&#48;&#55;, ZAPS85V00004, ZAPS85V00007<\/a><\/td><\/tr><\/tbody><\/table><\/div><\/section><\/section>\n","protected":false},"excerpt":{"rendered":"<p>Alternateur moteur pour Piaggio Porter Diesel LDW-1404\/P Alternateur moteur compatible avec Piaggio Porter Diesel avec moteur LDW-1404\/P. Assure une recharge stable de la batterie, une alimentation correcte du syst\u00e8me \u00e9lectrique et des d\u00e9marrages fiables. Pi\u00e8ce de rechange de qualit\u00e9, con\u00e7ue pour une durabilit\u00e9 et des performances constantes.<\/p>\n","protected":false},"featured_media":15689,"template":"","meta":{"_sitemap_exclude":false,"_sitemap_priority":"","_sitemap_frequency":""},"product_brand":[2670],"product_cat":[2114,417],"product_tag":[3580],"class_list":{"0":"post-15694","1":"product","2":"type-product","3":"status-publish","4":"has-post-thumbnail","6":"product_brand-aftermarket","7":"product_cat-alternateur","8":"product_cat-pieces-du-moteur","9":"product_tag-3580","11":"first","12":"outofstock","13":"sale","14":"taxable","15":"shipping-taxable","16":"purchasable","17":"product-type-simple"},"_links":{"self":[{"href":"https:\/\/damicoline.com\/fr\/wp-json\/wp\/v2\/product\/15694","targetHints":{"allow":["GET"]}}],"collection":[{"href":"https:\/\/damicoline.com\/fr\/wp-json\/wp\/v2\/product"}],"about":[{"href":"https:\/\/damicoline.com\/fr\/wp-json\/wp\/v2\/types\/product"}],"wp:featuredmedia":[{"embeddable":true,"href":"https:\/\/damicoline.com\/fr\/wp-json\/wp\/v2\/media\/15689"}],"wp:attachment":[{"href":"https:\/\/damicoline.com\/fr\/wp-json\/wp\/v2\/media?parent=15694"}],"wp:term":[{"taxonomy":"product_brand","embeddable":true,"href":"https:\/\/damicoline.com\/fr\/wp-json\/wp\/v2\/product_brand?post=15694"},{"taxonomy":"product_cat","embeddable":true,"href":"https:\/\/damicoline.com\/fr\/wp-json\/wp\/v2\/product_cat?post=15694"},{"taxonomy":"product_tag","embeddable":true,"href":"https:\/\/damicoline.com\/fr\/wp-json\/wp\/v2\/product_tag?post=15694"}],"curies":[{"name":"wp","href":"https:\/\/api.w.org\/{rel}","templated":true}]}}