{"id":15722,"date":"2026-01-14T19:32:56","date_gmt":"2026-01-14T18:32:56","guid":{"rendered":"https:\/\/damicoline.com\/prodotto\/disco-frizione-piaggio-porter-multitech-euro-6-dam13r\/"},"modified":"2026-04-22T15:00:17","modified_gmt":"2026-04-22T13:00:17","slug":"disque-dembrayage-piaggio-porter-multitech-euro-6-dam13r","status":"publish","type":"product","link":"https:\/\/damicoline.com\/fr\/produit\/disque-dembrayage-piaggio-porter-multitech-euro-6-dam13r\/","title":{"rendered":"Disque d&#8217;embrayage Piaggio Porter Multitech Euro 6 DAM13R"},"content":{"rendered":"<p><strong>Disque d&#8217;embrayage pour Piaggio Porter Multitech Euro 6 DAM13R<\/strong><\/p>\n<p>Disque d&#8217;embrayage compatible avec <strong>Piaggio Porter Multitech Euro 6<\/strong> avec moteur <strong>DAM13R<\/strong>. Assure une transmission efficace du couple, des engagements r\u00e9guliers et un confort de conduite. Pi\u00e8ce de rechange de qualit\u00e9 con\u00e7ue pour r\u00e9sister \u00e0 des charges et une utilisation intensive.<\/p>\n<div class=\"text-sm text-gray-800 font-medium mb-2\"><div class=\"text-sm text-gray-800 font-medium mb-2\"><strong>Codes de r\u00e9f\u00e9rence:<\/strong> 1A005148<\/div><\/div>\n<div class=\"oem-box mb-4\"><div class=\"oem-box mb-4\"><p class=\"text-sm text-gray-800 font-medium mb-2\">Type: <strong>OEM (Foton)<\/strong><\/p><p class=\"text-sm text-gray-700 mb-1\">Composant de niveau OEM fabriqu\u00e9 par Foton, conforme aux sp\u00e9cifications d\u2019origine pour un montage correct.<\/p><p class=\"text-xs text-gray-500 mt-2\">Non marqu\u00e9 Piaggio. Les marques appartiennent \u00e0 leurs propri\u00e9taires.<\/p><\/div><\/div>\n<section class=\"compatibility-block mb-4\"><section class=\"compatibility-block mb-4\"><div class=\"product-extra-details hide-below-992\"><table class=\"woocommerce-product-attributes\"><tbody><tr><th colspan=\"2\"><span class=\"text-sm font-medium mb-2\">Compatible avec :<\/span><\/th><\/tr><tr><th>Mod\u00e8le du v\u00e9hicule \u2013 Pr\u00e9fixe du ch\u00e2ssis:<\/th><td><a href=\"https:\/\/damicoline.com\/fr\/boutique\/?vx_brand=PIAGGIO&#038;vx_model=PORTER%20Maxxi%201.3%20LPG%20(2015-2020)&#038;vx_engine=DAM13R&#038;vx_years=2015-2020\">\ud83d\ude9a PIAGGIO PORTER Maxxi 1.3 LPG (2015-2020) DAM13R (2015-2020) - ZAPS90AG, ZAPS90DG, ZAPS90RG<\/a><\/td><\/tr><tr><th>Mod\u00e8le du v\u00e9hicule \u2013 Pr\u00e9fixe du ch\u00e2ssis:<\/th><td><a href=\"https:\/\/damicoline.com\/fr\/boutique\/?vx_brand=PIAGGIO&#038;vx_model=PORTER%20Pianale%20piatto\/Telaio%201.3%20LPG%20(2015-2020)&#038;vx_engine=DAM13R&#038;vx_years=2015-2020\">\ud83d\ude9a PIAGGIO PORTER Pianale piatto\/Telaio 1.3 LPG (2015-2020) DAM13R (2015-2020) - ZAPS89CGW, ZAPS89PGW, ZAPS90VGW, ZAPS90TGW, ZAPS90PGW, ZAPS90CGW<\/a><\/td><\/tr><\/tbody><\/table><\/div><\/section><\/section>\n","protected":false},"excerpt":{"rendered":"<p>Disque d&#8217;embrayage pour Piaggio Porter Multitech Euro 6 DAM13R Disque d&#8217;embrayage compatible avec Piaggio Porter Multitech Euro 6 avec moteur DAM13R. Assure une transmission efficace du couple, des engagements r\u00e9guliers et un confort de conduite. Pi\u00e8ce de rechange de qualit\u00e9 con\u00e7ue pour r\u00e9sister \u00e0 des charges et une utilisation intensive.<\/p>\n","protected":false},"featured_media":15719,"template":"","meta":{"_sitemap_exclude":false,"_sitemap_priority":"","_sitemap_frequency":""},"product_brand":[2671],"product_cat":[562,417],"product_tag":[1088],"class_list":{"0":"post-15722","1":"product","2":"type-product","3":"status-publish","4":"has-post-thumbnail","6":"product_brand-foton","7":"product_cat-embrayage","8":"product_cat-pieces-du-moteur","9":"product_tag-1a005148","11":"first","12":"instock","13":"sale","14":"taxable","15":"shipping-taxable","16":"purchasable","17":"product-type-simple"},"_links":{"self":[{"href":"https:\/\/damicoline.com\/fr\/wp-json\/wp\/v2\/product\/15722","targetHints":{"allow":["GET"]}}],"collection":[{"href":"https:\/\/damicoline.com\/fr\/wp-json\/wp\/v2\/product"}],"about":[{"href":"https:\/\/damicoline.com\/fr\/wp-json\/wp\/v2\/types\/product"}],"wp:featuredmedia":[{"embeddable":true,"href":"https:\/\/damicoline.com\/fr\/wp-json\/wp\/v2\/media\/15719"}],"wp:attachment":[{"href":"https:\/\/damicoline.com\/fr\/wp-json\/wp\/v2\/media?parent=15722"}],"wp:term":[{"taxonomy":"product_brand","embeddable":true,"href":"https:\/\/damicoline.com\/fr\/wp-json\/wp\/v2\/product_brand?post=15722"},{"taxonomy":"product_cat","embeddable":true,"href":"https:\/\/damicoline.com\/fr\/wp-json\/wp\/v2\/product_cat?post=15722"},{"taxonomy":"product_tag","embeddable":true,"href":"https:\/\/damicoline.com\/fr\/wp-json\/wp\/v2\/product_tag?post=15722"}],"curies":[{"name":"wp","href":"https:\/\/api.w.org\/{rel}","templated":true}]}}