{"id":15778,"date":"2026-01-15T13:16:10","date_gmt":"2026-01-15T12:16:10","guid":{"rendered":"https:\/\/damicoline.com\/prodotto\/ammortizzatore-anteriore-sinistro-piaggio-porter-dal-2011-abs\/"},"modified":"2026-04-22T15:00:50","modified_gmt":"2026-04-22T13:00:50","slug":"amortisseur-avant-gauche-piaggio-porter-a-partir-de-2011-abs","status":"publish","type":"product","link":"https:\/\/damicoline.com\/fr\/produit\/amortisseur-avant-gauche-piaggio-porter-a-partir-de-2011-abs\/","title":{"rendered":"Amortisseur avant gauche Piaggio Porter \u00e0 partir de 2011 ABS"},"content":{"rendered":"<p><strong>Amortisseur avant gauche pour Piaggio Porter \u00e0 partir de 2011 ABS<\/strong><\/p>\n<p>Amortisseur <strong>avant c\u00f4t\u00e9 gauche<\/strong> compatible avec <strong>Piaggio Porter \u00e0 partir de 2011<\/strong> \u00e9quip\u00e9 de <strong>ABS<\/strong>. Garantit un contr\u00f4le optimal du v\u00e9hicule, r\u00e9duit le roulis et les vibrations et assure une r\u00e9ponse pr\u00e9cise de la direction. Pi\u00e8ce de rechange de qualit\u00e9 pour s\u00e9curit\u00e9 et durabilit\u00e9 dans le temps.<\/p>\n<p><em>Note :<\/em> d\u00e9di\u00e9 exclusivement aux mod\u00e8les <strong>avec ABS<\/strong>.<\/p>\n<div class=\"text-sm text-gray-800 font-medium mb-2\"><div class=\"text-sm text-gray-800 font-medium mb-2\"><strong>Codes de r\u00e9f\u00e9rence:<\/strong> 1E000768R<\/div><\/div>\n<div class=\"oem-box mb-4\"><div class=\"oem-box mb-4\"><p class=\"text-sm text-gray-800 font-medium mb-2\">Type: <strong>D\u2019origine Piaggio<\/strong><\/p><p class=\"text-sm text-gray-700 mb-1\">Composant Piaggio d\u2019origine, con\u00e7u pour un montage et des performances corrects.<\/p><p class=\"text-xs text-gray-500 mt-2\">Les marques appartiennent \u00e0 leurs propri\u00e9taires respectifs.<\/p><\/div><\/div>\n<section class=\"compatibility-block mb-4\"><section class=\"compatibility-block mb-4\"><div class=\"product-extra-details hide-below-992\"><table class=\"woocommerce-product-attributes\"><tbody><tr><th colspan=\"2\"><span class=\"text-sm font-medium mb-2\">Compatible avec :<\/span><\/th><\/tr><tr><th>Mod\u00e8le du v\u00e9hicule \u2013 Pr\u00e9fixe du ch\u00e2ssis:<\/th><td><a href=\"https:\/\/damicoline.com\/fr\/boutique\/?vx_brand=PIAGGIO&#038;vx_model=PORTER%20Maxxi%201.2%20D%20(2011-2015)&#038;vx_engine=P120&#038;vx_years=2011-2015\">\ud83d\ude9a PIAGGIO PORTER Maxxi 1.2 D (2011-2015) P120 (2011-2015) - ZAPS90AKW, ZAPS90DKW, ZAPS90RKW<\/a><\/td><\/tr><tr><th>Mod\u00e8le du v\u00e9hicule \u2013 Pr\u00e9fixe du ch\u00e2ssis:<\/th><td><a href=\"https:\/\/damicoline.com\/fr\/boutique\/?vx_brand=PIAGGIO&#038;vx_model=PORTER%20Maxxi%201.3%20(2010-2015)&#038;vx_engine=DA471QLR&#038;vx_years=2010-2015\">\ud83d\ude9a PIAGGIO PORTER Maxxi 1.3 (2010-2015) DA471QLR (2010-2015) - ZAPS90DJ, ZAPS90AJ, ZAPS90RJ<\/a><\/td><\/tr><tr><th>Mod\u00e8le du v\u00e9hicule \u2013 Pr\u00e9fixe du ch\u00e2ssis:<\/th><td><a href=\"https:\/\/damicoline.com\/fr\/boutique\/?vx_brand=PIAGGIO&#038;vx_model=PORTER%20Maxxi%201.3%20LPG%20(2015-2020)&#038;vx_engine=DAM13R&#038;vx_years=2015-2020\">\ud83d\ude9a PIAGGIO PORTER Maxxi 1.3 LPG (2015-2020) DAM13R (2015-2020) - ZAPS90AG, ZAPS90DG, ZAPS90RG<\/a><\/td><\/tr><tr><th>Mod\u00e8le du v\u00e9hicule \u2013 Pr\u00e9fixe du ch\u00e2ssis:<\/th><td><a href=\"https:\/\/damicoline.com\/fr\/boutique\/?vx_brand=PIAGGIO&#038;vx_model=PORTER%20Pianale%20piatto\/Telaio%201.2%20D%20(2010-2015)&#038;vx_engine=P120&#038;vx_years=2010-2015\">\ud83d\ude9a PIAGGIO PORTER Pianale piatto\/Telaio 1.2 D (2010-2015) P120 (2010-2015) - ZAPS90CKW, ZAPS90PKW, ZAPS90TKW, ZAPS90VKW<\/a><\/td><\/tr><tr><th>Mod\u00e8le du v\u00e9hicule \u2013 Pr\u00e9fixe du ch\u00e2ssis:<\/th><td><a href=\"https:\/\/damicoline.com\/fr\/boutique\/?vx_brand=PIAGGIO&#038;vx_model=PORTER%20Pianale%20piatto\/Telaio%201.3%20(2010-2015)&#038;vx_engine=DA471QLR&#038;vx_years=2010-2015\">\ud83d\ude9a PIAGGIO PORTER Pianale piatto\/Telaio 1.3 (2010-2015) DA471QLR (2010-2015) - ZAPS90CJ, ZAPS90PJ, ZAPS90TJ, ZAPS90VJ<\/a><\/td><\/tr><tr><th>Mod\u00e8le du v\u00e9hicule \u2013 Pr\u00e9fixe du ch\u00e2ssis:<\/th><td><a href=\"https:\/\/damicoline.com\/fr\/boutique\/?vx_brand=PIAGGIO&#038;vx_model=PORTER%20Pianale%20piatto\/Telaio%201.3%20LPG%20(2015-2020)&#038;vx_engine=DAM13R&#038;vx_years=2015-2020\">\ud83d\ude9a PIAGGIO PORTER Pianale piatto\/Telaio 1.3 LPG (2015-2020) DAM13R (2015-2020) - ZAPS89CGW, ZAPS89PGW, ZAPS90VGW, ZAPS90TGW, ZAPS90PGW, ZAPS90CGW<\/a><\/td><\/tr><\/tbody><\/table><\/div><\/section><\/section>\n","protected":false},"excerpt":{"rendered":"<p>Amortisseur avant gauche pour Piaggio Porter \u00e0 partir de 2011 ABS Amortisseur avant c\u00f4t\u00e9 gauche compatible avec Piaggio Porter \u00e0 partir de 2011 \u00e9quip\u00e9 de ABS. Garantit un contr\u00f4le optimal du v\u00e9hicule, r\u00e9duit le roulis et les vibrations et assure une r\u00e9ponse pr\u00e9cise de la direction. Pi\u00e8ce de rechange de qualit\u00e9 pour s\u00e9curit\u00e9 et durabilit\u00e9<\/p>\n<div class=\"klb-readmore button\"><a class=\"btn link\" href=\"https:\/\/damicoline.com\/fr\/produit\/amortisseur-avant-gauche-piaggio-porter-a-partir-de-2011-abs\/\">Read More <i class=\"klbth-icon-right-arrow\"><\/i><\/a><\/div>\n","protected":false},"featured_media":15765,"template":"","meta":{"_sitemap_exclude":false,"_sitemap_priority":"","_sitemap_frequency":""},"product_brand":[2672],"product_cat":[442,432],"product_tag":[3604],"class_list":{"0":"post-15778","1":"product","2":"type-product","3":"status-publish","4":"has-post-thumbnail","6":"product_brand-piaggio","7":"product_cat-amortisseurs-avant","8":"product_cat-pieces-de-direction","9":"product_tag-1e000768r","11":"first","12":"outofstock","13":"sale","14":"taxable","15":"shipping-taxable","16":"purchasable","17":"product-type-simple"},"_links":{"self":[{"href":"https:\/\/damicoline.com\/fr\/wp-json\/wp\/v2\/product\/15778","targetHints":{"allow":["GET"]}}],"collection":[{"href":"https:\/\/damicoline.com\/fr\/wp-json\/wp\/v2\/product"}],"about":[{"href":"https:\/\/damicoline.com\/fr\/wp-json\/wp\/v2\/types\/product"}],"wp:featuredmedia":[{"embeddable":true,"href":"https:\/\/damicoline.com\/fr\/wp-json\/wp\/v2\/media\/15765"}],"wp:attachment":[{"href":"https:\/\/damicoline.com\/fr\/wp-json\/wp\/v2\/media?parent=15778"}],"wp:term":[{"taxonomy":"product_brand","embeddable":true,"href":"https:\/\/damicoline.com\/fr\/wp-json\/wp\/v2\/product_brand?post=15778"},{"taxonomy":"product_cat","embeddable":true,"href":"https:\/\/damicoline.com\/fr\/wp-json\/wp\/v2\/product_cat?post=15778"},{"taxonomy":"product_tag","embeddable":true,"href":"https:\/\/damicoline.com\/fr\/wp-json\/wp\/v2\/product_tag?post=15778"}],"curies":[{"name":"wp","href":"https:\/\/api.w.org\/{rel}","templated":true}]}}