{"id":15840,"date":"2026-01-20T15:19:05","date_gmt":"2026-01-20T14:19:05","guid":{"rendered":"https:\/\/damicoline.com\/prodotto\/tubo-raffreddamento-superiore-con-tappo-piaggio-porter-ldw-1404\/"},"modified":"2026-01-20T15:23:56","modified_gmt":"2026-01-20T14:23:56","slug":"tuyau-de-refroidissement-superieur-avec-bouchon-piaggio-porter-ldw-1404","status":"publish","type":"product","link":"https:\/\/damicoline.com\/fr\/produit\/tuyau-de-refroidissement-superieur-avec-bouchon-piaggio-porter-ldw-1404\/","title":{"rendered":"Tuyau de refroidissement sup\u00e9rieur avec bouchon Piaggio Porter LDW 1404"},"content":{"rendered":"<p><strong>Tuyau de refroidissement sup\u00e9rieur avec bouchon pour Piaggio Porter Diesel LDW 1404<\/strong><\/p>\n<p>Tuyau de <strong>refroidissement sup\u00e9rieur avec bouchon<\/strong> compatible avec <strong>Piaggio Porter Diesel<\/strong> motoris\u00e9 <strong>Lombardini LDW 1404<\/strong>. Il est positionn\u00e9 <strong>sous le si\u00e8ge c\u00f4t\u00e9 passager<\/strong> et <strong>au-dessus du couvercle de culasse<\/strong>.<\/p>\n<p>\u00c9l\u00e9ment fondamental pour le <strong>remplissage et la purge du circuit de refroidissement<\/strong>, il permet l&#8217;apport correct du liquide r\u00e9frig\u00e9rant au moteur, pr\u00e9venant les surchauffes et garantissant un fonctionnement stable et fiable.<\/p>\n<div class=\"text-sm text-gray-800 font-medium mb-2\"><div class=\"text-sm text-gray-800 font-medium mb-2\"><strong>Codes de r\u00e9f\u00e9rence:<\/strong> 566749<\/div><\/div>\n<div class=\"oem-box mb-4\">\t\t\t\t<div class=\"oem-box mb-4\">\n\t\t\t\t\t<p class=\"text-sm text-gray-800 font-medium mb-2\">Type: <strong>D\u2019origine Piaggio<\/strong><\/p>\n\t\t\t\t\t<p class=\"text-sm text-gray-700 mb-1\">Composant Piaggio d\u2019origine, con\u00e7u pour un montage et des performances corrects.<\/p>\n\t\t\t\t\t<p class=\"text-xs text-gray-500 mt-2\">*Les marques appartiennent \u00e0 leurs propri\u00e9taires respectifs.<\/p>\n\t\t\t\t<\/div>\n\t\t\t<\/div>\n<section class=\"compatibility-block mb-4\"><section class=\"compatibility-block mb-4\"><div class=\"product-extra-details hide-below-992\"><table class=\"woocommerce-product-attributes\"><tbody><tr><th colspan=\"2\"><span class=\"text-sm font-medium mb-2\">Compatible avec :<\/span><\/th><\/tr><tr><th>Mod\u00e8le du v\u00e9hicule \u2013 Pr\u00e9fixe du ch\u00e2ssis:<\/th><td><a href=\"https:\/\/damicoline.com\/fr\/boutique\/?vx_brand=PIAGGIO&#038;vx_model=PORTER%20Pianale%20piatto%201.4%20D%20(1998-2005)&#038;vx_engine=LDW1404\/P&#038;vx_years=1998-2005\">\ud83d\ude9a PIAGGIO PORTER Pianale piatto 1.4 D (1998-2005) LDW1404\/P (1998-2005) - ZAPS&#56;&#53;&#48;&#48;&#48;&#48;&#48;&#52;, ZAPS&#56;&#53;&#48;&#48;&#48;&#48;&#48;&#55;, ZAPS85V00004, ZAPS85V00007<\/a><\/td><\/tr><\/tbody><\/table><\/div><\/section><\/section>\n","protected":false},"excerpt":{"rendered":"<p>Tuyau de refroidissement sup\u00e9rieur avec bouchon pour Piaggio Porter Diesel LDW 1404 Tuyau de refroidissement sup\u00e9rieur avec bouchon compatible avec Piaggio Porter Diesel motoris\u00e9 Lombardini LDW 1404. Il est positionn\u00e9 sous le si\u00e8ge c\u00f4t\u00e9 passager et au-dessus du couvercle de culasse. \u00c9l\u00e9ment fondamental pour le remplissage et la purge du circuit de refroidissement, il permet<\/p>\n<div class=\"klb-readmore button\"><a class=\"btn link\" href=\"https:\/\/damicoline.com\/fr\/produit\/tuyau-de-refroidissement-superieur-avec-bouchon-piaggio-porter-ldw-1404\/\">Read More <i class=\"klbth-icon-right-arrow\"><\/i><\/a><\/div>\n","protected":false},"featured_media":15837,"template":"","meta":{"_sitemap_exclude":false,"_sitemap_priority":"","_sitemap_frequency":""},"product_brand":[2672],"product_cat":[402,3389],"product_tag":[3612],"class_list":{"0":"post-15840","1":"product","2":"type-product","3":"status-publish","4":"has-post-thumbnail","6":"product_brand-piaggio","7":"product_cat-systeme-de-refroidissement","8":"product_cat-tuyaux-et-durites","9":"product_tag-3612","11":"first","12":"instock","13":"sale","14":"taxable","15":"shipping-taxable","16":"purchasable","17":"product-type-simple"},"_links":{"self":[{"href":"https:\/\/damicoline.com\/fr\/wp-json\/wp\/v2\/product\/15840","targetHints":{"allow":["GET"]}}],"collection":[{"href":"https:\/\/damicoline.com\/fr\/wp-json\/wp\/v2\/product"}],"about":[{"href":"https:\/\/damicoline.com\/fr\/wp-json\/wp\/v2\/types\/product"}],"wp:featuredmedia":[{"embeddable":true,"href":"https:\/\/damicoline.com\/fr\/wp-json\/wp\/v2\/media\/15837"}],"wp:attachment":[{"href":"https:\/\/damicoline.com\/fr\/wp-json\/wp\/v2\/media?parent=15840"}],"wp:term":[{"taxonomy":"product_brand","embeddable":true,"href":"https:\/\/damicoline.com\/fr\/wp-json\/wp\/v2\/product_brand?post=15840"},{"taxonomy":"product_cat","embeddable":true,"href":"https:\/\/damicoline.com\/fr\/wp-json\/wp\/v2\/product_cat?post=15840"},{"taxonomy":"product_tag","embeddable":true,"href":"https:\/\/damicoline.com\/fr\/wp-json\/wp\/v2\/product_tag?post=15840"}],"curies":[{"name":"wp","href":"https:\/\/api.w.org\/{rel}","templated":true}]}}