{"id":15851,"date":"2026-01-20T15:19:03","date_gmt":"2026-01-20T14:19:03","guid":{"rendered":"https:\/\/damicoline.com\/prodotto\/cerniera-fine-corsa-sportello-piaggio-porter-quargo\/"},"modified":"2026-01-20T15:31:01","modified_gmt":"2026-01-20T14:31:01","slug":"charniere-de-fin-de-course-de-porte-pour-piaggio-porter-et-quargo","status":"publish","type":"product","link":"https:\/\/damicoline.com\/fr\/produit\/charniere-de-fin-de-course-de-porte-pour-piaggio-porter-et-quargo\/","title":{"rendered":"Charni\u00e8re de fin de course de porte pour Piaggio Porter et Quargo"},"content":{"rendered":"<p><strong>Charni\u00e8re de fin de course de porte pour Piaggio Porter et Piaggio Quargo<\/strong><\/p>\n<p>Charni\u00e8re <strong>de fin de course de porte<\/strong> compatible avec <strong>Piaggio Porter<\/strong> et <strong>Piaggio Quargo<\/strong>. Con\u00e7ue pour limiter correctement l\u2019ouverture de la porte, elle pr\u00e9vient les sollicitations excessives sur les charni\u00e8res et la t\u00f4le, am\u00e9liorant ainsi la durabilit\u00e9 et la s\u00e9curit\u00e9.<\/p>\n<p>Pi\u00e8ce de rechange indispensable en cas de porte qui s\u2019ouvre trop ou pr\u00e9sente des jeux anormaux. Construction robuste pour garantir fiabilit\u00e9 et fonctionnement pr\u00e9cis dans le temps.<\/p>\n<div class=\"text-sm text-gray-800 font-medium mb-2\"><div class=\"text-sm text-gray-800 font-medium mb-2\"><strong>Codes de r\u00e9f\u00e9rence:<\/strong> 6861087Z01000<\/div><\/div>\n<div class=\"oem-box mb-4\">\t\t\t\t<div class=\"oem-box mb-4\">\n\t\t\t\t\t<p class=\"text-sm text-gray-800 font-medium mb-2\">Type: <strong>D\u2019origine Piaggio<\/strong><\/p>\n\t\t\t\t\t<p class=\"text-sm text-gray-700 mb-1\">Composant Piaggio d\u2019origine, con\u00e7u pour un montage et des performances corrects.<\/p>\n\t\t\t\t\t<p class=\"text-xs text-gray-500 mt-2\">*Les marques appartiennent \u00e0 leurs propri\u00e9taires respectifs.<\/p>\n\t\t\t\t<\/div>\n\t\t\t<\/div>\n<section class=\"compatibility-block mb-4\"><section class=\"compatibility-block mb-4\"><div class=\"product-extra-details hide-below-992\"><table class=\"woocommerce-product-attributes\"><tbody><tr><th colspan=\"2\"><span class=\"text-sm font-medium mb-2\">Compatible avec :<\/span><\/th><\/tr><tr><th>Mod\u00e8le du v\u00e9hicule \u2013 Pr\u00e9fixe du ch\u00e2ssis:<\/th><td><a href=\"https:\/\/damicoline.com\/fr\/boutique\/?vx_brand=PIAGGIO&#038;vx_model=PORTER%20Maxxi%201.2%20D%20(2011-2015)&#038;vx_engine=P120&#038;vx_years=2011-2015\">\ud83d\ude9a PIAGGIO PORTER Maxxi 1.2 D (2011-2015) P120 (2011-2015) - ZAPS90AKW, ZAPS90DKW, ZAPS90RKW<\/a><\/td><\/tr><tr><th>Mod\u00e8le du v\u00e9hicule \u2013 Pr\u00e9fixe du ch\u00e2ssis:<\/th><td><a href=\"https:\/\/damicoline.com\/fr\/boutique\/?vx_brand=PIAGGIO&#038;vx_model=PORTER%20Maxxi%201.3%20(2010-2015)&#038;vx_engine=DA471QLR&#038;vx_years=2010-2015\">\ud83d\ude9a PIAGGIO PORTER Maxxi 1.3 (2010-2015) DA471QLR (2010-2015) - ZAPS90DJ, ZAPS90AJ, ZAPS90RJ<\/a><\/td><\/tr><tr><th>Mod\u00e8le du v\u00e9hicule \u2013 Pr\u00e9fixe du ch\u00e2ssis:<\/th><td><a href=\"https:\/\/damicoline.com\/fr\/boutique\/?vx_brand=PIAGGIO&#038;vx_model=PORTER%20Maxxi%201.3%2016V%20(2007-2009)&#038;vx_engine=HC-EL&#038;vx_years=2007-2009\">\ud83d\ude9a PIAGGIO PORTER Maxxi 1.3 16V (2007-2009) HC-EL (2007-2009) - ZAPS95000<\/a><\/td><\/tr><tr><th>Mod\u00e8le du v\u00e9hicule \u2013 Pr\u00e9fixe du ch\u00e2ssis:<\/th><td><a href=\"https:\/\/damicoline.com\/fr\/boutique\/?vx_brand=PIAGGIO&#038;vx_model=PORTER%20Maxxi%201.3%2016V%20Up-Date%20E3%20(2009-2010)&#038;vx_engine=HC-EL&#038;vx_years=2009-2010\">\ud83d\ude9a PIAGGIO PORTER Maxxi 1.3 16V Up-Date E3 (2009-2010) HC-EL (2009-2010) - ZAPS90AH, ZAPS90DH, ZAPS90RH<\/a><\/td><\/tr><tr><th>Mod\u00e8le du v\u00e9hicule \u2013 Pr\u00e9fixe du ch\u00e2ssis:<\/th><td><a href=\"https:\/\/damicoline.com\/fr\/boutique\/?vx_brand=PIAGGIO&#038;vx_model=PORTER%20Maxxi%201.3%20LPG%20(2015-2020)&#038;vx_engine=DAM13R&#038;vx_years=2015-2020\">\ud83d\ude9a PIAGGIO PORTER Maxxi 1.3 LPG (2015-2020) DAM13R (2015-2020) - ZAPS90AG, ZAPS90DG, ZAPS90RG<\/a><\/td><\/tr><tr><th>Mod\u00e8le du v\u00e9hicule \u2013 Pr\u00e9fixe du ch\u00e2ssis:<\/th><td><a href=\"https:\/\/damicoline.com\/fr\/boutique\/?vx_brand=PIAGGIO&#038;vx_model=PORTER%20Pianale%20piatto\/Telaio%201.2%20D%20(2010-2015)&#038;vx_engine=P120&#038;vx_years=2010-2015\">\ud83d\ude9a PIAGGIO PORTER Pianale piatto\/Telaio 1.2 D (2010-2015) P120 (2010-2015) - ZAPS90CKW, ZAPS90PKW, ZAPS90TKW, ZAPS90VKW<\/a><\/td><\/tr><tr><th>Mod\u00e8le du v\u00e9hicule \u2013 Pr\u00e9fixe du ch\u00e2ssis:<\/th><td><a href=\"https:\/\/damicoline.com\/fr\/boutique\/?vx_brand=PIAGGIO&#038;vx_model=PORTER%20Pianale%20piatto\/Telaio%201.3%20(2010-2015)&#038;vx_engine=DA471QLR&#038;vx_years=2010-2015\">\ud83d\ude9a PIAGGIO PORTER Pianale piatto\/Telaio 1.3 (2010-2015) DA471QLR (2010-2015) - ZAPS90CJ, ZAPS90PJ, ZAPS90TJ, ZAPS90VJ<\/a><\/td><\/tr><tr><th>Mod\u00e8le du v\u00e9hicule \u2013 Pr\u00e9fixe du ch\u00e2ssis:<\/th><td><a href=\"https:\/\/damicoline.com\/fr\/boutique\/?vx_brand=PIAGGIO&#038;vx_model=PORTER%20Pianale%20piatto\/Telaio%201.3%2016V%20(1998-2009)&#038;vx_engine=HC-EL&#038;vx_years=1998-2009\">\ud83d\ude9a PIAGGIO PORTER Pianale piatto\/Telaio 1.3 16V (1998-2009) HC-EL (1998-2009) - ZAPS85000, ZAPS85V00<\/a><\/td><\/tr><tr><th>Mod\u00e8le du v\u00e9hicule \u2013 Pr\u00e9fixe du ch\u00e2ssis:<\/th><td><a href=\"https:\/\/damicoline.com\/fr\/boutique\/?vx_brand=PIAGGIO&#038;vx_model=PORTER%20Pianale%20piatto\/Telaio%201.3%2016V%20Up-Date%20E3%20(2009-2010)&#038;vx_engine=HC-EL&#038;vx_years=2009-2010\">\ud83d\ude9a PIAGGIO PORTER Pianale piatto\/Telaio 1.3 16V Up-Date E3 (2009-2010) HC-EL (2009-2010) - ZAPS90CH, ZAPS90PH, ZAPS90TH, ZAPS90VH<\/a><\/td><\/tr><tr><th>Mod\u00e8le du v\u00e9hicule \u2013 Pr\u00e9fixe du ch\u00e2ssis:<\/th><td><a href=\"https:\/\/damicoline.com\/fr\/boutique\/?vx_brand=PIAGGIO&#038;vx_model=PORTER%20Pianale%20piatto\/Telaio%201.3%20LPG%20(2015-2020)&#038;vx_engine=DAM13R&#038;vx_years=2015-2020\">\ud83d\ude9a PIAGGIO PORTER Pianale piatto\/Telaio 1.3 LPG (2015-2020) DAM13R (2015-2020) - ZAPS89CGW, ZAPS89PGW, ZAPS90VGW, ZAPS90TGW, ZAPS90PGW, ZAPS90CGW<\/a><\/td><\/tr><tr><th>Mod\u00e8le du v\u00e9hicule \u2013 Pr\u00e9fixe du ch\u00e2ssis:<\/th><td><a href=\"https:\/\/damicoline.com\/fr\/boutique\/?vx_brand=PIAGGIO&#038;vx_model=QUARGO%20702%20Diesel%20(2004-2006)&#038;vx_engine=LDW702\/P&#038;vx_years=2004-2006\">\ud83d\ude9a PIAGGIO QUARGO 702 Diesel (2004-2006) LDW702\/P (2004-2006) - ZAPP10000<\/a><\/td><\/tr><tr><th>Mod\u00e8le du v\u00e9hicule \u2013 Pr\u00e9fixe du ch\u00e2ssis:<\/th><td><a href=\"https:\/\/damicoline.com\/fr\/boutique\/?vx_brand=PIAGGIO&#038;vx_model=QUARGO%20702%20Diesel%20(2007-2017)&#038;vx_engine=LDW702\/P&#038;vx_years=2007-2017\">\ud83d\ude9a PIAGGIO QUARGO 702 Diesel (2007-2017) LDW702\/P (2007-2017) - ZAP4P10000<\/a><\/td><\/tr><\/tbody><\/table><\/div><\/section><\/section>\n","protected":false},"excerpt":{"rendered":"<p>Charni\u00e8re de fin de course de porte pour Piaggio Porter et Piaggio Quargo Charni\u00e8re de fin de course de porte compatible avec Piaggio Porter et Piaggio Quargo. Con\u00e7ue pour limiter correctement l\u2019ouverture de la porte, elle pr\u00e9vient les sollicitations excessives sur les charni\u00e8res et la t\u00f4le, am\u00e9liorant ainsi la durabilit\u00e9 et la s\u00e9curit\u00e9. Pi\u00e8ce de<\/p>\n<div class=\"klb-readmore button\"><a class=\"btn link\" href=\"https:\/\/damicoline.com\/fr\/produit\/charniere-de-fin-de-course-de-porte-pour-piaggio-porter-et-quargo\/\">Read More <i class=\"klbth-icon-right-arrow\"><\/i><\/a><\/div>\n","protected":false},"featured_media":15848,"template":"","meta":{"_sitemap_exclude":false,"_sitemap_priority":"","_sitemap_frequency":""},"product_brand":[2672],"product_cat":[503,504],"product_tag":[3617],"class_list":{"0":"post-15851","1":"product","2":"type-product","3":"status-publish","4":"has-post-thumbnail","6":"product_brand-piaggio","7":"product_cat-pieces-de-chassis","8":"product_cat-poignees-de-porte","9":"product_tag-6861087z01000","11":"first","12":"outofstock","13":"sale","14":"taxable","15":"shipping-taxable","16":"purchasable","17":"product-type-simple"},"_links":{"self":[{"href":"https:\/\/damicoline.com\/fr\/wp-json\/wp\/v2\/product\/15851","targetHints":{"allow":["GET"]}}],"collection":[{"href":"https:\/\/damicoline.com\/fr\/wp-json\/wp\/v2\/product"}],"about":[{"href":"https:\/\/damicoline.com\/fr\/wp-json\/wp\/v2\/types\/product"}],"wp:featuredmedia":[{"embeddable":true,"href":"https:\/\/damicoline.com\/fr\/wp-json\/wp\/v2\/media\/15848"}],"wp:attachment":[{"href":"https:\/\/damicoline.com\/fr\/wp-json\/wp\/v2\/media?parent=15851"}],"wp:term":[{"taxonomy":"product_brand","embeddable":true,"href":"https:\/\/damicoline.com\/fr\/wp-json\/wp\/v2\/product_brand?post=15851"},{"taxonomy":"product_cat","embeddable":true,"href":"https:\/\/damicoline.com\/fr\/wp-json\/wp\/v2\/product_cat?post=15851"},{"taxonomy":"product_tag","embeddable":true,"href":"https:\/\/damicoline.com\/fr\/wp-json\/wp\/v2\/product_tag?post=15851"}],"curies":[{"name":"wp","href":"https:\/\/api.w.org\/{rel}","templated":true}]}}