{"id":15876,"date":"2026-01-20T16:18:34","date_gmt":"2026-01-20T15:18:34","guid":{"rendered":"https:\/\/damicoline.com\/prodotto\/tubazione-radiatore-ferro-superiore-piaggio-porter-multitech-euro-4-5\/"},"modified":"2026-01-20T16:42:20","modified_gmt":"2026-01-20T15:42:20","slug":"tuyau-de-radiateur-en-fer-superieur-piaggio-porter-multitech-euro-4-et-5","status":"publish","type":"product","link":"https:\/\/damicoline.com\/fr\/produit\/tuyau-de-radiateur-en-fer-superieur-piaggio-porter-multitech-euro-4-et-5\/","title":{"rendered":"Tuyau de radiateur en fer sup\u00e9rieur Piaggio Porter Multitech Euro 4 et 5"},"content":{"rendered":"<p><strong>Tuyau de radiateur en fer sup\u00e9rieur pour Piaggio Porter Multitech Euro 4 et 5<\/strong><\/p>\n<p>Tuyau de radiateur <strong>en fer<\/strong> sup\u00e9rieur compatible avec <strong>Piaggio Porter Multitech Euro 4 et Euro 5<\/strong> avec moteur <strong>DA471QLR<\/strong>. Le tuyau est positionn\u00e9 <strong>sous le si\u00e8ge<\/strong> du v\u00e9hicule et permet le raccordement correct du circuit de refroidissement.<\/p>\n<p>Essentiel pour le <strong>remplissage du liquide de refroidissement<\/strong> et pour garantir une circulation efficace, il est fabriqu\u00e9 en mat\u00e9riau m\u00e9tallique r\u00e9sistant \u00e0 la pression, aux temp\u00e9ratures \u00e9lev\u00e9es et \u00e0 la corrosion. Id\u00e9al en cas de fuites, d&#8217;oxydation ou pour l&#8217;entretien du syst\u00e8me de refroidissement.<\/p>\n<p><em>Note :<\/em> le tuyau est fourni <strong>sans bouchon de radiateur<\/strong>, disponible \u00e0 l&#8217;achat s\u00e9par\u00e9ment.<\/p>\n<div class=\"text-sm text-gray-800 font-medium mb-2\"><div class=\"text-sm text-gray-800 font-medium mb-2\"><strong>Codes de r\u00e9f\u00e9rence:<\/strong> B005673<\/div><\/div>\n<div class=\"oem-box mb-4\">\t\t\t\t<div class=\"oem-box mb-4\">\n\t\t\t\t\t<p class=\"text-sm text-gray-800 font-medium mb-2\">Type: <strong>D\u2019origine Piaggio<\/strong><\/p>\n\t\t\t\t\t<p class=\"text-sm text-gray-700 mb-1\">Composant Piaggio d\u2019origine, con\u00e7u pour un montage et des performances corrects.<\/p>\n\t\t\t\t\t<p class=\"text-xs text-gray-500 mt-2\">*Les marques appartiennent \u00e0 leurs propri\u00e9taires respectifs.<\/p>\n\t\t\t\t<\/div>\n\t\t\t<\/div>\n<section class=\"compatibility-block mb-4\"><section class=\"compatibility-block mb-4\"><div class=\"product-extra-details hide-below-992\"><table class=\"woocommerce-product-attributes\"><tbody><tr><th colspan=\"2\"><span class=\"text-sm font-medium mb-2\">Compatible avec :<\/span><\/th><\/tr><tr><th>Mod\u00e8le du v\u00e9hicule \u2013 Pr\u00e9fixe du ch\u00e2ssis:<\/th><td><a href=\"https:\/\/damicoline.com\/fr\/boutique\/?vx_brand=PIAGGIO&#038;vx_model=PORTER%20Maxxi%201.3%20(2010-2015)&#038;vx_engine=DA471QLR&#038;vx_years=2010-2015\">\ud83d\ude9a PIAGGIO PORTER Maxxi 1.3 (2010-2015) DA471QLR (2010-2015) - ZAPS90DJ, ZAPS90AJ, ZAPS90RJ<\/a><\/td><\/tr><tr><th>Mod\u00e8le du v\u00e9hicule \u2013 Pr\u00e9fixe du ch\u00e2ssis:<\/th><td><a href=\"https:\/\/damicoline.com\/fr\/boutique\/?vx_brand=PIAGGIO&#038;vx_model=PORTER%20Pianale%20piatto\/Telaio%201.3%20(2010-2015)&#038;vx_engine=DA471QLR&#038;vx_years=2010-2015\">\ud83d\ude9a PIAGGIO PORTER Pianale piatto\/Telaio 1.3 (2010-2015) DA471QLR (2010-2015) - ZAPS90CJ, ZAPS90PJ, ZAPS90TJ, ZAPS90VJ<\/a><\/td><\/tr><\/tbody><\/table><\/div><\/section><\/section>\n","protected":false},"excerpt":{"rendered":"<p>Tuyau de radiateur en fer sup\u00e9rieur pour Piaggio Porter Multitech Euro 4 et 5 Tuyau de radiateur en fer sup\u00e9rieur compatible avec Piaggio Porter Multitech Euro 4 et Euro 5 avec moteur DA471QLR. Le tuyau est positionn\u00e9 sous le si\u00e8ge du v\u00e9hicule et permet le raccordement correct du circuit de refroidissement. Essentiel pour le remplissage<\/p>\n<div class=\"klb-readmore button\"><a class=\"btn link\" href=\"https:\/\/damicoline.com\/fr\/produit\/tuyau-de-radiateur-en-fer-superieur-piaggio-porter-multitech-euro-4-et-5\/\">Read More <i class=\"klbth-icon-right-arrow\"><\/i><\/a><\/div>\n","protected":false},"featured_media":15873,"template":"","meta":{"_sitemap_exclude":false,"_sitemap_priority":"","_sitemap_frequency":""},"product_brand":[2672],"product_cat":[402,3389],"product_tag":[3629],"class_list":{"0":"post-15876","1":"product","2":"type-product","3":"status-publish","4":"has-post-thumbnail","6":"product_brand-piaggio","7":"product_cat-systeme-de-refroidissement","8":"product_cat-tuyaux-et-durites","9":"product_tag-b005673","11":"first","12":"outofstock","13":"sale","14":"taxable","15":"shipping-taxable","16":"purchasable","17":"product-type-simple"},"_links":{"self":[{"href":"https:\/\/damicoline.com\/fr\/wp-json\/wp\/v2\/product\/15876","targetHints":{"allow":["GET"]}}],"collection":[{"href":"https:\/\/damicoline.com\/fr\/wp-json\/wp\/v2\/product"}],"about":[{"href":"https:\/\/damicoline.com\/fr\/wp-json\/wp\/v2\/types\/product"}],"wp:featuredmedia":[{"embeddable":true,"href":"https:\/\/damicoline.com\/fr\/wp-json\/wp\/v2\/media\/15873"}],"wp:attachment":[{"href":"https:\/\/damicoline.com\/fr\/wp-json\/wp\/v2\/media?parent=15876"}],"wp:term":[{"taxonomy":"product_brand","embeddable":true,"href":"https:\/\/damicoline.com\/fr\/wp-json\/wp\/v2\/product_brand?post=15876"},{"taxonomy":"product_cat","embeddable":true,"href":"https:\/\/damicoline.com\/fr\/wp-json\/wp\/v2\/product_cat?post=15876"},{"taxonomy":"product_tag","embeddable":true,"href":"https:\/\/damicoline.com\/fr\/wp-json\/wp\/v2\/product_tag?post=15876"}],"curies":[{"name":"wp","href":"https:\/\/api.w.org\/{rel}","templated":true}]}}