{"id":15887,"date":"2026-01-20T16:18:35","date_gmt":"2026-01-20T15:18:35","guid":{"rendered":"https:\/\/damicoline.com\/prodotto\/tubo-ferro-uscita-pompa-acqua-piaggio-porter-multitech-euro-4-5\/"},"modified":"2026-04-22T15:01:17","modified_gmt":"2026-04-22T13:01:17","slug":"tube-en-fer-sortie-pompe-a-eau-pour-piaggio-porter-multitech-euro-4-et-5","status":"publish","type":"product","link":"https:\/\/damicoline.com\/fr\/produit\/tube-en-fer-sortie-pompe-a-eau-pour-piaggio-porter-multitech-euro-4-et-5\/","title":{"rendered":"Tube en fer sortie pompe \u00e0 eau pour Piaggio Porter Multitech Euro 4 et 5"},"content":{"rendered":"<p><strong>Tube en fer sortie pompe \u00e0 eau pour Piaggio Porter Multitech Euro 4 et 5<\/strong><\/p>\n<p>Tube en <strong>fer<\/strong> pour <strong>sortie pompe \u00e0 eau<\/strong> compatible avec <strong>Piaggio Porter Multitech Euro 4 et Euro 5<\/strong>. Dirige correctement le liquide de refroidissement depuis le corps de la pompe, garantissant une circulation constante et pr\u00e9venant les fuites ou les surchauffes.<\/p>\n<p>R\u00e9alis\u00e9 en mat\u00e9riau m\u00e9tallique r\u00e9sistant, il est con\u00e7u pour supporter pression et temp\u00e9ratures \u00e9lev\u00e9es, assurant fiabilit\u00e9 et durabilit\u00e9 dans le temps. Pi\u00e8ce de rechange id\u00e9ale en cas de corrosion, fuites ou remplacement de la pompe \u00e0 eau.<\/p>\n<div class=\"text-sm text-gray-800 font-medium mb-2\"><div class=\"text-sm text-gray-800 font-medium mb-2\"><strong>Codes de r\u00e9f\u00e9rence:<\/strong> B010238<\/div><\/div>\n<div class=\"oem-box mb-4\"><div class=\"oem-box mb-4\"><p class=\"text-sm text-gray-800 font-medium mb-2\">Type: <strong>D\u2019origine Piaggio<\/strong><\/p><p class=\"text-sm text-gray-700 mb-1\">Composant Piaggio d\u2019origine, con\u00e7u pour un montage et des performances corrects.<\/p><p class=\"text-xs text-gray-500 mt-2\">Les marques appartiennent \u00e0 leurs propri\u00e9taires respectifs.<\/p><\/div><\/div>\n<section class=\"compatibility-block mb-4\"><section class=\"compatibility-block mb-4\"><div class=\"product-extra-details hide-below-992\"><table class=\"woocommerce-product-attributes\"><tbody><tr><th colspan=\"2\"><span class=\"text-sm font-medium mb-2\">Compatible avec :<\/span><\/th><\/tr><tr><th>Mod\u00e8le du v\u00e9hicule \u2013 Pr\u00e9fixe du ch\u00e2ssis:<\/th><td><a href=\"https:\/\/damicoline.com\/fr\/boutique\/?vx_brand=PIAGGIO&#038;vx_model=PORTER%20Maxxi%201.3%20(2010-2015)&#038;vx_engine=DA471QLR&#038;vx_years=2010-2015\">\ud83d\ude9a PIAGGIO PORTER Maxxi 1.3 (2010-2015) DA471QLR (2010-2015) - ZAPS90DJ, ZAPS90AJ, ZAPS90RJ<\/a><\/td><\/tr><tr><th>Mod\u00e8le du v\u00e9hicule \u2013 Pr\u00e9fixe du ch\u00e2ssis:<\/th><td><a href=\"https:\/\/damicoline.com\/fr\/boutique\/?vx_brand=PIAGGIO&#038;vx_model=PORTER%20Pianale%20piatto\/Telaio%201.3%20(2010-2015)&#038;vx_engine=DA471QLR&#038;vx_years=2010-2015\">\ud83d\ude9a PIAGGIO PORTER Pianale piatto\/Telaio 1.3 (2010-2015) DA471QLR (2010-2015) - ZAPS90CJ, ZAPS90PJ, ZAPS90TJ, ZAPS90VJ<\/a><\/td><\/tr><\/tbody><\/table><\/div><\/section><\/section>\n","protected":false},"excerpt":{"rendered":"<p>Tube en fer sortie pompe \u00e0 eau pour Piaggio Porter Multitech Euro 4 et 5 Tube en fer pour sortie pompe \u00e0 eau compatible avec Piaggio Porter Multitech Euro 4 et Euro 5. Dirige correctement le liquide de refroidissement depuis le corps de la pompe, garantissant une circulation constante et pr\u00e9venant les fuites ou les<\/p>\n<div class=\"klb-readmore button\"><a class=\"btn link\" href=\"https:\/\/damicoline.com\/fr\/produit\/tube-en-fer-sortie-pompe-a-eau-pour-piaggio-porter-multitech-euro-4-et-5\/\">Read More <i class=\"klbth-icon-right-arrow\"><\/i><\/a><\/div>\n","protected":false},"featured_media":15884,"template":"","meta":{"_sitemap_exclude":false,"_sitemap_priority":"","_sitemap_frequency":""},"product_brand":[2672],"product_cat":[402,3389],"product_tag":[3634],"class_list":{"0":"post-15887","1":"product","2":"type-product","3":"status-publish","4":"has-post-thumbnail","6":"product_brand-piaggio","7":"product_cat-systeme-de-refroidissement","8":"product_cat-tuyaux-et-durites","9":"product_tag-b010238","11":"first","12":"outofstock","13":"sale","14":"taxable","15":"shipping-taxable","16":"purchasable","17":"product-type-simple"},"_links":{"self":[{"href":"https:\/\/damicoline.com\/fr\/wp-json\/wp\/v2\/product\/15887","targetHints":{"allow":["GET"]}}],"collection":[{"href":"https:\/\/damicoline.com\/fr\/wp-json\/wp\/v2\/product"}],"about":[{"href":"https:\/\/damicoline.com\/fr\/wp-json\/wp\/v2\/types\/product"}],"wp:featuredmedia":[{"embeddable":true,"href":"https:\/\/damicoline.com\/fr\/wp-json\/wp\/v2\/media\/15884"}],"wp:attachment":[{"href":"https:\/\/damicoline.com\/fr\/wp-json\/wp\/v2\/media?parent=15887"}],"wp:term":[{"taxonomy":"product_brand","embeddable":true,"href":"https:\/\/damicoline.com\/fr\/wp-json\/wp\/v2\/product_brand?post=15887"},{"taxonomy":"product_cat","embeddable":true,"href":"https:\/\/damicoline.com\/fr\/wp-json\/wp\/v2\/product_cat?post=15887"},{"taxonomy":"product_tag","embeddable":true,"href":"https:\/\/damicoline.com\/fr\/wp-json\/wp\/v2\/product_tag?post=15887"}],"curies":[{"name":"wp","href":"https:\/\/api.w.org\/{rel}","templated":true}]}}