{"id":16024,"date":"2026-01-27T12:57:27","date_gmt":"2026-01-27T11:57:27","guid":{"rendered":"https:\/\/damicoline.com\/prodotto\/tubo-ferro-inferiore-radiatore-piaggio-porter-diesel-ldw-1404\/"},"modified":"2026-04-22T15:01:22","modified_gmt":"2026-04-22T13:01:22","slug":"tube-en-fer-inferieur-radiateur-pour-piaggio-porter-diesel-ldw-1404","status":"publish","type":"product","link":"https:\/\/damicoline.com\/fr\/produit\/tube-en-fer-inferieur-radiateur-pour-piaggio-porter-diesel-ldw-1404\/","title":{"rendered":"Tube en fer inf\u00e9rieur radiateur pour Piaggio Porter Diesel LDW-1404"},"content":{"rendered":"<p><strong>Tube en fer inf\u00e9rieur radiateur pour Piaggio Porter Diesel LDW-1404<\/strong><\/p>\n<p>Tube <strong>en fer<\/strong> inf\u00e9rieur du <strong>radiateur<\/strong> compatible avec <strong>Piaggio Porter Diesel<\/strong> motorisation <strong>LDW-1404<\/strong>. Dirige correctement le liquide de refroidissement dans la partie basse du circuit, garantissant une circulation constante et efficace.<\/p>\n<p>R\u00e9alis\u00e9 en mat\u00e9riau m\u00e9tallique r\u00e9sistant \u00e0 des temp\u00e9ratures \u00e9lev\u00e9es et \u00e0 la corrosion, il est id\u00e9al pour le remplacement de tuyaux us\u00e9s ou oxyd\u00e9s. Pi\u00e8ce de rechange fiable pour maintenir le bon fonctionnement du syst\u00e8me de refroidissement.<\/p>\n<div class=\"text-sm text-gray-800 font-medium mb-2\"><div class=\"text-sm text-gray-800 font-medium mb-2\"><strong>Codes de r\u00e9f\u00e9rence:<\/strong> 263908<\/div><\/div>\n<div class=\"oem-box mb-4\"><div class=\"oem-box mb-4\"><p class=\"text-sm text-gray-800 font-medium mb-2\">Type: <strong>D\u2019origine Piaggio<\/strong><\/p><p class=\"text-sm text-gray-700 mb-1\">Composant Piaggio d\u2019origine, con\u00e7u pour un montage et des performances corrects.<\/p><p class=\"text-xs text-gray-500 mt-2\">Les marques appartiennent \u00e0 leurs propri\u00e9taires respectifs.<\/p><\/div><\/div>\n<section class=\"compatibility-block mb-4\"><section class=\"compatibility-block mb-4\"><div class=\"product-extra-details hide-below-992\"><table class=\"woocommerce-product-attributes\"><tbody><tr><th colspan=\"2\"><span class=\"text-sm font-medium mb-2\">Compatible avec :<\/span><\/th><\/tr><tr><th>Mod\u00e8le du v\u00e9hicule \u2013 Pr\u00e9fixe du ch\u00e2ssis:<\/th><td><a href=\"https:\/\/damicoline.com\/fr\/boutique\/?vx_brand=PIAGGIO&#038;vx_model=PORTER%20Pianale%20piatto%201.4%20D%20(1998-2005)&#038;vx_engine=LDW1404\/P&#038;vx_years=1998-2005\">\ud83d\ude9a PIAGGIO PORTER Pianale piatto 1.4 D (1998-2005) LDW1404\/P (1998-2005) - ZAPS&#56;&#53;&#48;&#48;&#48;&#48;&#48;&#52;, ZAPS&#56;&#53;&#48;&#48;&#48;&#48;&#48;&#55;, ZAPS85V00004, ZAPS85V00007<\/a><\/td><\/tr><\/tbody><\/table><\/div><\/section><\/section>\n","protected":false},"excerpt":{"rendered":"<p>Tube en fer inf\u00e9rieur radiateur pour Piaggio Porter Diesel LDW-1404 Tube en fer inf\u00e9rieur du radiateur compatible avec Piaggio Porter Diesel motorisation LDW-1404. Dirige correctement le liquide de refroidissement dans la partie basse du circuit, garantissant une circulation constante et efficace. R\u00e9alis\u00e9 en mat\u00e9riau m\u00e9tallique r\u00e9sistant \u00e0 des temp\u00e9ratures \u00e9lev\u00e9es et \u00e0 la corrosion, il<\/p>\n<div class=\"klb-readmore button\"><a class=\"btn link\" href=\"https:\/\/damicoline.com\/fr\/produit\/tube-en-fer-inferieur-radiateur-pour-piaggio-porter-diesel-ldw-1404\/\">Read More <i class=\"klbth-icon-right-arrow\"><\/i><\/a><\/div>\n","protected":false},"featured_media":16002,"template":"","meta":{"_sitemap_exclude":false,"_sitemap_priority":"","_sitemap_frequency":""},"product_brand":[2672],"product_cat":[402,3389],"product_tag":[3650],"class_list":{"0":"post-16024","1":"product","2":"type-product","3":"status-publish","4":"has-post-thumbnail","6":"product_brand-piaggio","7":"product_cat-systeme-de-refroidissement","8":"product_cat-tuyaux-et-durites","9":"product_tag-3650","11":"first","12":"instock","13":"sale","14":"taxable","15":"shipping-taxable","16":"purchasable","17":"product-type-simple"},"_links":{"self":[{"href":"https:\/\/damicoline.com\/fr\/wp-json\/wp\/v2\/product\/16024","targetHints":{"allow":["GET"]}}],"collection":[{"href":"https:\/\/damicoline.com\/fr\/wp-json\/wp\/v2\/product"}],"about":[{"href":"https:\/\/damicoline.com\/fr\/wp-json\/wp\/v2\/types\/product"}],"wp:featuredmedia":[{"embeddable":true,"href":"https:\/\/damicoline.com\/fr\/wp-json\/wp\/v2\/media\/16002"}],"wp:attachment":[{"href":"https:\/\/damicoline.com\/fr\/wp-json\/wp\/v2\/media?parent=16024"}],"wp:term":[{"taxonomy":"product_brand","embeddable":true,"href":"https:\/\/damicoline.com\/fr\/wp-json\/wp\/v2\/product_brand?post=16024"},{"taxonomy":"product_cat","embeddable":true,"href":"https:\/\/damicoline.com\/fr\/wp-json\/wp\/v2\/product_cat?post=16024"},{"taxonomy":"product_tag","embeddable":true,"href":"https:\/\/damicoline.com\/fr\/wp-json\/wp\/v2\/product_tag?post=16024"}],"curies":[{"name":"wp","href":"https:\/\/api.w.org\/{rel}","templated":true}]}}